{"id":234902,"date":"2025-03-21T14:44:08","date_gmt":"2025-03-21T14:44:08","guid":{"rendered":"https:\/\/aromasentia.com\/product\/large-boxy-hemp-backpack-teal-sage\/"},"modified":"2025-12-30T21:48:15","modified_gmt":"2025-12-30T21:48:15","slug":"mochila-grande-de-canamo-con-forma-cuadrada-azul-verdoso-y-salvia","status":"publish","type":"product","link":"https:\/\/aromasentia.com\/es\/mochila-grande-de-canamo-con-forma-cuadrada-azul-verdoso-y-salvia\/","title":{"rendered":"Mochila Grande de C\u00e1\u00f1amo con Forma Cuadrada &#8211; Azul Verdoso y Salvia"},"content":{"rendered":"<p>Adopta los tonos tierra con la mochila grande de c\u00e1\u00f1amo en forma de caja &#8211; verde azulado y salvia. Esta mochila pr\u00e1ctica y elegante est\u00e1 hecha de c\u00e1\u00f1amo duradero, con una mezcla relajante de verde azulado y verde salvia apagado. Su generoso dise\u00f1o en forma de caja ofrece un amplio espacio de almacenamiento para tus pertenencias, por lo que es ideal para el uso diario o las aventuras de fin de semana. Con sus materiales sostenibles y su comodidad, es una fusi\u00f3n perfecta de conciencia ecol\u00f3gica, funcionalidad y estilo natural discreto.<\/p>\n","protected":false},"excerpt":{"rendered":"<p>Adopta los tonos tierra con la mochila grande de c\u00e1\u00f1amo en forma de caja &#8211; verde azulado y salvia. Esta mochila pr\u00e1ctica y elegante est\u00e1 hecha de c\u00e1\u00f1amo duradero, con una mezcla relajante de verde azulado y verde salvia apagado. Su generoso dise\u00f1o en forma de caja ofrece un amplio espacio de almacenamiento para tus [&hellip;]<\/p>\n","protected":false},"featured_media":322564,"comment_status":"closed","ping_status":"open","template":"","meta":{"_angie_page":false},"product_brand":[],"product_cat":[19726,19658,25828],"product_tag":[],"class_list":{"0":"post-234902","1":"product","2":"type-product","3":"status-publish","4":"has-post-thumbnail","6":"product_cat-bolsas-de-algodon-nepal-y-bandoleras","7":"product_cat-bolsos-y-mochilas","8":"product_cat-mochilas","9":"pa_collection-pure-hemp-and-cotton-bags-es","10":"pa_made-in-nepal","12":"first","13":"instock","14":"purchasable","15":"product-type-simple"},"supplier_id":null,"supplier_sku":"HempB-34","barcode":null,"atum_controlled":true,"out_stock_date":null,"out_stock_threshold":null,"inheritable":false,"inbound_stock":null,"stock_on_hold":0,"sold_today":0,"sales_last_days":0,"reserved_stock":null,"customer_returns":null,"warehouse_damage":null,"lost_in_post":null,"other_logs":null,"out_stock_days":0,"lost_sales":0,"has_location":null,"update_date":"2026-04-27T07:07:42","atum_locations":[],"atum_stock_status":"instock","restock_status":false,"low_stock_amount":"","sales_update_date":"2026-02-06T00:01:26","calc_backorders":null,"_links":{"self":[{"href":"https:\/\/aromasentia.com\/es\/wp-json\/wp\/v2\/product\/234902","targetHints":{"allow":["GET"]}}],"collection":[{"href":"https:\/\/aromasentia.com\/es\/wp-json\/wp\/v2\/product"}],"about":[{"href":"https:\/\/aromasentia.com\/es\/wp-json\/wp\/v2\/types\/product"}],"replies":[{"embeddable":true,"href":"https:\/\/aromasentia.com\/es\/wp-json\/wp\/v2\/comments?post=234902"}],"version-history":[{"count":0,"href":"https:\/\/aromasentia.com\/es\/wp-json\/wp\/v2\/product\/234902\/revisions"}],"wp:featuredmedia":[{"embeddable":true,"href":"https:\/\/aromasentia.com\/es\/wp-json\/wp\/v2\/media\/322564"}],"wp:attachment":[{"href":"https:\/\/aromasentia.com\/es\/wp-json\/wp\/v2\/media?parent=234902"}],"wp:term":[{"taxonomy":"product_brand","embeddable":true,"href":"https:\/\/aromasentia.com\/es\/wp-json\/wp\/v2\/product_brand?post=234902"},{"taxonomy":"product_cat","embeddable":true,"href":"https:\/\/aromasentia.com\/es\/wp-json\/wp\/v2\/product_cat?post=234902"},{"taxonomy":"product_tag","embeddable":true,"href":"https:\/\/aromasentia.com\/es\/wp-json\/wp\/v2\/product_tag?post=234902"}],"curies":[{"name":"wp","href":"https:\/\/api.w.org\/{rel}","templated":true}]}}