{"id":234806,"date":"2025-03-21T14:44:12","date_gmt":"2025-03-21T14:44:12","guid":{"rendered":"https:\/\/aromasentia.com\/product\/extra-pure-hemp-bum-fanny-bag\/"},"modified":"2025-12-30T21:47:51","modified_gmt":"2025-12-30T21:47:51","slug":"rinonera-de-canamo","status":"publish","type":"product","link":"https:\/\/aromasentia.com\/es\/rinonera-de-canamo\/","title":{"rendered":"Ri\u00f1onera de C\u00e1\u00f1amo"},"content":{"rendered":"<p>P\u00e1sate a lo natural con esta ri\u00f1onera de c\u00e1\u00f1amo extra puro. Fabricada con c\u00e1\u00f1amo 100% puro, esta ri\u00f1onera hace hincapi\u00e9 en la sostenibilidad y la durabilidad. Su robusta construcci\u00f3n y sus fibras naturales la convierten en una opci\u00f3n excepcionalmente ecol\u00f3gica para llevar tus objetos esenciales con las manos libres. Perfecta para las personas concienciadas con el medio ambiente, ofrece un atractivo r\u00fastico y terrenal combinado con la comodidad pr\u00e1ctica de una ri\u00f1onera para todas tus aventuras, grandes o peque\u00f1as, garantizando la seguridad de tus objetos.<\/p>\n","protected":false},"excerpt":{"rendered":"<p>P\u00e1sate a lo natural con esta ri\u00f1onera de c\u00e1\u00f1amo extra puro. Fabricada con c\u00e1\u00f1amo 100% puro, esta ri\u00f1onera hace hincapi\u00e9 en la sostenibilidad y la durabilidad. Su robusta construcci\u00f3n y sus fibras naturales la convierten en una opci\u00f3n excepcionalmente ecol\u00f3gica para llevar tus objetos esenciales con las manos libres. Perfecta para las personas concienciadas con [&hellip;]<\/p>\n","protected":false},"featured_media":322980,"comment_status":"closed","ping_status":"open","template":"","meta":{"_angie_page":false},"product_brand":[],"product_cat":[19726,19658],"product_tag":[],"class_list":{"0":"post-234806","1":"product","2":"type-product","3":"status-publish","4":"has-post-thumbnail","6":"product_cat-bolsas-de-algodon-nepal-y-bandoleras","7":"product_cat-bolsos-y-mochilas","8":"pa_collection-pure-hemp-and-cotton-bags-es","9":"pa_made-in-nepal","11":"first","12":"instock","13":"purchasable","14":"product-type-simple"},"supplier_id":null,"supplier_sku":"HempB-50","barcode":null,"atum_controlled":true,"out_stock_date":null,"out_stock_threshold":null,"inheritable":false,"inbound_stock":null,"stock_on_hold":0,"sold_today":0,"sales_last_days":0,"reserved_stock":null,"customer_returns":null,"warehouse_damage":null,"lost_in_post":null,"other_logs":null,"out_stock_days":0,"lost_sales":0,"has_location":null,"update_date":"2026-04-27T07:07:04","atum_locations":[],"atum_stock_status":"instock","restock_status":false,"low_stock_amount":"","sales_update_date":"2026-01-30T01:24:47","calc_backorders":null,"_links":{"self":[{"href":"https:\/\/aromasentia.com\/es\/wp-json\/wp\/v2\/product\/234806","targetHints":{"allow":["GET"]}}],"collection":[{"href":"https:\/\/aromasentia.com\/es\/wp-json\/wp\/v2\/product"}],"about":[{"href":"https:\/\/aromasentia.com\/es\/wp-json\/wp\/v2\/types\/product"}],"replies":[{"embeddable":true,"href":"https:\/\/aromasentia.com\/es\/wp-json\/wp\/v2\/comments?post=234806"}],"version-history":[{"count":0,"href":"https:\/\/aromasentia.com\/es\/wp-json\/wp\/v2\/product\/234806\/revisions"}],"wp:featuredmedia":[{"embeddable":true,"href":"https:\/\/aromasentia.com\/es\/wp-json\/wp\/v2\/media\/322980"}],"wp:attachment":[{"href":"https:\/\/aromasentia.com\/es\/wp-json\/wp\/v2\/media?parent=234806"}],"wp:term":[{"taxonomy":"product_brand","embeddable":true,"href":"https:\/\/aromasentia.com\/es\/wp-json\/wp\/v2\/product_brand?post=234806"},{"taxonomy":"product_cat","embeddable":true,"href":"https:\/\/aromasentia.com\/es\/wp-json\/wp\/v2\/product_cat?post=234806"},{"taxonomy":"product_tag","embeddable":true,"href":"https:\/\/aromasentia.com\/es\/wp-json\/wp\/v2\/product_tag?post=234806"}],"curies":[{"name":"wp","href":"https:\/\/api.w.org\/{rel}","templated":true}]}}