{"id":234802,"date":"2025-03-21T14:44:12","date_gmt":"2025-03-21T14:44:12","guid":{"rendered":"https:\/\/aromasentia.com\/product\/cotton-hemp-style-belt-or-fanny-bag-blue\/"},"modified":"2025-12-30T21:47:51","modified_gmt":"2025-12-30T21:47:51","slug":"rinonera-de-canamo-y-algodon-azul","status":"publish","type":"product","link":"https:\/\/aromasentia.com\/es\/rinonera-de-canamo-y-algodon-azul\/","title":{"rendered":"Ri\u00f1onera de C\u00e1\u00f1amo y Algod\u00f3n &#8211; Azul"},"content":{"rendered":"<p>Lleva siempre contigo lo esencial con esta ri\u00f1onera de c\u00e1\u00f1amo azul. Esta pr\u00e1ctica ri\u00f1onera, en un vers\u00e1til tono azul, combina la comodidad informal del algod\u00f3n con una est\u00e9tica resistente inspirada en el c\u00e1\u00f1amo. Dise\u00f1ada para llevarla alrededor de la cintura, sujeta con seguridad el tel\u00e9fono, las llaves y otros objetos peque\u00f1os, dejando las manos libres. Un compa\u00f1ero ideal para festivales, paseos o para el d\u00eda a d\u00eda, que ofrece un pr\u00e1ctico almacenamiento con un toque de estilo fresco y desenfadado.<\/p>\n","protected":false},"excerpt":{"rendered":"<p>Lleva siempre contigo lo esencial con esta ri\u00f1onera de c\u00e1\u00f1amo azul. Esta pr\u00e1ctica ri\u00f1onera, en un vers\u00e1til tono azul, combina la comodidad informal del algod\u00f3n con una est\u00e9tica resistente inspirada en el c\u00e1\u00f1amo. Dise\u00f1ada para llevarla alrededor de la cintura, sujeta con seguridad el tel\u00e9fono, las llaves y otros objetos peque\u00f1os, dejando las manos libres. [&hellip;]<\/p>\n","protected":false},"featured_media":322963,"comment_status":"closed","ping_status":"open","template":"","meta":{"_angie_page":false},"product_brand":[],"product_cat":[19726,19658],"product_tag":[],"class_list":{"0":"post-234802","1":"product","2":"type-product","3":"status-publish","4":"has-post-thumbnail","6":"product_cat-bolsas-de-algodon-nepal-y-bandoleras","7":"product_cat-bolsos-y-mochilas","8":"pa_collection-pure-hemp-and-cotton-bags-es","9":"pa_made-in-nepal","11":"first","12":"instock","13":"purchasable","14":"product-type-simple"},"supplier_id":null,"supplier_sku":"HempB-49","barcode":null,"atum_controlled":true,"out_stock_date":null,"out_stock_threshold":null,"inheritable":false,"inbound_stock":null,"stock_on_hold":0,"sold_today":0,"sales_last_days":0,"reserved_stock":null,"customer_returns":null,"warehouse_damage":null,"lost_in_post":null,"other_logs":null,"out_stock_days":0,"lost_sales":0,"has_location":null,"update_date":"2026-05-08T05:10:48","atum_locations":[],"atum_stock_status":"instock","restock_status":false,"low_stock_amount":"","sales_update_date":"2026-01-30T01:24:31","calc_backorders":null,"_links":{"self":[{"href":"https:\/\/aromasentia.com\/es\/wp-json\/wp\/v2\/product\/234802","targetHints":{"allow":["GET"]}}],"collection":[{"href":"https:\/\/aromasentia.com\/es\/wp-json\/wp\/v2\/product"}],"about":[{"href":"https:\/\/aromasentia.com\/es\/wp-json\/wp\/v2\/types\/product"}],"replies":[{"embeddable":true,"href":"https:\/\/aromasentia.com\/es\/wp-json\/wp\/v2\/comments?post=234802"}],"version-history":[{"count":0,"href":"https:\/\/aromasentia.com\/es\/wp-json\/wp\/v2\/product\/234802\/revisions"}],"wp:featuredmedia":[{"embeddable":true,"href":"https:\/\/aromasentia.com\/es\/wp-json\/wp\/v2\/media\/322963"}],"wp:attachment":[{"href":"https:\/\/aromasentia.com\/es\/wp-json\/wp\/v2\/media?parent=234802"}],"wp:term":[{"taxonomy":"product_brand","embeddable":true,"href":"https:\/\/aromasentia.com\/es\/wp-json\/wp\/v2\/product_brand?post=234802"},{"taxonomy":"product_cat","embeddable":true,"href":"https:\/\/aromasentia.com\/es\/wp-json\/wp\/v2\/product_cat?post=234802"},{"taxonomy":"product_tag","embeddable":true,"href":"https:\/\/aromasentia.com\/es\/wp-json\/wp\/v2\/product_tag?post=234802"}],"curies":[{"name":"wp","href":"https:\/\/api.w.org\/{rel}","templated":true}]}}