{"id":234794,"date":"2025-03-21T14:44:12","date_gmt":"2025-03-21T14:44:12","guid":{"rendered":"https:\/\/aromasentia.com\/product\/cotton-hemp-style-belt-or-fanny-bag-sage\/"},"modified":"2025-12-30T21:47:51","modified_gmt":"2025-12-30T21:47:51","slug":"rinonera-de-canamo-y-algodon-salvia","status":"publish","type":"product","link":"https:\/\/aromasentia.com\/es\/rinonera-de-canamo-y-algodon-salvia\/","title":{"rendered":"Ri\u00f1onera de C\u00e1\u00f1amo y Algod\u00f3n &#8211; Salvia"},"content":{"rendered":"<p>Lleva tus cosas con facilidad en esta ri\u00f1onera de algod\u00f3n estilo c\u00e1\u00f1amo &#8211; Sage. Esta funcional ri\u00f1onera, en un relajante color verde salvia, ofrece una mezcla de comodidad de algod\u00f3n y durabilidad similar al c\u00e1\u00f1amo. Dise\u00f1ada para llevarla alrededor de la cintura, mantiene el tel\u00e9fono, la cartera y las llaves seguros y a mano. Ideal para d\u00edas activos, viajes o cualquier momento en el que quieras tener las manos libres, combina un dise\u00f1o pr\u00e1ctico con un toque de color terroso y natural.<\/p>\n","protected":false},"excerpt":{"rendered":"<p>Lleva tus cosas con facilidad en esta ri\u00f1onera de algod\u00f3n estilo c\u00e1\u00f1amo &#8211; Sage. Esta funcional ri\u00f1onera, en un relajante color verde salvia, ofrece una mezcla de comodidad de algod\u00f3n y durabilidad similar al c\u00e1\u00f1amo. Dise\u00f1ada para llevarla alrededor de la cintura, mantiene el tel\u00e9fono, la cartera y las llaves seguros y a mano. Ideal [&hellip;]<\/p>\n","protected":false},"featured_media":322929,"comment_status":"closed","ping_status":"open","template":"","meta":{"_angie_page":false},"product_brand":[],"product_cat":[19726,19658],"product_tag":[],"class_list":{"0":"post-234794","1":"product","2":"type-product","3":"status-publish","4":"has-post-thumbnail","6":"product_cat-bolsas-de-algodon-nepal-y-bandoleras","7":"product_cat-bolsos-y-mochilas","8":"pa_collection-pure-hemp-and-cotton-bags-es","9":"pa_made-in-nepal","11":"first","12":"instock","13":"purchasable","14":"product-type-simple"},"supplier_id":null,"supplier_sku":"HempB-47","barcode":null,"atum_controlled":true,"out_stock_date":null,"out_stock_threshold":null,"inheritable":false,"inbound_stock":null,"stock_on_hold":0,"sold_today":0,"sales_last_days":0,"reserved_stock":null,"customer_returns":null,"warehouse_damage":null,"lost_in_post":null,"other_logs":null,"out_stock_days":0,"lost_sales":0,"has_location":null,"update_date":"2026-04-27T07:07:04","atum_locations":[],"atum_stock_status":"instock","restock_status":false,"low_stock_amount":"","sales_update_date":"2026-01-30T01:24:48","calc_backorders":null,"_links":{"self":[{"href":"https:\/\/aromasentia.com\/es\/wp-json\/wp\/v2\/product\/234794","targetHints":{"allow":["GET"]}}],"collection":[{"href":"https:\/\/aromasentia.com\/es\/wp-json\/wp\/v2\/product"}],"about":[{"href":"https:\/\/aromasentia.com\/es\/wp-json\/wp\/v2\/types\/product"}],"replies":[{"embeddable":true,"href":"https:\/\/aromasentia.com\/es\/wp-json\/wp\/v2\/comments?post=234794"}],"version-history":[{"count":0,"href":"https:\/\/aromasentia.com\/es\/wp-json\/wp\/v2\/product\/234794\/revisions"}],"wp:featuredmedia":[{"embeddable":true,"href":"https:\/\/aromasentia.com\/es\/wp-json\/wp\/v2\/media\/322929"}],"wp:attachment":[{"href":"https:\/\/aromasentia.com\/es\/wp-json\/wp\/v2\/media?parent=234794"}],"wp:term":[{"taxonomy":"product_brand","embeddable":true,"href":"https:\/\/aromasentia.com\/es\/wp-json\/wp\/v2\/product_brand?post=234794"},{"taxonomy":"product_cat","embeddable":true,"href":"https:\/\/aromasentia.com\/es\/wp-json\/wp\/v2\/product_cat?post=234794"},{"taxonomy":"product_tag","embeddable":true,"href":"https:\/\/aromasentia.com\/es\/wp-json\/wp\/v2\/product_tag?post=234794"}],"curies":[{"name":"wp","href":"https:\/\/api.w.org\/{rel}","templated":true}]}}