{"id":234614,"date":"2025-03-21T14:44:30","date_gmt":"2025-03-21T14:44:30","guid":{"rendered":"https:\/\/aromasentia.com\/product\/canvas-large-laptop-pouch-olive-30x40cm\/"},"modified":"2025-12-30T21:47:19","modified_gmt":"2025-12-30T21:47:19","slug":"funda-grande-para-portatil-oliva","status":"publish","type":"product","link":"https:\/\/aromasentia.com\/es\/funda-grande-para-portatil-oliva\/","title":{"rendered":"Funda Grande para Port\u00e1til &#8211; Oliva"},"content":{"rendered":"<p><strong>Bolsa de lona para tableta al por mayor<\/strong> &#8211; Verde oliva \u00bfBusca una forma elegante y pr\u00e1ctica de proteger su tableta? Esta<strong>&#038;nbspbolsa de lona para tableta en elegante verde oliva<\/strong>, orgullosamente fabricada en la India, es la elecci\u00f3n perfecta para tu colecci\u00f3n de tiendas. Dise\u00f1ado con la comodidad y la sofisticaci\u00f3n en mente, es ideal para cualquier persona con un estilo de vida acelerado, on-the-go.&nbsp;<\/p>\n<p>Dise\u00f1o de acceso r\u00e1pido:<strong>&nbsp;Deslice sin esfuerzo su tableta dentro y fuera<\/strong>, manteniendo el dispositivo siempre a su alcance.<\/p>\n<p>Fina y port\u00e1til:<strong> <\/strong>Ligera y compacta<\/strong>, esta funda es f\u00e1cil de llevar sola o en una mochila, bolso o malet\u00edn.<\/p>\n<p>Bolsillo lateral adicional: Mant\u00e9ngase organizado con espacio adicional para guardar smartphones, bol\u00edgrafos, cargadores, cables u otros accesorios. Tanto si sus clientes se desplazan al trabajo, como si viajan o trabajan a distancia, esta bolsa garantiza que su tableta est\u00e9 segura y que sus objetos esenciales est\u00e9n siempre a mano.&nbsp;<\/p>\n<p><strong>Imprescindible para tiendas de art\u00edculos de regalo y regalos bien pensados<\/strong> Elegante y vers\u00e1til, esta bolsa es un complemento imprescindible para cualquier colecci\u00f3n de art\u00edculos de regalo al por mayor o una opci\u00f3n de regalo bien pensada para amigos, familiares o compa\u00f1eros.&nbsp;<\/p>\n<p><strong>Abast\u00e9cete hoy mismo de la Funda de Lona Verde Oliva para Tablet en tu tienda!<\/strong><\/p>\n","protected":false},"excerpt":{"rendered":"<p>Bolsa de lona para tableta al por mayor &#8211; Verde oliva \u00bfBusca una forma elegante y pr\u00e1ctica de proteger su tableta? Esta&#038;nbspbolsa de lona para tableta en elegante verde oliva, orgullosamente fabricada en la India, es la elecci\u00f3n perfecta para tu colecci\u00f3n de tiendas. Dise\u00f1ado con la comodidad y la sofisticaci\u00f3n en mente, es ideal [&hellip;]<\/p>\n","protected":false},"featured_media":325075,"comment_status":"closed","ping_status":"open","template":"","meta":[],"product_brand":[],"product_cat":[19657,19658],"product_tag":[],"class_list":{"0":"post-234614","1":"product","2":"type-product","3":"status-publish","4":"has-post-thumbnail","6":"product_cat-bolsas-ecologicas","7":"product_cat-bolsos-y-mochilas","8":"pa_collection-laptop-tablet-pouches-es","9":"pa_made-in-india","11":"first","12":"instock","13":"purchasable","14":"product-type-simple"},"supplier_id":null,"supplier_sku":"LTB-09","barcode":null,"atum_controlled":true,"out_stock_date":null,"out_stock_threshold":null,"inheritable":false,"inbound_stock":null,"stock_on_hold":0,"sold_today":0,"sales_last_days":0,"reserved_stock":null,"customer_returns":null,"warehouse_damage":null,"lost_in_post":null,"other_logs":null,"out_stock_days":0,"lost_sales":0,"has_location":null,"update_date":"2026-02-02T14:19:43","atum_locations":[],"atum_stock_status":"instock","restock_status":false,"low_stock_amount":"","sales_update_date":"2026-01-30T01:25:30","calc_backorders":null,"_links":{"self":[{"href":"https:\/\/aromasentia.com\/es\/wp-json\/wp\/v2\/product\/234614","targetHints":{"allow":["GET"]}}],"collection":[{"href":"https:\/\/aromasentia.com\/es\/wp-json\/wp\/v2\/product"}],"about":[{"href":"https:\/\/aromasentia.com\/es\/wp-json\/wp\/v2\/types\/product"}],"replies":[{"embeddable":true,"href":"https:\/\/aromasentia.com\/es\/wp-json\/wp\/v2\/comments?post=234614"}],"version-history":[{"count":0,"href":"https:\/\/aromasentia.com\/es\/wp-json\/wp\/v2\/product\/234614\/revisions"}],"wp:featuredmedia":[{"embeddable":true,"href":"https:\/\/aromasentia.com\/es\/wp-json\/wp\/v2\/media\/325075"}],"wp:attachment":[{"href":"https:\/\/aromasentia.com\/es\/wp-json\/wp\/v2\/media?parent=234614"}],"wp:term":[{"taxonomy":"product_brand","embeddable":true,"href":"https:\/\/aromasentia.com\/es\/wp-json\/wp\/v2\/product_brand?post=234614"},{"taxonomy":"product_cat","embeddable":true,"href":"https:\/\/aromasentia.com\/es\/wp-json\/wp\/v2\/product_cat?post=234614"},{"taxonomy":"product_tag","embeddable":true,"href":"https:\/\/aromasentia.com\/es\/wp-json\/wp\/v2\/product_tag?post=234614"}],"curies":[{"name":"wp","href":"https:\/\/api.w.org\/{rel}","templated":true}]}}