{"id":234606,"date":"2025-03-21T14:44:30","date_gmt":"2025-03-21T14:44:30","guid":{"rendered":"https:\/\/aromasentia.com\/product\/canvas-large-laptop-pouch-orange-30x40cm\/"},"modified":"2025-12-30T21:47:11","modified_gmt":"2025-12-30T21:47:11","slug":"funda-grande-para-portatil-naranja","status":"publish","type":"product","link":"https:\/\/aromasentia.com\/es\/funda-grande-para-portatil-naranja\/","title":{"rendered":"Funda Grande para Port\u00e1til &#8211; Naranja"},"content":{"rendered":"<p><strong>Funda de lona al por mayor para tableta &#8211; Color naranja vibrante<\/strong>. Buscas una forma elegante y pr\u00e1ctica de proteger tu tablet? Esta <strong>Bolsa de lona para tableta<\/strong> de color naranja vibrante, fabricada con orgullo en la India, es la opci\u00f3n ideal. Dise\u00f1ada pensando en la comodidad y la elegancia, es perfecta para cualquier persona con un estilo de vida acelerado y en movimiento.<\/p>\n<p>Dise\u00f1o de acceso r\u00e1pido: Deslice sin esfuerzo su tableta dentro y fuera, asegurando que su dispositivo est\u00e1 siempre a su alcance.&nbsp;<\/p>\n<p>Slim &amp; Portable: Su dise\u00f1o ligero y compacto hace que sea f\u00e1cil de llevar por s\u00ed solo o meter en su mochila, bolso o malet\u00edn.&nbsp;<\/p>\n<p>Bolsillo lateral adicional: Mantenga sus objetos esenciales organizados y accesibles&mdash;perfecto para guardar un smartphone, bol\u00edgrafos, cargadores, cables u otros accesorios. Tanto si sus clientes se desplazan al trabajo, viajan o trabajan a distancia, esta bolsa garantiza que su tableta est\u00e9 segura y sus objetos esenciales al alcance de la mano.<\/p>\n<p>Imprescindible para tiendas de art\u00edculos de regalo y regalos bien pensados Brillante y vers\u00e1til, esta <strong>bolsa es un excelente complemento para cualquier tienda de art\u00edculos de regalo<\/strong> o un regalo bien pensado para amigos, familiares o compa\u00f1eros.<\/p>\n<p><strong>Bolsa de regalo<\/strong>.<\/p>\n","protected":false},"excerpt":{"rendered":"<p>Funda de lona al por mayor para tableta &#8211; Color naranja vibrante. Buscas una forma elegante y pr\u00e1ctica de proteger tu tablet? Esta Bolsa de lona para tableta de color naranja vibrante, fabricada con orgullo en la India, es la opci\u00f3n ideal. Dise\u00f1ada pensando en la comodidad y la elegancia, es perfecta para cualquier persona [&hellip;]<\/p>\n","protected":false},"featured_media":325057,"comment_status":"closed","ping_status":"open","template":"","meta":{"_angie_page":false},"product_brand":[],"product_cat":[19657,19658],"product_tag":[],"class_list":{"0":"post-234606","1":"product","2":"type-product","3":"status-publish","4":"has-post-thumbnail","6":"product_cat-bolsas-ecologicas","7":"product_cat-bolsos-y-mochilas","8":"pa_collection-laptop-tablet-pouches-es","9":"pa_made-in-india","11":"first","12":"instock","13":"purchasable","14":"product-type-simple"},"supplier_id":null,"supplier_sku":"LTB-07","barcode":null,"atum_controlled":true,"out_stock_date":null,"out_stock_threshold":null,"inheritable":false,"inbound_stock":null,"stock_on_hold":0,"sold_today":0,"sales_last_days":0,"reserved_stock":null,"customer_returns":null,"warehouse_damage":null,"lost_in_post":null,"other_logs":null,"out_stock_days":0,"lost_sales":0,"has_location":null,"update_date":"2026-04-27T07:11:30","atum_locations":[],"atum_stock_status":"instock","restock_status":false,"low_stock_amount":"","sales_update_date":"2026-01-30T01:26:29","calc_backorders":null,"_links":{"self":[{"href":"https:\/\/aromasentia.com\/es\/wp-json\/wp\/v2\/product\/234606","targetHints":{"allow":["GET"]}}],"collection":[{"href":"https:\/\/aromasentia.com\/es\/wp-json\/wp\/v2\/product"}],"about":[{"href":"https:\/\/aromasentia.com\/es\/wp-json\/wp\/v2\/types\/product"}],"replies":[{"embeddable":true,"href":"https:\/\/aromasentia.com\/es\/wp-json\/wp\/v2\/comments?post=234606"}],"version-history":[{"count":0,"href":"https:\/\/aromasentia.com\/es\/wp-json\/wp\/v2\/product\/234606\/revisions"}],"wp:featuredmedia":[{"embeddable":true,"href":"https:\/\/aromasentia.com\/es\/wp-json\/wp\/v2\/media\/325057"}],"wp:attachment":[{"href":"https:\/\/aromasentia.com\/es\/wp-json\/wp\/v2\/media?parent=234606"}],"wp:term":[{"taxonomy":"product_brand","embeddable":true,"href":"https:\/\/aromasentia.com\/es\/wp-json\/wp\/v2\/product_brand?post=234606"},{"taxonomy":"product_cat","embeddable":true,"href":"https:\/\/aromasentia.com\/es\/wp-json\/wp\/v2\/product_cat?post=234606"},{"taxonomy":"product_tag","embeddable":true,"href":"https:\/\/aromasentia.com\/es\/wp-json\/wp\/v2\/product_tag?post=234606"}],"curies":[{"name":"wp","href":"https:\/\/api.w.org\/{rel}","templated":true}]}}