{"id":234494,"date":"2025-03-21T14:44:35","date_gmt":"2025-03-21T14:44:35","guid":{"rendered":"https:\/\/aromasentia.com\/product\/peacock-classic-mandela-sarong\/"},"modified":"2025-12-30T21:46:55","modified_gmt":"2025-12-30T21:46:55","slug":"pareo-con-diseno-mandala-azul-truquesa","status":"publish","type":"product","link":"https:\/\/aromasentia.com\/es\/pareo-con-diseno-mandala-azul-truquesa\/","title":{"rendered":"Pareo con dise\u00f1o Mandala &#8211; Azul Truquesa"},"content":{"rendered":"<p style=\"text-align: justify;\">Estamos encantados de presentar la nueva gama de <strong>Parongos Bali Peacock Classic Mandala al por mayor.<\/strong> Estos pareos se hicieron en un tama\u00f1o perfecto para envolver alrededor de la cintura, tambi\u00e9n puede ser a la vez deportivo y elegante, perfecto para ser usado para cualquier ocasi\u00f3n, especialmente como un accesorio de ropa de playa.<\/p>\n<p style=\"text-align: justify;\">Con el verano acerc\u00e1ndose y las noches fr\u00edas, estos pareos definitivamente se vender\u00e1n, son ligeros, port\u00e1tiles y a la moda. A sus clientes les encantar\u00e1n.<\/p>\n<p style=\"text-align: justify;\">Los pareos Bali Mandala est\u00e1n disponibles en seis dise\u00f1os diferentes. Cada dise\u00f1o viene en un paquete de 2 piezas. El material de los pa\u00f1uelos\/sarongs es 100% ray\u00f3n.<\/p>\n<p style=\"text-align: justify;\"><strong>Tama\u00f1o: Largo 140cm, Ancho 100cm<\/strong><\/p>\n","protected":false},"excerpt":{"rendered":"<p>Estamos encantados de presentar la nueva gama de Parongos Bali Peacock Classic Mandala al por mayor. Estos pareos se hicieron en un tama\u00f1o perfecto para envolver alrededor de la cintura, tambi\u00e9n puede ser a la vez deportivo y elegante, perfecto para ser usado para cualquier ocasi\u00f3n, especialmente como un accesorio de ropa de playa. Con [&hellip;]<\/p>\n","protected":false},"featured_media":325381,"comment_status":"closed","ping_status":"open","template":"","meta":{"_angie_page":false},"product_brand":[],"product_cat":[25837,26629],"product_tag":[],"class_list":{"0":"post-234494","1":"product","2":"type-product","3":"status-publish","4":"has-post-thumbnail","6":"product_cat-ropa","7":"product_cat-sarongs","8":"pa_collection-mandala-sarongs-es","9":"pa_made-in-indonesia","11":"first","12":"instock","13":"purchasable","14":"product-type-simple"},"supplier_id":null,"supplier_sku":"MANT-04","barcode":null,"atum_controlled":true,"out_stock_date":null,"out_stock_threshold":null,"inheritable":false,"inbound_stock":null,"stock_on_hold":0,"sold_today":0,"sales_last_days":0,"reserved_stock":null,"customer_returns":null,"warehouse_damage":null,"lost_in_post":null,"other_logs":null,"out_stock_days":0,"lost_sales":0,"has_location":null,"update_date":"2026-02-06T00:02:29","atum_locations":[],"atum_stock_status":"instock","restock_status":false,"low_stock_amount":"","sales_update_date":"2026-02-06T00:02:29","calc_backorders":null,"_links":{"self":[{"href":"https:\/\/aromasentia.com\/es\/wp-json\/wp\/v2\/product\/234494","targetHints":{"allow":["GET"]}}],"collection":[{"href":"https:\/\/aromasentia.com\/es\/wp-json\/wp\/v2\/product"}],"about":[{"href":"https:\/\/aromasentia.com\/es\/wp-json\/wp\/v2\/types\/product"}],"replies":[{"embeddable":true,"href":"https:\/\/aromasentia.com\/es\/wp-json\/wp\/v2\/comments?post=234494"}],"version-history":[{"count":0,"href":"https:\/\/aromasentia.com\/es\/wp-json\/wp\/v2\/product\/234494\/revisions"}],"wp:featuredmedia":[{"embeddable":true,"href":"https:\/\/aromasentia.com\/es\/wp-json\/wp\/v2\/media\/325381"}],"wp:attachment":[{"href":"https:\/\/aromasentia.com\/es\/wp-json\/wp\/v2\/media?parent=234494"}],"wp:term":[{"taxonomy":"product_brand","embeddable":true,"href":"https:\/\/aromasentia.com\/es\/wp-json\/wp\/v2\/product_brand?post=234494"},{"taxonomy":"product_cat","embeddable":true,"href":"https:\/\/aromasentia.com\/es\/wp-json\/wp\/v2\/product_cat?post=234494"},{"taxonomy":"product_tag","embeddable":true,"href":"https:\/\/aromasentia.com\/es\/wp-json\/wp\/v2\/product_tag?post=234494"}],"curies":[{"name":"wp","href":"https:\/\/api.w.org\/{rel}","templated":true}]}}