{"id":234470,"date":"2025-03-21T14:44:41","date_gmt":"2025-03-21T14:44:41","guid":{"rendered":"https:\/\/aromasentia.com\/product\/lrg-nepal-sling-bag-adjustable-strap-mountain-granite\/"},"modified":"2025-12-30T21:46:47","modified_gmt":"2025-12-30T21:46:47","slug":"bolso-de-nepal-correa-ajustable-granito-de-montana","status":"publish","type":"product","link":"https:\/\/aromasentia.com\/es\/bolso-de-nepal-correa-ajustable-granito-de-montana\/","title":{"rendered":"Bolso de Nepal (correa ajustable) &#8211; Granito de Monta\u00f1a"},"content":{"rendered":"<h5><strong>Bolsa bandolera al por mayor para Nepal &#8211; Granito de monta\u00f1a<\/strong><\/h5>\n<p>Esta bolsa es perfecta para el uso diario, y seguro que atraer\u00e1 todas las miradas all\u00e1 donde vayan sus clientes. La correa ajustable hace que sea c\u00f3modo de llevar, y los m\u00faltiples compartimentos mantenerlos organizados. El bolsillo exterior es perfecto para guardar peque\u00f1os objetos de acceso r\u00e1pido, como el tel\u00e9fono o las llaves. El compartimento principal es lo suficientemente grande para guardar todos sus objetos esenciales, como la cartera y las gafas de sol.<\/p>\n<p><strong>Color:<\/strong> Granito de monta\u00f1a<\/p>\n<p><strong>Correa ajustable:<\/strong> aprox. 60cm &#8211; 118 cm<\/p>\n<p>Cierre de cremallera<\/p>\n<p>Un compartimento principal<\/p>\n<p>Un bolsillo exterior<\/p>\n<p><strong>Dimensiones:&nbsp;<\/strong>25 cm de ancho, 26 cm de alto y 7 cm de profundidad<\/p>\n<p><strong>Material:<\/strong> Algod\u00f3n<\/p>\n<p>Al almacenar la Bolsa Nepal Sling &#8211; Mountain Granite puedes ofrecer a tu cliente un producto moderno y pr\u00e1ctico. Su combinaci\u00f3n \u00fanica de estilo, sostenibilidad y funcionalidad la convierte en una valiosa adici\u00f3n a cualquier tienda que busque mantenerse a la vanguardia.<\/p>\n<p><strong>Bolsa Nepal Sling &#8211; Granito de monta\u00f1a<\/strong>.<\/p>\n","protected":false},"excerpt":{"rendered":"<p>Bolsa bandolera al por mayor para Nepal &#8211; Granito de monta\u00f1a Esta bolsa es perfecta para el uso diario, y seguro que atraer\u00e1 todas las miradas all\u00e1 donde vayan sus clientes. La correa ajustable hace que sea c\u00f3modo de llevar, y los m\u00faltiples compartimentos mantenerlos organizados. El bolsillo exterior es perfecto para guardar peque\u00f1os objetos [&hellip;]<\/p>\n","protected":false},"featured_media":326111,"comment_status":"closed","ping_status":"open","template":"","meta":{"_angie_page":false},"product_brand":[],"product_cat":[19726,19658,26080],"product_tag":[],"class_list":{"0":"post-234470","1":"product","2":"type-product","3":"status-publish","4":"has-post-thumbnail","6":"product_cat-bolsas-de-algodon-nepal-y-bandoleras","7":"product_cat-bolsos-y-mochilas","8":"product_cat-sling-bags","9":"pa_collection-nepal-sling-bags-es","10":"pa_made-in-india","12":"first","13":"instock","14":"purchasable","15":"product-type-simple"},"supplier_id":null,"supplier_sku":"NSBag-16","barcode":null,"atum_controlled":true,"out_stock_date":null,"out_stock_threshold":null,"inheritable":false,"inbound_stock":null,"stock_on_hold":0,"sold_today":0,"sales_last_days":0,"reserved_stock":null,"customer_returns":null,"warehouse_damage":null,"lost_in_post":null,"other_logs":null,"out_stock_days":0,"lost_sales":0,"has_location":null,"update_date":"2026-04-27T07:15:48","atum_locations":[],"atum_stock_status":"instock","restock_status":false,"low_stock_amount":"","sales_update_date":"2026-01-30T01:26:12","calc_backorders":null,"_links":{"self":[{"href":"https:\/\/aromasentia.com\/es\/wp-json\/wp\/v2\/product\/234470","targetHints":{"allow":["GET"]}}],"collection":[{"href":"https:\/\/aromasentia.com\/es\/wp-json\/wp\/v2\/product"}],"about":[{"href":"https:\/\/aromasentia.com\/es\/wp-json\/wp\/v2\/types\/product"}],"replies":[{"embeddable":true,"href":"https:\/\/aromasentia.com\/es\/wp-json\/wp\/v2\/comments?post=234470"}],"version-history":[{"count":0,"href":"https:\/\/aromasentia.com\/es\/wp-json\/wp\/v2\/product\/234470\/revisions"}],"wp:featuredmedia":[{"embeddable":true,"href":"https:\/\/aromasentia.com\/es\/wp-json\/wp\/v2\/media\/326111"}],"wp:attachment":[{"href":"https:\/\/aromasentia.com\/es\/wp-json\/wp\/v2\/media?parent=234470"}],"wp:term":[{"taxonomy":"product_brand","embeddable":true,"href":"https:\/\/aromasentia.com\/es\/wp-json\/wp\/v2\/product_brand?post=234470"},{"taxonomy":"product_cat","embeddable":true,"href":"https:\/\/aromasentia.com\/es\/wp-json\/wp\/v2\/product_cat?post=234470"},{"taxonomy":"product_tag","embeddable":true,"href":"https:\/\/aromasentia.com\/es\/wp-json\/wp\/v2\/product_tag?post=234470"}],"curies":[{"name":"wp","href":"https:\/\/api.w.org\/{rel}","templated":true}]}}