{"id":234322,"date":"2025-03-21T14:44:48","date_gmt":"2025-03-21T14:44:48","guid":{"rendered":"https:\/\/aromasentia.com\/product\/lrg-nepal-sling-bag-adjustable-strap-deep-sea-blues\/"},"modified":"2025-12-30T21:46:16","modified_gmt":"2025-12-30T21:46:16","slug":"bolso-de-nepal-correa-ajustable-azul-del-mar-profundo","status":"publish","type":"product","link":"https:\/\/aromasentia.com\/es\/bolso-de-nepal-correa-ajustable-azul-del-mar-profundo\/","title":{"rendered":"Bolso de Nepal  (correa ajustable) &#8211; Azul del Mar Profundo"},"content":{"rendered":"<p>\u00a1<\/p>\n<p>Ampl\u00ede su inventario con la <strong>Bolsa bandolera grande al por mayor para Nepal &#8211; Deep Sea Blues<\/strong>! Esta espaciosa y elegante bolsa bandolera, fabricada en la India, es perfecta para las aventuras diarias y garantiza el \u00e9xito entre sus clientes.<\/p>\n<p><strong>Esto es lo que hace que la Lrg Nepal Sling Bag sea una elecci\u00f3n destacada para los minoristas:<\/strong><\/p>\n<p><strong>Espacioso compartimento:<\/strong>Este gran compartimento principal con un cierre de cremallera seguro puede contener c\u00f3modamente los art\u00edculos esenciales diarios e incluso art\u00edculos m\u00e1s voluminosos como una botella de agua o una peque\u00f1a tableta.<\/p>\n<p><strong>M\u00faltiples bolsillos para organizaci\u00f3n:<\/strong> Mant\u00e9n los art\u00edculos m\u00e1s peque\u00f1os organizados y f\u00e1cilmente accesibles con un pr\u00e1ctico bolsillo trasero y bolsillos delanteros adicionales con cierre de cremallera.<\/p>\n<p><strong>Comodidad ajustable:<\/strong>La correa ancha y ajustable (60-118 cm) garantiza un ajuste c\u00f3modo para todo tipo de cuerpos y distribuye el peso uniformemente para llevarla sin esfuerzo.<\/p>\n<p><strong>Deep Sea Chic:<\/strong> El cautivador dise\u00f1o cuenta con rayas verticales en diferentes tonos de azul, creando un toque de estilo n\u00e1utico.<\/p>\n<p><strong>\u00a1No te pierdas este bolso espacioso y elegante!<\/strong> <\/p>\n<p><strong>Para llevar a todas partes<\/strong>.<\/p>\n","protected":false},"excerpt":{"rendered":"<p>\u00a1 Ampl\u00ede su inventario con la Bolsa bandolera grande al por mayor para Nepal &#8211; Deep Sea Blues! Esta espaciosa y elegante bolsa bandolera, fabricada en la India, es perfecta para las aventuras diarias y garantiza el \u00e9xito entre sus clientes. Esto es lo que hace que la Lrg Nepal Sling Bag sea una elecci\u00f3n [&hellip;]<\/p>\n","protected":false},"featured_media":326153,"comment_status":"closed","ping_status":"open","template":"","meta":{"_angie_page":false},"product_brand":[],"product_cat":[19726,19658,26080],"product_tag":[],"class_list":{"0":"post-234322","1":"product","2":"type-product","3":"status-publish","4":"has-post-thumbnail","6":"product_cat-bolsas-de-algodon-nepal-y-bandoleras","7":"product_cat-bolsos-y-mochilas","8":"product_cat-sling-bags","9":"pa_collection-nepal-sling-bags-es","10":"pa_made-in-india","12":"first","13":"instock","14":"purchasable","15":"product-type-simple"},"supplier_id":null,"supplier_sku":"NSBag-18","barcode":null,"atum_controlled":true,"out_stock_date":null,"out_stock_threshold":null,"inheritable":false,"inbound_stock":null,"stock_on_hold":0,"sold_today":0,"sales_last_days":0,"reserved_stock":null,"customer_returns":null,"warehouse_damage":null,"lost_in_post":null,"other_logs":null,"out_stock_days":0,"lost_sales":0,"has_location":null,"update_date":"2026-04-27T07:15:48","atum_locations":[],"atum_stock_status":"instock","restock_status":false,"low_stock_amount":"","sales_update_date":"2026-01-30T01:26:16","calc_backorders":null,"_links":{"self":[{"href":"https:\/\/aromasentia.com\/es\/wp-json\/wp\/v2\/product\/234322","targetHints":{"allow":["GET"]}}],"collection":[{"href":"https:\/\/aromasentia.com\/es\/wp-json\/wp\/v2\/product"}],"about":[{"href":"https:\/\/aromasentia.com\/es\/wp-json\/wp\/v2\/types\/product"}],"replies":[{"embeddable":true,"href":"https:\/\/aromasentia.com\/es\/wp-json\/wp\/v2\/comments?post=234322"}],"version-history":[{"count":0,"href":"https:\/\/aromasentia.com\/es\/wp-json\/wp\/v2\/product\/234322\/revisions"}],"wp:featuredmedia":[{"embeddable":true,"href":"https:\/\/aromasentia.com\/es\/wp-json\/wp\/v2\/media\/326153"}],"wp:attachment":[{"href":"https:\/\/aromasentia.com\/es\/wp-json\/wp\/v2\/media?parent=234322"}],"wp:term":[{"taxonomy":"product_brand","embeddable":true,"href":"https:\/\/aromasentia.com\/es\/wp-json\/wp\/v2\/product_brand?post=234322"},{"taxonomy":"product_cat","embeddable":true,"href":"https:\/\/aromasentia.com\/es\/wp-json\/wp\/v2\/product_cat?post=234322"},{"taxonomy":"product_tag","embeddable":true,"href":"https:\/\/aromasentia.com\/es\/wp-json\/wp\/v2\/product_tag?post=234322"}],"curies":[{"name":"wp","href":"https:\/\/api.w.org\/{rel}","templated":true}]}}