{"id":234226,"date":"2025-03-21T14:44:59","date_gmt":"2025-03-21T14:44:59","guid":{"rendered":"https:\/\/aromasentia.com\/product\/recycled-big-rug-bag-shades-of-dusk\/"},"modified":"2025-12-30T21:46:00","modified_gmt":"2025-12-30T21:46:00","slug":"bolsa-grande-de-tela-de-alfombra-reciclada-tonos-de-rosa","status":"publish","type":"product","link":"https:\/\/aromasentia.com\/es\/bolsa-grande-de-tela-de-alfombra-reciclada-tonos-de-rosa\/","title":{"rendered":"Bolsa Grande de Tela de Alfombra Reciclada &#8211; Tonos de Rosa"},"content":{"rendered":"<p>Lleva contigo la belleza del crep\u00fasculo con esta Bolsa Alfombra Grande Reciclada &#8211; Sombras de Atardecer. Esta gran bolsa ecol\u00f3gica est\u00e1 fabricada con trozos de alfombra reciclados y presenta una cautivadora mezcla de colores que recuerdan al crep\u00fasculo: azules, morados, naranjas y grises profundos. Su dise\u00f1o robusto y texturizado y su car\u00e1cter \u00fanico e irrepetible la convierten en un objeto pr\u00e1ctico y art\u00edstico a la vez. Perfecto para quienes aprecian la moda sostenible y un toque de belleza dram\u00e1tica y natural en sus accesorios cotidianos.<\/p>\n","protected":false},"excerpt":{"rendered":"<p>Lleva contigo la belleza del crep\u00fasculo con esta Bolsa Alfombra Grande Reciclada &#8211; Sombras de Atardecer. Esta gran bolsa ecol\u00f3gica est\u00e1 fabricada con trozos de alfombra reciclados y presenta una cautivadora mezcla de colores que recuerdan al crep\u00fasculo: azules, morados, naranjas y grises profundos. Su dise\u00f1o robusto y texturizado y su car\u00e1cter \u00fanico e irrepetible [&hellip;]<\/p>\n","protected":false},"featured_media":328929,"comment_status":"closed","ping_status":"open","template":"","meta":[],"product_brand":[],"product_cat":[19657,19658],"product_tag":[],"class_list":{"0":"post-234226","1":"product","2":"type-product","3":"status-publish","4":"has-post-thumbnail","6":"product_cat-bolsas-ecologicas","7":"product_cat-bolsos-y-mochilas","8":"pa_collection-recycled-big-rug-bags-es","9":"pa_made-in-india","11":"first","12":"instock","13":"purchasable","14":"product-type-simple"},"supplier_id":null,"supplier_sku":"RRBag-04","barcode":null,"atum_controlled":true,"out_stock_date":null,"out_stock_threshold":null,"inheritable":false,"inbound_stock":null,"stock_on_hold":0,"sold_today":0,"sales_last_days":0,"reserved_stock":null,"customer_returns":null,"warehouse_damage":null,"lost_in_post":null,"other_logs":null,"out_stock_days":0,"lost_sales":0,"has_location":null,"update_date":"2026-02-06T00:01:16","atum_locations":[],"atum_stock_status":"instock","restock_status":false,"low_stock_amount":"","sales_update_date":"2026-02-06T00:01:16","calc_backorders":null,"_links":{"self":[{"href":"https:\/\/aromasentia.com\/es\/wp-json\/wp\/v2\/product\/234226","targetHints":{"allow":["GET"]}}],"collection":[{"href":"https:\/\/aromasentia.com\/es\/wp-json\/wp\/v2\/product"}],"about":[{"href":"https:\/\/aromasentia.com\/es\/wp-json\/wp\/v2\/types\/product"}],"replies":[{"embeddable":true,"href":"https:\/\/aromasentia.com\/es\/wp-json\/wp\/v2\/comments?post=234226"}],"version-history":[{"count":0,"href":"https:\/\/aromasentia.com\/es\/wp-json\/wp\/v2\/product\/234226\/revisions"}],"wp:featuredmedia":[{"embeddable":true,"href":"https:\/\/aromasentia.com\/es\/wp-json\/wp\/v2\/media\/328929"}],"wp:attachment":[{"href":"https:\/\/aromasentia.com\/es\/wp-json\/wp\/v2\/media?parent=234226"}],"wp:term":[{"taxonomy":"product_brand","embeddable":true,"href":"https:\/\/aromasentia.com\/es\/wp-json\/wp\/v2\/product_brand?post=234226"},{"taxonomy":"product_cat","embeddable":true,"href":"https:\/\/aromasentia.com\/es\/wp-json\/wp\/v2\/product_cat?post=234226"},{"taxonomy":"product_tag","embeddable":true,"href":"https:\/\/aromasentia.com\/es\/wp-json\/wp\/v2\/product_tag?post=234226"}],"curies":[{"name":"wp","href":"https:\/\/api.w.org\/{rel}","templated":true}]}}