{"id":234214,"date":"2025-03-21T14:44:59","date_gmt":"2025-03-21T14:44:59","guid":{"rendered":"https:\/\/aromasentia.com\/product\/recycled-big-rug-bag-shades-of-mushrooms\/"},"modified":"2025-12-30T21:46:00","modified_gmt":"2025-12-30T21:46:00","slug":"bolsa-grande-de-tela-de-alfombra-reciclada-tonos-de-hongos","status":"publish","type":"product","link":"https:\/\/aromasentia.com\/es\/bolsa-grande-de-tela-de-alfombra-reciclada-tonos-de-hongos\/","title":{"rendered":"Bolsa Grande de Tela de Alfombra Reciclada &#8211; Tonos de hongos"},"content":{"rendered":"<p>Lleva tu mundo con un estilo \u00fanico y respetuoso con el medio ambiente con esta bolsa reciclada para alfombras grandes &#8211; Sombras de setas. Fabricada a partir de materiales reciclados de alfombras, esta bolsa grande y duradera presenta una paleta de tonos terrosos inspirados en las setas: marrones, beiges y grises. Cada bolsa es probablemente \u00fanica debido a su naturaleza reciclada, ofreciendo un accesorio verdaderamente \u00fanico y sostenible. Su generoso tama\u00f1o la hace perfecta para ir de compras, a la playa o para llevarla a diario con un toque r\u00fastico y texturizado.<\/p>\n","protected":false},"excerpt":{"rendered":"<p>Lleva tu mundo con un estilo \u00fanico y respetuoso con el medio ambiente con esta bolsa reciclada para alfombras grandes &#8211; Sombras de setas. Fabricada a partir de materiales reciclados de alfombras, esta bolsa grande y duradera presenta una paleta de tonos terrosos inspirados en las setas: marrones, beiges y grises. Cada bolsa es probablemente [&hellip;]<\/p>\n","protected":false},"featured_media":328902,"comment_status":"closed","ping_status":"open","template":"","meta":{"_angie_page":false},"product_brand":[],"product_cat":[19657,19658],"product_tag":[],"class_list":{"0":"post-234214","1":"product","2":"type-product","3":"status-publish","4":"has-post-thumbnail","6":"product_cat-bolsas-ecologicas","7":"product_cat-bolsos-y-mochilas","8":"pa_collection-recycled-big-rug-bags-es","9":"pa_made-in-india","11":"first","12":"instock","13":"purchasable","14":"product-type-simple"},"supplier_id":null,"supplier_sku":"RRBag-01","barcode":null,"atum_controlled":true,"out_stock_date":null,"out_stock_threshold":null,"inheritable":false,"inbound_stock":null,"stock_on_hold":0,"sold_today":0,"sales_last_days":0,"reserved_stock":null,"customer_returns":null,"warehouse_damage":null,"lost_in_post":null,"other_logs":null,"out_stock_days":0,"lost_sales":0,"has_location":null,"update_date":"2026-04-27T07:19:52","atum_locations":[],"atum_stock_status":"instock","restock_status":false,"low_stock_amount":"","sales_update_date":"2025-09-05T00:23:42","calc_backorders":null,"_links":{"self":[{"href":"https:\/\/aromasentia.com\/es\/wp-json\/wp\/v2\/product\/234214","targetHints":{"allow":["GET"]}}],"collection":[{"href":"https:\/\/aromasentia.com\/es\/wp-json\/wp\/v2\/product"}],"about":[{"href":"https:\/\/aromasentia.com\/es\/wp-json\/wp\/v2\/types\/product"}],"replies":[{"embeddable":true,"href":"https:\/\/aromasentia.com\/es\/wp-json\/wp\/v2\/comments?post=234214"}],"version-history":[{"count":0,"href":"https:\/\/aromasentia.com\/es\/wp-json\/wp\/v2\/product\/234214\/revisions"}],"wp:featuredmedia":[{"embeddable":true,"href":"https:\/\/aromasentia.com\/es\/wp-json\/wp\/v2\/media\/328902"}],"wp:attachment":[{"href":"https:\/\/aromasentia.com\/es\/wp-json\/wp\/v2\/media?parent=234214"}],"wp:term":[{"taxonomy":"product_brand","embeddable":true,"href":"https:\/\/aromasentia.com\/es\/wp-json\/wp\/v2\/product_brand?post=234214"},{"taxonomy":"product_cat","embeddable":true,"href":"https:\/\/aromasentia.com\/es\/wp-json\/wp\/v2\/product_cat?post=234214"},{"taxonomy":"product_tag","embeddable":true,"href":"https:\/\/aromasentia.com\/es\/wp-json\/wp\/v2\/product_tag?post=234214"}],"curies":[{"name":"wp","href":"https:\/\/api.w.org\/{rel}","templated":true}]}}