{"id":234074,"date":"2025-03-21T14:45:09","date_gmt":"2025-03-21T14:45:09","guid":{"rendered":"https:\/\/aromasentia.com\/product\/yoga-and-festival-pants-thai-fisherman-mandala-mantra-on-orange\/"},"modified":"2025-12-30T21:45:27","modified_gmt":"2025-12-30T21:45:27","slug":"yoga-and-festival-pants-thai-fisherman-mandala-mantra-on-orange","status":"publish","type":"product","link":"https:\/\/aromasentia.com\/es\/yoga-and-festival-pants-thai-fisherman-mandala-mantra-on-orange\/","title":{"rendered":"Yoga and Festival Pants &#8211; Thai Fisherman  Mandala Mantra on Orange"},"content":{"rendered":"<p>Estos pantalones son conocidos por su dise\u00f1o espacioso y c\u00f3modo, lo que los convierte en una gran opci\u00f3n para yoga, diversas actividades f\u00edsicas y ropa informal de diario.<\/p>\n<p>Fabricados con algod\u00f3n 100% en Nepal<\/p>\n<p>Usos y de talla \u00fanica<\/p>\n<p>Los pantalones vienen en una bolsa compacta de algod\u00f3n.<\/p>\n<p>Son de algod\u00f3n&#8230;<\/p>\n","protected":false},"excerpt":{"rendered":"<p>Estos pantalones son conocidos por su dise\u00f1o espacioso y c\u00f3modo, lo que los convierte en una gran opci\u00f3n para yoga, diversas actividades f\u00edsicas y ropa informal de diario. Fabricados con algod\u00f3n 100% en Nepal Usos y de talla \u00fanica Los pantalones vienen en una bolsa compacta de algod\u00f3n. Son de algod\u00f3n&#8230;<\/p>\n","protected":false},"featured_media":329729,"comment_status":"closed","ping_status":"open","template":"","meta":{"_angie_page":false},"product_brand":[],"product_cat":[26627,25837],"product_tag":[],"class_list":{"0":"post-234074","1":"product","2":"type-product","3":"status-publish","4":"has-post-thumbnail","6":"product_cat-pantalones","7":"product_cat-ropa","8":"pa_collection-yoga-and-festival-pants-es","9":"pa_made-in-nepal","11":"first","12":"instock","13":"purchasable","14":"product-type-simple"},"supplier_id":null,"supplier_sku":"YFP-09","barcode":null,"atum_controlled":true,"out_stock_date":null,"out_stock_threshold":null,"inheritable":false,"inbound_stock":null,"stock_on_hold":0,"sold_today":0,"sales_last_days":0,"reserved_stock":null,"customer_returns":null,"warehouse_damage":null,"lost_in_post":null,"other_logs":null,"out_stock_days":0,"lost_sales":0,"has_location":null,"update_date":"2026-05-08T05:21:54","atum_locations":[],"atum_stock_status":"instock","restock_status":false,"low_stock_amount":"","sales_update_date":"2026-02-06T00:02:05","calc_backorders":null,"_links":{"self":[{"href":"https:\/\/aromasentia.com\/es\/wp-json\/wp\/v2\/product\/234074","targetHints":{"allow":["GET"]}}],"collection":[{"href":"https:\/\/aromasentia.com\/es\/wp-json\/wp\/v2\/product"}],"about":[{"href":"https:\/\/aromasentia.com\/es\/wp-json\/wp\/v2\/types\/product"}],"replies":[{"embeddable":true,"href":"https:\/\/aromasentia.com\/es\/wp-json\/wp\/v2\/comments?post=234074"}],"version-history":[{"count":0,"href":"https:\/\/aromasentia.com\/es\/wp-json\/wp\/v2\/product\/234074\/revisions"}],"wp:featuredmedia":[{"embeddable":true,"href":"https:\/\/aromasentia.com\/es\/wp-json\/wp\/v2\/media\/329729"}],"wp:attachment":[{"href":"https:\/\/aromasentia.com\/es\/wp-json\/wp\/v2\/media?parent=234074"}],"wp:term":[{"taxonomy":"product_brand","embeddable":true,"href":"https:\/\/aromasentia.com\/es\/wp-json\/wp\/v2\/product_brand?post=234074"},{"taxonomy":"product_cat","embeddable":true,"href":"https:\/\/aromasentia.com\/es\/wp-json\/wp\/v2\/product_cat?post=234074"},{"taxonomy":"product_tag","embeddable":true,"href":"https:\/\/aromasentia.com\/es\/wp-json\/wp\/v2\/product_tag?post=234074"}],"curies":[{"name":"wp","href":"https:\/\/api.w.org\/{rel}","templated":true}]}}