{"id":234054,"date":"2025-03-21T14:45:09","date_gmt":"2025-03-21T14:45:09","guid":{"rendered":"https:\/\/aromasentia.com\/product\/yoga-and-festival-pants-aladdin-himalayan-print-on-grey\/"},"modified":"2025-12-30T21:45:27","modified_gmt":"2025-12-30T21:45:27","slug":"pantalones-para-yoga-y-festivales-estampado-aladino-del-himalaya-gris","status":"publish","type":"product","link":"https:\/\/aromasentia.com\/es\/pantalones-para-yoga-y-festivales-estampado-aladino-del-himalaya-gris\/","title":{"rendered":"Pantalones para Yoga y Festivales &#8211; Estampado Aladino del Himalaya &#8211; Gris"},"content":{"rendered":"<p>Los pantalones de yoga Aladdin son conocidos por su ajuste holgado. Tienen un estilo de entrepierna ca\u00edda, que proporciona un amplio espacio para el movimiento y la flexibilidad. El corte holgado asegura que estos pantalones sean c\u00f3modos y transpirables, permitiendo un amplio rango de movimiento.<\/p>\n<p>Fabricados con algod\u00f3n 100% en Nepal&nbsp;<\/p>\n<p>Unisex y talla \u00fanica<\/p>\n<p>Los pantalones vienen en una bolsa compacta de algod\u00f3n.<\/p>\n<p>El fondo gris resalta los vivos s\u00edmbolos y estampados influenciados por el Himalaya.<\/p>\n<p>Aunque los pantalones de yoga Aladdin est\u00e1n dise\u00f1ados pensando en el yoga, son lo suficientemente vers\u00e1tiles para otras actividades y el uso diario. \u00a1Muchas personas los disfrutan como pantalones informales de estilo bohemio para descansar, hacer recados o incluso para vestirse para una ocasi\u00f3n especial.<\/p>\n<p><strong>Pantalones de yoga Aladdin!<\/p>\n","protected":false},"excerpt":{"rendered":"<p>Los pantalones de yoga Aladdin son conocidos por su ajuste holgado. Tienen un estilo de entrepierna ca\u00edda, que proporciona un amplio espacio para el movimiento y la flexibilidad. El corte holgado asegura que estos pantalones sean c\u00f3modos y transpirables, permitiendo un amplio rango de movimiento. Fabricados con algod\u00f3n 100% en Nepal&nbsp; Unisex y talla \u00fanica [&hellip;]<\/p>\n","protected":false},"featured_media":329604,"comment_status":"closed","ping_status":"open","template":"","meta":{"_angie_page":false},"product_brand":[],"product_cat":[26627,25837],"product_tag":[],"class_list":{"0":"post-234054","1":"product","2":"type-product","3":"status-publish","4":"has-post-thumbnail","6":"product_cat-pantalones","7":"product_cat-ropa","8":"pa_collection-yoga-and-festival-pants-es","9":"pa_made-in-nepal","11":"first","12":"instock","13":"purchasable","14":"product-type-simple"},"supplier_id":null,"supplier_sku":"YFP-04","barcode":null,"atum_controlled":true,"out_stock_date":null,"out_stock_threshold":null,"inheritable":false,"inbound_stock":null,"stock_on_hold":0,"sold_today":0,"sales_last_days":0,"reserved_stock":null,"customer_returns":null,"warehouse_damage":null,"lost_in_post":null,"other_logs":null,"out_stock_days":0,"lost_sales":0,"has_location":null,"update_date":"2026-05-08T05:21:53","atum_locations":[],"atum_stock_status":"instock","restock_status":false,"low_stock_amount":"","sales_update_date":"2025-09-05T00:23:49","calc_backorders":null,"_links":{"self":[{"href":"https:\/\/aromasentia.com\/es\/wp-json\/wp\/v2\/product\/234054","targetHints":{"allow":["GET"]}}],"collection":[{"href":"https:\/\/aromasentia.com\/es\/wp-json\/wp\/v2\/product"}],"about":[{"href":"https:\/\/aromasentia.com\/es\/wp-json\/wp\/v2\/types\/product"}],"replies":[{"embeddable":true,"href":"https:\/\/aromasentia.com\/es\/wp-json\/wp\/v2\/comments?post=234054"}],"version-history":[{"count":0,"href":"https:\/\/aromasentia.com\/es\/wp-json\/wp\/v2\/product\/234054\/revisions"}],"wp:featuredmedia":[{"embeddable":true,"href":"https:\/\/aromasentia.com\/es\/wp-json\/wp\/v2\/media\/329604"}],"wp:attachment":[{"href":"https:\/\/aromasentia.com\/es\/wp-json\/wp\/v2\/media?parent=234054"}],"wp:term":[{"taxonomy":"product_brand","embeddable":true,"href":"https:\/\/aromasentia.com\/es\/wp-json\/wp\/v2\/product_brand?post=234054"},{"taxonomy":"product_cat","embeddable":true,"href":"https:\/\/aromasentia.com\/es\/wp-json\/wp\/v2\/product_cat?post=234054"},{"taxonomy":"product_tag","embeddable":true,"href":"https:\/\/aromasentia.com\/es\/wp-json\/wp\/v2\/product_tag?post=234054"}],"curies":[{"name":"wp","href":"https:\/\/api.w.org\/{rel}","templated":true}]}}