{"id":234042,"date":"2025-03-21T14:45:09","date_gmt":"2025-03-21T14:45:09","guid":{"rendered":"https:\/\/aromasentia.com\/product\/yoga-and-festival-pants-high-cross-himalayan-print-on-grey\/"},"modified":"2025-12-30T21:45:19","modified_gmt":"2025-12-30T21:45:19","slug":"pantalones-para-yoga-y-festivales-estampado-himalaya-cintura-alta-gris","status":"publish","type":"product","link":"https:\/\/aromasentia.com\/es\/pantalones-para-yoga-y-festivales-estampado-himalaya-cintura-alta-gris\/","title":{"rendered":"Pantalones para Yoga y Festivales &#8211;  Estampado Himalaya Cintura Alta &#8211; Gris"},"content":{"rendered":"<p>Estos pantalones de festival &amp; yoga est\u00e1n dise\u00f1ados para proporcionar funcionalidad y estilo tanto a los entusiastas del yoga como a los entusiastas de los festivales.<\/p>\n<p>Fabricados con algod\u00f3n 100% en Nepal&nbsp;<\/p>\n<p>Unisex y talla \u00fanica<\/p>\n<p>Los pantalones vienen en una bolsa compacta de algod\u00f3n. <\/p>\n<p>El fondo gris resalta los animados s\u00edmbolos y patrones influenciados por el Himalaya.<\/p>\n<p>Los pantalones de tiro alto no se limitan al yoga; se pueden llevar para diversas actividades y ocasiones.<\/p>\n<p>Los pantalones de tiro alto combinan moda y funcionalidad, ofreciendo una opci\u00f3n elegante y c\u00f3moda para diversas actividades f\u00edsicas y para el d\u00eda a d\u00eda.<\/p>\n<p>Los pantalones de tiro alto combinan moda y funcionalidad, ofreciendo una opci\u00f3n elegante y c\u00f3moda para diversas actividades f\u00edsicas y para el d\u00eda a d\u00eda.<\/p>\n<p>Los pantalones de tiro alto combinan moda y funcionalidad, ofreciendo una opci\u00f3n elegante y c\u00f3moda para diversas actividades f\u00edsicas y para el d\u00eda a d\u00eda.<\/p>\n","protected":false},"excerpt":{"rendered":"<p>Estos pantalones de festival &amp; yoga est\u00e1n dise\u00f1ados para proporcionar funcionalidad y estilo tanto a los entusiastas del yoga como a los entusiastas de los festivales. Fabricados con algod\u00f3n 100% en Nepal&nbsp; Unisex y talla \u00fanica Los pantalones vienen en una bolsa compacta de algod\u00f3n. El fondo gris resalta los animados s\u00edmbolos y patrones influenciados [&hellip;]<\/p>\n","protected":false},"featured_media":329537,"comment_status":"closed","ping_status":"open","template":"","meta":{"_angie_page":false},"product_brand":[],"product_cat":[26627,25837],"product_tag":[],"class_list":{"0":"post-234042","1":"product","2":"type-product","3":"status-publish","4":"has-post-thumbnail","6":"product_cat-pantalones","7":"product_cat-ropa","8":"pa_collection-yoga-and-festival-pants-es","9":"pa_made-in-nepal","11":"first","12":"instock","13":"purchasable","14":"product-type-simple"},"supplier_id":null,"supplier_sku":"YFP-01","barcode":null,"atum_controlled":true,"out_stock_date":null,"out_stock_threshold":null,"inheritable":false,"inbound_stock":null,"stock_on_hold":0,"sold_today":0,"sales_last_days":0,"reserved_stock":null,"customer_returns":null,"warehouse_damage":null,"lost_in_post":null,"other_logs":null,"out_stock_days":0,"lost_sales":0,"has_location":null,"update_date":"2026-05-11T01:56:49","atum_locations":[],"atum_stock_status":"instock","restock_status":false,"low_stock_amount":"","sales_update_date":"2025-09-05T00:23:49","calc_backorders":null,"_links":{"self":[{"href":"https:\/\/aromasentia.com\/es\/wp-json\/wp\/v2\/product\/234042","targetHints":{"allow":["GET"]}}],"collection":[{"href":"https:\/\/aromasentia.com\/es\/wp-json\/wp\/v2\/product"}],"about":[{"href":"https:\/\/aromasentia.com\/es\/wp-json\/wp\/v2\/types\/product"}],"replies":[{"embeddable":true,"href":"https:\/\/aromasentia.com\/es\/wp-json\/wp\/v2\/comments?post=234042"}],"version-history":[{"count":0,"href":"https:\/\/aromasentia.com\/es\/wp-json\/wp\/v2\/product\/234042\/revisions"}],"wp:featuredmedia":[{"embeddable":true,"href":"https:\/\/aromasentia.com\/es\/wp-json\/wp\/v2\/media\/329537"}],"wp:attachment":[{"href":"https:\/\/aromasentia.com\/es\/wp-json\/wp\/v2\/media?parent=234042"}],"wp:term":[{"taxonomy":"product_brand","embeddable":true,"href":"https:\/\/aromasentia.com\/es\/wp-json\/wp\/v2\/product_brand?post=234042"},{"taxonomy":"product_cat","embeddable":true,"href":"https:\/\/aromasentia.com\/es\/wp-json\/wp\/v2\/product_cat?post=234042"},{"taxonomy":"product_tag","embeddable":true,"href":"https:\/\/aromasentia.com\/es\/wp-json\/wp\/v2\/product_tag?post=234042"}],"curies":[{"name":"wp","href":"https:\/\/api.w.org\/{rel}","templated":true}]}}