{"id":234002,"date":"2025-03-22T13:29:09","date_gmt":"2025-03-22T13:29:09","guid":{"rendered":"https:\/\/aromasentia.com\/product\/bag-of-12-medium-african-tumble-stones-jasper-nguni\/"},"modified":"2025-12-30T21:45:11","modified_gmt":"2025-12-30T21:45:11","slug":"piedras-africanas-medianas-jasper-nguni","status":"publish","type":"product","link":"https:\/\/aromasentia.com\/es\/piedras-africanas-medianas-jasper-nguni\/","title":{"rendered":"Piedras africanas medianas &#8211; Jasper Nguni"},"content":{"rendered":"<p><strong><span style=\"color: rgb(147, 101, 184);\">Jasper Nguni Africano &ndash; Rodadas Medianas (12 unidades)<\/span><\/strong><\/p>\n<p>_x000D_<br \/>\nPack de 12 piedras rodadas de Jasper Nguni africano, con un tama\u00f1o medio de entre 25 y 45 mm. De origen africano, estas piedras presentan patrones naturales en tonos marr\u00f3n, negro y crema, inspirados en el pelaje del ganado Nguni t\u00edpico del sur de \u00e1frica.<\/p>\n<p><strong>Beneficio principal:<\/strong> Promueve la fuerza interior, la resiliencia y el equilibrio emocional. Muy valorado en pr\u00e1cticas energ\u00e9ticas y perfecto para reventa en tiendas de minerales, bienestar o espiritualidad.<\/p>\n","protected":false},"excerpt":{"rendered":"<p>Jasper Nguni Africano &ndash; Rodadas Medianas (12 unidades) _x000D_ Pack de 12 piedras rodadas de Jasper Nguni africano, con un tama\u00f1o medio de entre 25 y 45 mm. De origen africano, estas piedras presentan patrones naturales en tonos marr\u00f3n, negro y crema, inspirados en el pelaje del ganado Nguni t\u00edpico del sur de \u00e1frica. Beneficio [&hellip;]<\/p>\n","protected":false},"featured_media":330651,"comment_status":"closed","ping_status":"open","template":"","meta":{"_angie_page":false},"product_brand":[],"product_cat":[25225,25643,18946,17274],"product_tag":[],"class_list":{"0":"post-234002","1":"product","2":"type-product","3":"status-publish","4":"has-post-thumbnail","6":"product_cat-gemas-y-minerales","7":"product_cat-jaspe","8":"product_cat-piedras-naturales","9":"product_cat-regalos-esotericos","10":"pa_collection-medium-african-tumble-stones-es","11":"pa_made-in-sudafrica","13":"first","14":"instock","15":"purchasable","16":"product-type-simple"},"supplier_id":null,"supplier_sku":"ATumbleM-06","barcode":null,"atum_controlled":true,"out_stock_date":null,"out_stock_threshold":null,"inheritable":false,"inbound_stock":null,"stock_on_hold":0,"sold_today":0,"sales_last_days":0,"reserved_stock":null,"customer_returns":null,"warehouse_damage":null,"lost_in_post":null,"other_logs":null,"out_stock_days":0,"lost_sales":0,"has_location":null,"update_date":"2026-04-27T06:51:33","atum_locations":[],"atum_stock_status":"instock","restock_status":false,"low_stock_amount":"","sales_update_date":"2026-02-06T00:02:35","calc_backorders":null,"_links":{"self":[{"href":"https:\/\/aromasentia.com\/es\/wp-json\/wp\/v2\/product\/234002","targetHints":{"allow":["GET"]}}],"collection":[{"href":"https:\/\/aromasentia.com\/es\/wp-json\/wp\/v2\/product"}],"about":[{"href":"https:\/\/aromasentia.com\/es\/wp-json\/wp\/v2\/types\/product"}],"replies":[{"embeddable":true,"href":"https:\/\/aromasentia.com\/es\/wp-json\/wp\/v2\/comments?post=234002"}],"version-history":[{"count":0,"href":"https:\/\/aromasentia.com\/es\/wp-json\/wp\/v2\/product\/234002\/revisions"}],"wp:featuredmedia":[{"embeddable":true,"href":"https:\/\/aromasentia.com\/es\/wp-json\/wp\/v2\/media\/330651"}],"wp:attachment":[{"href":"https:\/\/aromasentia.com\/es\/wp-json\/wp\/v2\/media?parent=234002"}],"wp:term":[{"taxonomy":"product_brand","embeddable":true,"href":"https:\/\/aromasentia.com\/es\/wp-json\/wp\/v2\/product_brand?post=234002"},{"taxonomy":"product_cat","embeddable":true,"href":"https:\/\/aromasentia.com\/es\/wp-json\/wp\/v2\/product_cat?post=234002"},{"taxonomy":"product_tag","embeddable":true,"href":"https:\/\/aromasentia.com\/es\/wp-json\/wp\/v2\/product_tag?post=234002"}],"curies":[{"name":"wp","href":"https:\/\/api.w.org\/{rel}","templated":true}]}}