{"id":233994,"date":"2025-03-22T13:29:09","date_gmt":"2025-03-22T13:29:09","guid":{"rendered":"https:\/\/aromasentia.com\/product\/bag-of-12-medium-african-tumble-stones-guinea-fowl-bag-of-12-medium\/"},"modified":"2025-12-30T21:45:11","modified_gmt":"2025-12-30T21:45:11","slug":"piedras-africanas-medianas-gallina-de-guinea-mediana","status":"publish","type":"product","link":"https:\/\/aromasentia.com\/es\/piedras-africanas-medianas-gallina-de-guinea-mediana\/","title":{"rendered":"Piedras africanas medianas &#8211; Gallina de Guinea mediana"},"content":{"rendered":"<p><strong><span style=\"color: rgb(147, 101, 184);\">Gallina de Guinea Africana &ndash; Rodadas Medianas (12 unidades)<\/span><\/strong><\/p>\n<p><strong><\/strong>_x000D_<br \/>\nPack de 12 piedras rodadas de Gallina de Guinea africanas, en tama\u00f1os medianos de aproximadamente 25 a 45 mm. Su dise\u00f1o natural con motas en blanco y negro recuerda al plumaje del ave que les da nombre, aportando un toque ex\u00f3tico y llamativo.<\/p>\n<p><strong>Beneficio principal:<\/strong> Favorece la protecci\u00f3n energ\u00e9tica, potencia la claridad mental y ayuda a liberar tensiones. Una piedra vers\u00e1til y visualmente atractiva, ideal para la reventa en tiendas de minerales, espiritualidad o decoraci\u00f3n energ\u00e9tica.<\/p>\n","protected":false},"excerpt":{"rendered":"<p>Gallina de Guinea Africana &ndash; Rodadas Medianas (12 unidades) _x000D_ Pack de 12 piedras rodadas de Gallina de Guinea africanas, en tama\u00f1os medianos de aproximadamente 25 a 45 mm. Su dise\u00f1o natural con motas en blanco y negro recuerda al plumaje del ave que les da nombre, aportando un toque ex\u00f3tico y llamativo. Beneficio principal: [&hellip;]<\/p>\n","protected":false},"featured_media":330617,"comment_status":"closed","ping_status":"open","template":"","meta":{"_angie_page":false},"product_brand":[],"product_cat":[18946,17274],"product_tag":[],"class_list":{"0":"post-233994","1":"product","2":"type-product","3":"status-publish","4":"has-post-thumbnail","6":"product_cat-piedras-naturales","7":"product_cat-regalos-esotericos","8":"pa_collection-medium-african-tumble-stones-es","9":"pa_made-in-sudafrica","11":"first","12":"instock","13":"purchasable","14":"product-type-simple"},"supplier_id":null,"supplier_sku":"ATumbleM-04","barcode":null,"atum_controlled":true,"out_stock_date":null,"out_stock_threshold":null,"inheritable":false,"inbound_stock":null,"stock_on_hold":0,"sold_today":0,"sales_last_days":0,"reserved_stock":null,"customer_returns":null,"warehouse_damage":null,"lost_in_post":null,"other_logs":null,"out_stock_days":0,"lost_sales":0,"has_location":null,"update_date":"2026-04-27T06:51:33","atum_locations":[],"atum_stock_status":"instock","restock_status":false,"low_stock_amount":"","sales_update_date":"2025-10-09T03:23:56","calc_backorders":null,"_links":{"self":[{"href":"https:\/\/aromasentia.com\/es\/wp-json\/wp\/v2\/product\/233994","targetHints":{"allow":["GET"]}}],"collection":[{"href":"https:\/\/aromasentia.com\/es\/wp-json\/wp\/v2\/product"}],"about":[{"href":"https:\/\/aromasentia.com\/es\/wp-json\/wp\/v2\/types\/product"}],"replies":[{"embeddable":true,"href":"https:\/\/aromasentia.com\/es\/wp-json\/wp\/v2\/comments?post=233994"}],"version-history":[{"count":0,"href":"https:\/\/aromasentia.com\/es\/wp-json\/wp\/v2\/product\/233994\/revisions"}],"wp:featuredmedia":[{"embeddable":true,"href":"https:\/\/aromasentia.com\/es\/wp-json\/wp\/v2\/media\/330617"}],"wp:attachment":[{"href":"https:\/\/aromasentia.com\/es\/wp-json\/wp\/v2\/media?parent=233994"}],"wp:term":[{"taxonomy":"product_brand","embeddable":true,"href":"https:\/\/aromasentia.com\/es\/wp-json\/wp\/v2\/product_brand?post=233994"},{"taxonomy":"product_cat","embeddable":true,"href":"https:\/\/aromasentia.com\/es\/wp-json\/wp\/v2\/product_cat?post=233994"},{"taxonomy":"product_tag","embeddable":true,"href":"https:\/\/aromasentia.com\/es\/wp-json\/wp\/v2\/product_tag?post=233994"}],"curies":[{"name":"wp","href":"https:\/\/api.w.org\/{rel}","templated":true}]}}