{"id":233986,"date":"2025-03-22T13:29:09","date_gmt":"2025-03-22T13:29:09","guid":{"rendered":"https:\/\/aromasentia.com\/product\/bag-of-12-medium-african-tumble-stones-dragon-stones\/"},"modified":"2025-12-30T21:45:11","modified_gmt":"2025-12-30T21:45:11","slug":"piedras-africanas-medianas-dragon-stones","status":"publish","type":"product","link":"https:\/\/aromasentia.com\/es\/piedras-africanas-medianas-dragon-stones\/","title":{"rendered":"Piedras africanas medianas &#8211; Dragon Stones"},"content":{"rendered":"<p><span style=\"color: rgb(147, 101, 184);\"><strong>Dragon Stone Africana &ndash; Rodadas Medianas (12 unidades)_x000D_<br \/>\nPack de 12<\/strong><\/span><\/p>\n<p><span style=\"color: rgb(147, 101, 184);\"><\/span> piedras Dragon Stone africanas, pulidas y rodadas, con tama\u00f1os aproximados entre 25 y 45 mm. Su distintivo color verde con vetas rojizas las hace \u00fanicas y visualmente impactantes.<\/p>\n<p><strong>Beneficio principal: <\/strong>Potente piedra de transformaci\u00f3n y coraje. Estimula la fuerza interior, favorece la superaci\u00f3n personal y potencia la energ\u00eda vital. Ideal para reventa en tiendas de minerales, bienestar o productos espirituales.<\/p>\n","protected":false},"excerpt":{"rendered":"<p>Dragon Stone Africana &ndash; Rodadas Medianas (12 unidades)_x000D_ Pack de 12 piedras Dragon Stone africanas, pulidas y rodadas, con tama\u00f1os aproximados entre 25 y 45 mm. Su distintivo color verde con vetas rojizas las hace \u00fanicas y visualmente impactantes. Beneficio principal: Potente piedra de transformaci\u00f3n y coraje. Estimula la fuerza interior, favorece la superaci\u00f3n personal [&hellip;]<\/p>\n","protected":false},"featured_media":330583,"comment_status":"closed","ping_status":"open","template":"","meta":{"_angie_page":false},"product_brand":[],"product_cat":[18946,17274],"product_tag":[],"class_list":{"0":"post-233986","1":"product","2":"type-product","3":"status-publish","4":"has-post-thumbnail","6":"product_cat-piedras-naturales","7":"product_cat-regalos-esotericos","8":"pa_collection-medium-african-tumble-stones-es","9":"pa_made-in-sudafrica","11":"first","12":"instock","13":"purchasable","14":"product-type-simple"},"supplier_id":null,"supplier_sku":"ATumbleM-02","barcode":null,"atum_controlled":true,"out_stock_date":null,"out_stock_threshold":null,"inheritable":false,"inbound_stock":null,"stock_on_hold":0,"sold_today":0,"sales_last_days":0,"reserved_stock":null,"customer_returns":null,"warehouse_damage":null,"lost_in_post":null,"other_logs":null,"out_stock_days":0,"lost_sales":0,"has_location":null,"update_date":"2026-04-27T06:51:26","atum_locations":[],"atum_stock_status":"instock","restock_status":false,"low_stock_amount":"","sales_update_date":"2025-10-09T03:23:56","calc_backorders":null,"_links":{"self":[{"href":"https:\/\/aromasentia.com\/es\/wp-json\/wp\/v2\/product\/233986","targetHints":{"allow":["GET"]}}],"collection":[{"href":"https:\/\/aromasentia.com\/es\/wp-json\/wp\/v2\/product"}],"about":[{"href":"https:\/\/aromasentia.com\/es\/wp-json\/wp\/v2\/types\/product"}],"replies":[{"embeddable":true,"href":"https:\/\/aromasentia.com\/es\/wp-json\/wp\/v2\/comments?post=233986"}],"version-history":[{"count":0,"href":"https:\/\/aromasentia.com\/es\/wp-json\/wp\/v2\/product\/233986\/revisions"}],"wp:featuredmedia":[{"embeddable":true,"href":"https:\/\/aromasentia.com\/es\/wp-json\/wp\/v2\/media\/330583"}],"wp:attachment":[{"href":"https:\/\/aromasentia.com\/es\/wp-json\/wp\/v2\/media?parent=233986"}],"wp:term":[{"taxonomy":"product_brand","embeddable":true,"href":"https:\/\/aromasentia.com\/es\/wp-json\/wp\/v2\/product_brand?post=233986"},{"taxonomy":"product_cat","embeddable":true,"href":"https:\/\/aromasentia.com\/es\/wp-json\/wp\/v2\/product_cat?post=233986"},{"taxonomy":"product_tag","embeddable":true,"href":"https:\/\/aromasentia.com\/es\/wp-json\/wp\/v2\/product_tag?post=233986"}],"curies":[{"name":"wp","href":"https:\/\/api.w.org\/{rel}","templated":true}]}}