{"id":233934,"date":"2025-03-22T13:29:09","date_gmt":"2025-03-22T13:29:09","guid":{"rendered":"https:\/\/aromasentia.com\/product\/bag-of-6-large-african-tumble-stones-white-howlite-magnesite\/"},"modified":"2025-12-30T21:45:02","modified_gmt":"2025-12-30T21:45:02","slug":"piedras-africanas-grandes-howlita-blanca-magnesita","status":"publish","type":"product","link":"https:\/\/aromasentia.com\/es\/piedras-africanas-grandes-howlita-blanca-magnesita\/","title":{"rendered":"Piedras africanas grandes- Howlita blanca &#8211; Magnesita"},"content":{"rendered":"<p>La Howlita es una piedra de color blanco lechoso, a menudo con inclusiones de color negro o marr\u00f3n oscuro. Un mineral popular entre los coleccionistas. Howlite trae felicidad y buena suerte, tambi\u00e9n estimula la imaginaci\u00f3n y mejora la memoria.<\/p>\n<p>Tama\u00f1o aprox : 30 &#8211; 50 [mm]\/ 33 piedras por 1kg <\/p>\n","protected":false},"excerpt":{"rendered":"<p>La Howlita es una piedra de color blanco lechoso, a menudo con inclusiones de color negro o marr\u00f3n oscuro. Un mineral popular entre los coleccionistas. Howlite trae felicidad y buena suerte, tambi\u00e9n estimula la imaginaci\u00f3n y mejora la memoria. Tama\u00f1o aprox : 30 &#8211; 50 [mm]\/ 33 piedras por 1kg<\/p>\n","protected":false},"featured_media":330354,"comment_status":"closed","ping_status":"open","template":"","meta":{"_angie_page":false},"product_brand":[],"product_cat":[25225,25632,25673,18946,17274],"product_tag":[],"class_list":{"0":"post-233934","1":"product","2":"type-product","3":"status-publish","4":"has-post-thumbnail","6":"product_cat-gemas-y-minerales","7":"product_cat-howlita","8":"product_cat-magnesita","9":"product_cat-piedras-naturales","10":"product_cat-regalos-esotericos","11":"pa_collection-large-african-tumble-stones-es","12":"pa_made-in-sudafrica","14":"first","15":"instock","16":"purchasable","17":"product-type-simple"},"supplier_id":null,"supplier_sku":"ATumbleL-07","barcode":null,"atum_controlled":true,"out_stock_date":null,"out_stock_threshold":null,"inheritable":false,"inbound_stock":null,"stock_on_hold":0,"sold_today":0,"sales_last_days":0,"reserved_stock":null,"customer_returns":null,"warehouse_damage":null,"lost_in_post":null,"other_logs":null,"out_stock_days":0,"lost_sales":0,"has_location":null,"update_date":"2026-04-27T06:51:26","atum_locations":[],"atum_stock_status":"instock","restock_status":false,"low_stock_amount":"","sales_update_date":"2026-01-30T01:24:51","calc_backorders":null,"_links":{"self":[{"href":"https:\/\/aromasentia.com\/es\/wp-json\/wp\/v2\/product\/233934","targetHints":{"allow":["GET"]}}],"collection":[{"href":"https:\/\/aromasentia.com\/es\/wp-json\/wp\/v2\/product"}],"about":[{"href":"https:\/\/aromasentia.com\/es\/wp-json\/wp\/v2\/types\/product"}],"replies":[{"embeddable":true,"href":"https:\/\/aromasentia.com\/es\/wp-json\/wp\/v2\/comments?post=233934"}],"version-history":[{"count":0,"href":"https:\/\/aromasentia.com\/es\/wp-json\/wp\/v2\/product\/233934\/revisions"}],"wp:featuredmedia":[{"embeddable":true,"href":"https:\/\/aromasentia.com\/es\/wp-json\/wp\/v2\/media\/330354"}],"wp:attachment":[{"href":"https:\/\/aromasentia.com\/es\/wp-json\/wp\/v2\/media?parent=233934"}],"wp:term":[{"taxonomy":"product_brand","embeddable":true,"href":"https:\/\/aromasentia.com\/es\/wp-json\/wp\/v2\/product_brand?post=233934"},{"taxonomy":"product_cat","embeddable":true,"href":"https:\/\/aromasentia.com\/es\/wp-json\/wp\/v2\/product_cat?post=233934"},{"taxonomy":"product_tag","embeddable":true,"href":"https:\/\/aromasentia.com\/es\/wp-json\/wp\/v2\/product_tag?post=233934"}],"curies":[{"name":"wp","href":"https:\/\/api.w.org\/{rel}","templated":true}]}}