{"id":233902,"date":"2025-03-22T13:29:09","date_gmt":"2025-03-22T13:29:09","guid":{"rendered":"https:\/\/aromasentia.com\/product\/esoteric-fringed-altar-cloth-chakra-chart\/"},"modified":"2025-12-30T21:44:54","modified_gmt":"2025-12-30T21:44:54","slug":"mantel-de-altar-con-flecos-esotericos-grafico-de-los-chakras","status":"publish","type":"product","link":"https:\/\/aromasentia.com\/es\/mantel-de-altar-con-flecos-esotericos-grafico-de-los-chakras\/","title":{"rendered":"Mantel de altar con flecos esot\u00e9ricos &#8211; Gr\u00e1fico de los Chakras"},"content":{"rendered":"<p>Alinea tus energ\u00edas con este pa\u00f1o de altar esot\u00e9rico con flecos &#8211; Tabla de Chakras. Este pa\u00f1o de altar esclarecedor presenta una representaci\u00f3n visual de los siete chakras, junto con sus s\u00edmbolos o colores correspondientes. Los bordes con flecos a\u00f1aden un atractivo sagrado. Perfecto para pr\u00e1cticas de sanaci\u00f3n energ\u00e9tica, meditaci\u00f3n centrada en el equilibrio de los chakras o como ayuda visual para aprender sobre el sistema energ\u00e9tico sutil del cuerpo, ayuda a crear un entorno centrado y armonizador para el trabajo espiritual.<\/p>\n","protected":false},"excerpt":{"rendered":"<p>Alinea tus energ\u00edas con este pa\u00f1o de altar esot\u00e9rico con flecos &#8211; Tabla de Chakras. Este pa\u00f1o de altar esclarecedor presenta una representaci\u00f3n visual de los siete chakras, junto con sus s\u00edmbolos o colores correspondientes. Los bordes con flecos a\u00f1aden un atractivo sagrado. Perfecto para pr\u00e1cticas de sanaci\u00f3n energ\u00e9tica, meditaci\u00f3n centrada en el equilibrio de [&hellip;]<\/p>\n","protected":false},"featured_media":330210,"comment_status":"closed","ping_status":"open","template":"","meta":{"_angie_page":false},"product_brand":[],"product_cat":[18872,14456],"product_tag":[],"class_list":{"0":"post-233902","1":"product","2":"type-product","3":"status-publish","4":"has-post-thumbnail","6":"product_cat-cuencos-tibetanos-y-campanas","7":"product_cat-decoracion-hogar-y-jardin","8":"pa_collection-esoteric-altar-cloth-es","9":"pa_made-in-india","11":"first","12":"instock","13":"purchasable","14":"product-type-simple"},"supplier_id":null,"supplier_sku":"AltC-05","barcode":null,"atum_controlled":true,"out_stock_date":null,"out_stock_threshold":null,"inheritable":false,"inbound_stock":null,"stock_on_hold":0,"sold_today":0,"sales_last_days":0,"reserved_stock":null,"customer_returns":null,"warehouse_damage":null,"lost_in_post":null,"other_logs":null,"out_stock_days":0,"lost_sales":0,"has_location":null,"update_date":"2026-04-27T06:50:18","atum_locations":[],"atum_stock_status":"instock","restock_status":false,"low_stock_amount":"","sales_update_date":"2026-02-06T00:02:41","calc_backorders":null,"_links":{"self":[{"href":"https:\/\/aromasentia.com\/es\/wp-json\/wp\/v2\/product\/233902","targetHints":{"allow":["GET"]}}],"collection":[{"href":"https:\/\/aromasentia.com\/es\/wp-json\/wp\/v2\/product"}],"about":[{"href":"https:\/\/aromasentia.com\/es\/wp-json\/wp\/v2\/types\/product"}],"replies":[{"embeddable":true,"href":"https:\/\/aromasentia.com\/es\/wp-json\/wp\/v2\/comments?post=233902"}],"version-history":[{"count":0,"href":"https:\/\/aromasentia.com\/es\/wp-json\/wp\/v2\/product\/233902\/revisions"}],"wp:featuredmedia":[{"embeddable":true,"href":"https:\/\/aromasentia.com\/es\/wp-json\/wp\/v2\/media\/330210"}],"wp:attachment":[{"href":"https:\/\/aromasentia.com\/es\/wp-json\/wp\/v2\/media?parent=233902"}],"wp:term":[{"taxonomy":"product_brand","embeddable":true,"href":"https:\/\/aromasentia.com\/es\/wp-json\/wp\/v2\/product_brand?post=233902"},{"taxonomy":"product_cat","embeddable":true,"href":"https:\/\/aromasentia.com\/es\/wp-json\/wp\/v2\/product_cat?post=233902"},{"taxonomy":"product_tag","embeddable":true,"href":"https:\/\/aromasentia.com\/es\/wp-json\/wp\/v2\/product_tag?post=233902"}],"curies":[{"name":"wp","href":"https:\/\/api.w.org\/{rel}","templated":true}]}}