{"id":233898,"date":"2025-03-22T13:29:09","date_gmt":"2025-03-22T13:29:09","guid":{"rendered":"https:\/\/aromasentia.com\/product\/esoteric-fringed-altar-cloth-moon-sun-chart\/"},"modified":"2025-12-30T21:44:54","modified_gmt":"2025-12-30T21:44:54","slug":"mantel-de-altar-con-flecos-esotericos-grafico-de-la-luna-y-el-sol","status":"publish","type":"product","link":"https:\/\/aromasentia.com\/es\/mantel-de-altar-con-flecos-esotericos-grafico-de-la-luna-y-el-sol\/","title":{"rendered":"Mantel de altar con flecos esot\u00e9ricos &#8211; Gr\u00e1fico de la Luna y el Sol"},"content":{"rendered":"<p>Armoniza con las energ\u00edas c\u00f3smicas utilizando este pa\u00f1o de altar esot\u00e9rico con flecos &#8211; Carta de la Luna y el Sol. Este cautivador mantel de altar muestra cartas astrol\u00f3gicas o simb\u00f3licas relacionadas con la luna y el sol, que representan la dualidad, los ciclos y las influencias celestiales. El borde con flecos a\u00f1ade un toque de misticismo tradicional. Ideal para trabajos astrol\u00f3gicos, rituales estacionales o para crear un espacio sagrado que honre los ritmos del cosmos y la interacci\u00f3n de las energ\u00edas masculina y femenina.<\/p>\n","protected":false},"excerpt":{"rendered":"<p>Armoniza con las energ\u00edas c\u00f3smicas utilizando este pa\u00f1o de altar esot\u00e9rico con flecos &#8211; Carta de la Luna y el Sol. Este cautivador mantel de altar muestra cartas astrol\u00f3gicas o simb\u00f3licas relacionadas con la luna y el sol, que representan la dualidad, los ciclos y las influencias celestiales. El borde con flecos a\u00f1ade un toque [&hellip;]<\/p>\n","protected":false},"featured_media":330193,"comment_status":"closed","ping_status":"open","template":"","meta":{"_angie_page":false},"product_brand":[],"product_cat":[18872,14456],"product_tag":[],"class_list":{"0":"post-233898","1":"product","2":"type-product","3":"status-publish","4":"has-post-thumbnail","6":"product_cat-cuencos-tibetanos-y-campanas","7":"product_cat-decoracion-hogar-y-jardin","8":"pa_collection-esoteric-altar-cloth-es","9":"pa_made-in-india","11":"first","12":"instock","13":"purchasable","14":"product-type-simple"},"supplier_id":null,"supplier_sku":"AltC-04","barcode":null,"atum_controlled":true,"out_stock_date":null,"out_stock_threshold":null,"inheritable":false,"inbound_stock":null,"stock_on_hold":0,"sold_today":0,"sales_last_days":0,"reserved_stock":null,"customer_returns":null,"warehouse_damage":null,"lost_in_post":null,"other_logs":null,"out_stock_days":0,"lost_sales":0,"has_location":null,"update_date":"2026-04-27T06:50:18","atum_locations":[],"atum_stock_status":"instock","restock_status":false,"low_stock_amount":"","sales_update_date":"2025-10-09T03:23:13","calc_backorders":null,"_links":{"self":[{"href":"https:\/\/aromasentia.com\/es\/wp-json\/wp\/v2\/product\/233898","targetHints":{"allow":["GET"]}}],"collection":[{"href":"https:\/\/aromasentia.com\/es\/wp-json\/wp\/v2\/product"}],"about":[{"href":"https:\/\/aromasentia.com\/es\/wp-json\/wp\/v2\/types\/product"}],"replies":[{"embeddable":true,"href":"https:\/\/aromasentia.com\/es\/wp-json\/wp\/v2\/comments?post=233898"}],"version-history":[{"count":0,"href":"https:\/\/aromasentia.com\/es\/wp-json\/wp\/v2\/product\/233898\/revisions"}],"wp:featuredmedia":[{"embeddable":true,"href":"https:\/\/aromasentia.com\/es\/wp-json\/wp\/v2\/media\/330193"}],"wp:attachment":[{"href":"https:\/\/aromasentia.com\/es\/wp-json\/wp\/v2\/media?parent=233898"}],"wp:term":[{"taxonomy":"product_brand","embeddable":true,"href":"https:\/\/aromasentia.com\/es\/wp-json\/wp\/v2\/product_brand?post=233898"},{"taxonomy":"product_cat","embeddable":true,"href":"https:\/\/aromasentia.com\/es\/wp-json\/wp\/v2\/product_cat?post=233898"},{"taxonomy":"product_tag","embeddable":true,"href":"https:\/\/aromasentia.com\/es\/wp-json\/wp\/v2\/product_tag?post=233898"}],"curies":[{"name":"wp","href":"https:\/\/api.w.org\/{rel}","templated":true}]}}