{"id":233798,"date":"2025-03-22T13:29:17","date_gmt":"2025-03-22T13:29:17","guid":{"rendered":"https:\/\/aromasentia.com\/product\/bag-of-24-small-african-tumble-stones-jasper-red\/"},"modified":"2025-12-30T21:44:29","modified_gmt":"2025-12-30T21:44:29","slug":"pequenas-piedras-africanas-jaspe-rojo","status":"publish","type":"product","link":"https:\/\/aromasentia.com\/es\/pequenas-piedras-africanas-jaspe-rojo\/","title":{"rendered":"Peque\u00f1as piedras africanas &#8211; Jaspe &#8211; Rojo"},"content":{"rendered":"<p>El jaspe rojo es una roca sedimentaria compacta y de grano fino formada por calcedonia y cuarzo en cantidades variables. Tiene un color rojo c\u00e1lido y vetas de colores en la superficie. El jaspe rojo es conocido como la piedra de la resistencia que aporta fuerza y energ\u00eda f\u00edsica.<\/p>\n<p>Tama\u00f1o aprox : 10 &#8211; 30 [mm]\/ 333 piedras por 1kg <\/p>\n","protected":false},"excerpt":{"rendered":"<p>El jaspe rojo es una roca sedimentaria compacta y de grano fino formada por calcedonia y cuarzo en cantidades variables. Tiene un color rojo c\u00e1lido y vetas de colores en la superficie. El jaspe rojo es conocido como la piedra de la resistencia que aporta fuerza y energ\u00eda f\u00edsica. Tama\u00f1o aprox : 10 &#8211; 30 [&hellip;]<\/p>\n","protected":false},"featured_media":331069,"comment_status":"closed","ping_status":"open","template":"","meta":{"_angie_page":false},"product_brand":[],"product_cat":[25225,25643,18946,17274],"product_tag":[],"class_list":{"0":"post-233798","1":"product","2":"type-product","3":"status-publish","4":"has-post-thumbnail","6":"product_cat-gemas-y-minerales","7":"product_cat-jaspe","8":"product_cat-piedras-naturales","9":"product_cat-regalos-esotericos","10":"pa_made-in-sudafrica","12":"first","13":"instock","14":"purchasable","15":"product-type-simple"},"supplier_id":null,"supplier_sku":"ATumbleS-14","barcode":null,"atum_controlled":true,"out_stock_date":null,"out_stock_threshold":null,"inheritable":false,"inbound_stock":null,"stock_on_hold":0,"sold_today":0,"sales_last_days":0,"reserved_stock":null,"customer_returns":null,"warehouse_damage":null,"lost_in_post":null,"other_logs":null,"out_stock_days":0,"lost_sales":0,"has_location":null,"update_date":"2026-04-27T06:51:38","atum_locations":[],"atum_stock_status":"instock","restock_status":false,"low_stock_amount":"","sales_update_date":"2026-01-30T01:24:59","calc_backorders":null,"_links":{"self":[{"href":"https:\/\/aromasentia.com\/es\/wp-json\/wp\/v2\/product\/233798","targetHints":{"allow":["GET"]}}],"collection":[{"href":"https:\/\/aromasentia.com\/es\/wp-json\/wp\/v2\/product"}],"about":[{"href":"https:\/\/aromasentia.com\/es\/wp-json\/wp\/v2\/types\/product"}],"replies":[{"embeddable":true,"href":"https:\/\/aromasentia.com\/es\/wp-json\/wp\/v2\/comments?post=233798"}],"version-history":[{"count":0,"href":"https:\/\/aromasentia.com\/es\/wp-json\/wp\/v2\/product\/233798\/revisions"}],"wp:featuredmedia":[{"embeddable":true,"href":"https:\/\/aromasentia.com\/es\/wp-json\/wp\/v2\/media\/331069"}],"wp:attachment":[{"href":"https:\/\/aromasentia.com\/es\/wp-json\/wp\/v2\/media?parent=233798"}],"wp:term":[{"taxonomy":"product_brand","embeddable":true,"href":"https:\/\/aromasentia.com\/es\/wp-json\/wp\/v2\/product_brand?post=233798"},{"taxonomy":"product_cat","embeddable":true,"href":"https:\/\/aromasentia.com\/es\/wp-json\/wp\/v2\/product_cat?post=233798"},{"taxonomy":"product_tag","embeddable":true,"href":"https:\/\/aromasentia.com\/es\/wp-json\/wp\/v2\/product_tag?post=233798"}],"curies":[{"name":"wp","href":"https:\/\/api.w.org\/{rel}","templated":true}]}}