{"id":233762,"date":"2025-03-22T13:29:17","date_gmt":"2025-03-22T13:29:17","guid":{"rendered":"https:\/\/aromasentia.com\/product\/bag-of-24-small-african-tumble-stones-guinea-fowl\/"},"modified":"2025-12-30T21:44:21","modified_gmt":"2025-12-30T21:44:21","slug":"pequenas-piedras-africanas-gallina-de-guinea","status":"publish","type":"product","link":"https:\/\/aromasentia.com\/es\/pequenas-piedras-africanas-gallina-de-guinea\/","title":{"rendered":"Peque\u00f1as piedras africanas &#8211; Gallina de Guinea"},"content":{"rendered":"<p>El jaspe de pintada es una piedra negra con manchas blancas. Se asemeja a las plumas de las gallinas de Guinea del Congo en \u00c1frica. Se cree que apoya la meditaci\u00f3n y el desarrollo de la intuici\u00f3n y la creatividad. No debe ser colocado en el sol.<\/p>\n<p>Tama\u00f1o aprox : 10 &#8211; 30 [mm]\/ 333 piedras por 1kg <\/p>\n","protected":false},"excerpt":{"rendered":"<p>El jaspe de pintada es una piedra negra con manchas blancas. Se asemeja a las plumas de las gallinas de Guinea del Congo en \u00c1frica. Se cree que apoya la meditaci\u00f3n y el desarrollo de la intuici\u00f3n y la creatividad. No debe ser colocado en el sol. Tama\u00f1o aprox : 10 &#8211; 30 [mm]\/ 333 [&hellip;]<\/p>\n","protected":false},"featured_media":330924,"comment_status":"closed","ping_status":"open","template":"","meta":{"_angie_page":false},"product_brand":[],"product_cat":[18946,17274],"product_tag":[],"class_list":{"0":"post-233762","1":"product","2":"type-product","3":"status-publish","4":"has-post-thumbnail","6":"product_cat-piedras-naturales","7":"product_cat-regalos-esotericos","8":"pa_made-in-sudafrica","10":"first","11":"instock","12":"purchasable","13":"product-type-simple"},"supplier_id":null,"supplier_sku":"ATumbleS-04","barcode":null,"atum_controlled":true,"out_stock_date":null,"out_stock_threshold":null,"inheritable":false,"inbound_stock":null,"stock_on_hold":0,"sold_today":0,"sales_last_days":0,"reserved_stock":null,"customer_returns":null,"warehouse_damage":null,"lost_in_post":null,"other_logs":null,"out_stock_days":0,"lost_sales":0,"has_location":null,"update_date":"2026-04-27T06:51:38","atum_locations":[],"atum_stock_status":"instock","restock_status":false,"low_stock_amount":"","sales_update_date":"2025-10-09T03:23:59","calc_backorders":null,"_links":{"self":[{"href":"https:\/\/aromasentia.com\/es\/wp-json\/wp\/v2\/product\/233762","targetHints":{"allow":["GET"]}}],"collection":[{"href":"https:\/\/aromasentia.com\/es\/wp-json\/wp\/v2\/product"}],"about":[{"href":"https:\/\/aromasentia.com\/es\/wp-json\/wp\/v2\/types\/product"}],"replies":[{"embeddable":true,"href":"https:\/\/aromasentia.com\/es\/wp-json\/wp\/v2\/comments?post=233762"}],"version-history":[{"count":0,"href":"https:\/\/aromasentia.com\/es\/wp-json\/wp\/v2\/product\/233762\/revisions"}],"wp:featuredmedia":[{"embeddable":true,"href":"https:\/\/aromasentia.com\/es\/wp-json\/wp\/v2\/media\/330924"}],"wp:attachment":[{"href":"https:\/\/aromasentia.com\/es\/wp-json\/wp\/v2\/media?parent=233762"}],"wp:term":[{"taxonomy":"product_brand","embeddable":true,"href":"https:\/\/aromasentia.com\/es\/wp-json\/wp\/v2\/product_brand?post=233762"},{"taxonomy":"product_cat","embeddable":true,"href":"https:\/\/aromasentia.com\/es\/wp-json\/wp\/v2\/product_cat?post=233762"},{"taxonomy":"product_tag","embeddable":true,"href":"https:\/\/aromasentia.com\/es\/wp-json\/wp\/v2\/product_tag?post=233762"}],"curies":[{"name":"wp","href":"https:\/\/api.w.org\/{rel}","templated":true}]}}