{"id":233626,"date":"2025-03-22T13:29:24","date_gmt":"2025-03-22T13:29:24","guid":{"rendered":"https:\/\/aromasentia.com\/product\/crystal-glass-tea-infuser-bottle-rose-gold-red-jasper\/"},"modified":"2025-12-30T21:43:56","modified_gmt":"2025-12-30T21:43:56","slug":"botella-de-cristal-para-infusion-de-te-de-cristal-oro-rosa-jaspe-rojo","status":"publish","type":"product","link":"https:\/\/aromasentia.com\/es\/botella-de-cristal-para-infusion-de-te-de-cristal-oro-rosa-jaspe-rojo\/","title":{"rendered":"Botella de Cristal para Infusion de Te de Cristal &#8211; Oro Rosa &#8211; Jaspe Rojo"},"content":{"rendered":"<p>\u00a1A\u00f1ada este producto a su tienda f\u00edsica y online! Podr\u00e1 ofrecer a sus clientes una experiencia \u00fanica. Podr\u00e1n llevar su t\u00e9 o bebida favorita, junto a la gema preciosa de jaspe rojo.&nbsp;<\/p>\n<p>El jaspe rojo se conoce por fomentar la fuera la seguridad, aporta vitalidad y energiza el cuerpo.&nbsp;<\/p>\n<p>Sin BPA &ndash; Con una pr\u00e1ctica funda de neopreno &ndash; 500 ml &ndash; Infusor extra\u00edble.&nbsp;<\/p>\n<p>PRECAUCI\u00f3N: La botella se calienta mucho despu\u00e9s de verter agua caliente. Por seguridad, use con una cubierta.<\/p>\n<p>Solo venta al por mayor.&nbsp;<\/p>\n","protected":false},"excerpt":{"rendered":"<p>\u00a1A\u00f1ada este producto a su tienda f\u00edsica y online! Podr\u00e1 ofrecer a sus clientes una experiencia \u00fanica. Podr\u00e1n llevar su t\u00e9 o bebida favorita, junto a la gema preciosa de jaspe rojo.&nbsp; El jaspe rojo se conoce por fomentar la fuera la seguridad, aporta vitalidad y energiza el cuerpo.&nbsp; Sin BPA &ndash; Con una pr\u00e1ctica [&hellip;]<\/p>\n","protected":false},"featured_media":333605,"comment_status":"closed","ping_status":"open","template":"","meta":{"_angie_page":false},"product_brand":[],"product_cat":[25225,25643,19271,17274,25043],"product_tag":[],"class_list":{"0":"post-233626","1":"product","2":"type-product","3":"status-publish","4":"has-post-thumbnail","6":"product_cat-gemas-y-minerales","7":"product_cat-jaspe","8":"product_cat-joyas-con-piedras-naturales","9":"product_cat-regalos-esotericos","10":"product_cat-tes-e-infusiones","11":"pa_collection-crystal-glass-tea-infuser-bottles-es","12":"pa_made-in-china","14":"first","15":"instock","16":"purchasable","17":"product-type-simple"},"supplier_id":null,"supplier_sku":"CGTIB-04","barcode":null,"atum_controlled":true,"out_stock_date":null,"out_stock_threshold":null,"inheritable":false,"inbound_stock":null,"stock_on_hold":0,"sold_today":0,"sales_last_days":0,"reserved_stock":null,"customer_returns":null,"warehouse_damage":null,"lost_in_post":null,"other_logs":null,"out_stock_days":0,"lost_sales":0,"has_location":null,"update_date":"2026-04-27T06:56:56","atum_locations":[],"atum_stock_status":"instock","restock_status":false,"low_stock_amount":"","sales_update_date":"2025-10-09T03:27:45","calc_backorders":null,"_links":{"self":[{"href":"https:\/\/aromasentia.com\/es\/wp-json\/wp\/v2\/product\/233626","targetHints":{"allow":["GET"]}}],"collection":[{"href":"https:\/\/aromasentia.com\/es\/wp-json\/wp\/v2\/product"}],"about":[{"href":"https:\/\/aromasentia.com\/es\/wp-json\/wp\/v2\/types\/product"}],"replies":[{"embeddable":true,"href":"https:\/\/aromasentia.com\/es\/wp-json\/wp\/v2\/comments?post=233626"}],"version-history":[{"count":0,"href":"https:\/\/aromasentia.com\/es\/wp-json\/wp\/v2\/product\/233626\/revisions"}],"wp:featuredmedia":[{"embeddable":true,"href":"https:\/\/aromasentia.com\/es\/wp-json\/wp\/v2\/media\/333605"}],"wp:attachment":[{"href":"https:\/\/aromasentia.com\/es\/wp-json\/wp\/v2\/media?parent=233626"}],"wp:term":[{"taxonomy":"product_brand","embeddable":true,"href":"https:\/\/aromasentia.com\/es\/wp-json\/wp\/v2\/product_brand?post=233626"},{"taxonomy":"product_cat","embeddable":true,"href":"https:\/\/aromasentia.com\/es\/wp-json\/wp\/v2\/product_cat?post=233626"},{"taxonomy":"product_tag","embeddable":true,"href":"https:\/\/aromasentia.com\/es\/wp-json\/wp\/v2\/product_tag?post=233626"}],"curies":[{"name":"wp","href":"https:\/\/api.w.org\/{rel}","templated":true}]}}