{"id":233618,"date":"2025-03-22T13:29:24","date_gmt":"2025-03-22T13:29:24","guid":{"rendered":"https:\/\/aromasentia.com\/product\/crystal-glass-tea-infuser-bottle-rose-gold-rose-quartz\/"},"modified":"2025-12-30T21:43:56","modified_gmt":"2025-12-30T21:43:56","slug":"botella-de-cristal-para-infusion-de-te-de-cristal-oro-rosa-cuarzo-rosa","status":"publish","type":"product","link":"https:\/\/aromasentia.com\/es\/botella-de-cristal-para-infusion-de-te-de-cristal-oro-rosa-cuarzo-rosa\/","title":{"rendered":"Botella de Cristal para Infusion de Te de Cristal &#8211; Oro Rosa &#8211; Cuarzo Rosa"},"content":{"rendered":"<p>Si tiene una tienda de t\u00e9 o infusiones este producto puede ser ideal para su tienda. Una botella de cristal con gemas de cuarzo rosa, aparte de ser bonita es una botella muy pr\u00e1ctica.&nbsp;<\/p>\n<p>Estas botellas de cristal cuentan con un compartimento infusor que se puede extraer. La parte inferior de la botella es un compartimento separado y contiene tus gemas favoritas.<\/p>\n<p>El cuarzo rosa est\u00e1 asociado con el chakra del coraz\u00f3n y se conoce popularmente que ayuda a equilibrar las emociones, reducir el estr\u00e9s y liberar sentimientos como la ira o el resentimiento.&nbsp;<\/p>\n<p><strong>Precauci\u00f3n<\/strong>: tenga cuidado cuando vierta un l\u00edquido caliente, el vaso puede calentarse mucho r\u00e1pidamente. 500 ml &#8211;&nbsp;<\/p>\n<p><\/p>\n<p>Libre de BPA &#8211; Infusor extra\u00edble &#8211; Compartimento de gemas que se puede abrir.<\/p>\n","protected":false},"excerpt":{"rendered":"<p>Si tiene una tienda de t\u00e9 o infusiones este producto puede ser ideal para su tienda. Una botella de cristal con gemas de cuarzo rosa, aparte de ser bonita es una botella muy pr\u00e1ctica.&nbsp; Estas botellas de cristal cuentan con un compartimento infusor que se puede extraer. La parte inferior de la botella es un [&hellip;]<\/p>\n","protected":false},"featured_media":333523,"comment_status":"closed","ping_status":"open","template":"","meta":{"_angie_page":false},"product_brand":[],"product_cat":[25733,25748,25225,19271,17274,25043],"product_tag":[],"class_list":{"0":"post-233618","1":"product","2":"type-product","3":"status-publish","4":"has-post-thumbnail","6":"product_cat-cuarzo","7":"product_cat-cuarzo-rosa","8":"product_cat-gemas-y-minerales","9":"product_cat-joyas-con-piedras-naturales","10":"product_cat-regalos-esotericos","11":"product_cat-tes-e-infusiones","12":"pa_collection-crystal-glass-tea-infuser-bottles-es","13":"pa_made-in-china","15":"first","16":"instock","17":"purchasable","18":"product-type-simple"},"supplier_id":null,"supplier_sku":"CGTIB-02","barcode":null,"atum_controlled":true,"out_stock_date":null,"out_stock_threshold":null,"inheritable":false,"inbound_stock":null,"stock_on_hold":0,"sold_today":0,"sales_last_days":0,"reserved_stock":null,"customer_returns":null,"warehouse_damage":null,"lost_in_post":null,"other_logs":null,"out_stock_days":0,"lost_sales":0,"has_location":null,"update_date":"2026-05-08T05:06:09","atum_locations":[],"atum_stock_status":"instock","restock_status":false,"low_stock_amount":"","sales_update_date":"2025-10-09T03:27:45","calc_backorders":null,"_links":{"self":[{"href":"https:\/\/aromasentia.com\/es\/wp-json\/wp\/v2\/product\/233618","targetHints":{"allow":["GET"]}}],"collection":[{"href":"https:\/\/aromasentia.com\/es\/wp-json\/wp\/v2\/product"}],"about":[{"href":"https:\/\/aromasentia.com\/es\/wp-json\/wp\/v2\/types\/product"}],"replies":[{"embeddable":true,"href":"https:\/\/aromasentia.com\/es\/wp-json\/wp\/v2\/comments?post=233618"}],"version-history":[{"count":0,"href":"https:\/\/aromasentia.com\/es\/wp-json\/wp\/v2\/product\/233618\/revisions"}],"wp:featuredmedia":[{"embeddable":true,"href":"https:\/\/aromasentia.com\/es\/wp-json\/wp\/v2\/media\/333523"}],"wp:attachment":[{"href":"https:\/\/aromasentia.com\/es\/wp-json\/wp\/v2\/media?parent=233618"}],"wp:term":[{"taxonomy":"product_brand","embeddable":true,"href":"https:\/\/aromasentia.com\/es\/wp-json\/wp\/v2\/product_brand?post=233618"},{"taxonomy":"product_cat","embeddable":true,"href":"https:\/\/aromasentia.com\/es\/wp-json\/wp\/v2\/product_cat?post=233618"},{"taxonomy":"product_tag","embeddable":true,"href":"https:\/\/aromasentia.com\/es\/wp-json\/wp\/v2\/product_tag?post=233618"}],"curies":[{"name":"wp","href":"https:\/\/api.w.org\/{rel}","templated":true}]}}