{"id":233614,"date":"2025-03-22T13:29:24","date_gmt":"2025-03-22T13:29:24","guid":{"rendered":"https:\/\/aromasentia.com\/product\/crystal-glass-tea-infuser-bottle-rose-gold-amethyst\/"},"modified":"2025-12-30T21:43:56","modified_gmt":"2025-12-30T21:43:56","slug":"botella-de-cristal-para-infusion-de-te-oro-rosa-amatista","status":"publish","type":"product","link":"https:\/\/aromasentia.com\/es\/botella-de-cristal-para-infusion-de-te-oro-rosa-amatista\/","title":{"rendered":"Botella de Cristal para Infusion de Te &#8211; Oro Rosa &#8211; Amatista"},"content":{"rendered":"<p>Aroma Sentia Espa\u00f1a vende estas preciosas botellas de cristal perfectas para que sus clientes puedan disfruta de su bebida favorita como t\u00e9, matcha o agua.\u00a1 Adem\u00e1s de poder llevar siempre contigo tu gema favorita.!<\/p>\n<p>Sin BPA &ndash; Con una pr\u00e1ctica funda de neopreno &ndash; 500 ml &ndash; Infusor extra\u00edble.<\/p>\n<p>Se tiene la creencia que la amatista atrae calma y claridad.<\/p>\n<p>Nota: Estas botellas no son aptas para lavavajillas.&nbsp;<\/p>\n<p><strong>PRECAUCI\u00f3N<\/strong>: La botella se calienta mucho despu\u00e9s de verter agua caliente. Por seguridad, use con una cubierta.<\/p>\n<p><strong>Solo venta al por mayor.&nbsp;<\/strong><\/p>\n","protected":false},"excerpt":{"rendered":"<p>Aroma Sentia Espa\u00f1a vende estas preciosas botellas de cristal perfectas para que sus clientes puedan disfruta de su bebida favorita como t\u00e9, matcha o agua.\u00a1 Adem\u00e1s de poder llevar siempre contigo tu gema favorita.! Sin BPA &ndash; Con una pr\u00e1ctica funda de neopreno &ndash; 500 ml &ndash; Infusor extra\u00edble. Se tiene la creencia que la [&hellip;]<\/p>\n","protected":false},"featured_media":333482,"comment_status":"closed","ping_status":"open","template":"","meta":[],"product_brand":[],"product_cat":[25549,25225,19271,17274,25043],"product_tag":[],"class_list":{"0":"post-233614","1":"product","2":"type-product","3":"status-publish","4":"has-post-thumbnail","6":"product_cat-amatista","7":"product_cat-gemas-y-minerales","8":"product_cat-joyas-con-piedras-naturales","9":"product_cat-regalos-esotericos","10":"product_cat-tes-e-infusiones","11":"pa_collection-crystal-glass-tea-infuser-bottles-es","12":"pa_made-in-china","14":"first","15":"instock","16":"purchasable","17":"product-type-simple"},"supplier_id":null,"supplier_sku":"CGTIB-01","barcode":null,"atum_controlled":true,"out_stock_date":null,"out_stock_threshold":null,"inheritable":false,"inbound_stock":null,"stock_on_hold":0,"sold_today":0,"sales_last_days":0,"reserved_stock":null,"customer_returns":null,"warehouse_damage":null,"lost_in_post":null,"other_logs":null,"out_stock_days":0,"lost_sales":0,"has_location":null,"update_date":"2026-02-10T08:28:57","atum_locations":[],"atum_stock_status":"instock","restock_status":false,"low_stock_amount":"","sales_update_date":"2025-10-09T03:27:45","calc_backorders":null,"_links":{"self":[{"href":"https:\/\/aromasentia.com\/es\/wp-json\/wp\/v2\/product\/233614","targetHints":{"allow":["GET"]}}],"collection":[{"href":"https:\/\/aromasentia.com\/es\/wp-json\/wp\/v2\/product"}],"about":[{"href":"https:\/\/aromasentia.com\/es\/wp-json\/wp\/v2\/types\/product"}],"replies":[{"embeddable":true,"href":"https:\/\/aromasentia.com\/es\/wp-json\/wp\/v2\/comments?post=233614"}],"version-history":[{"count":0,"href":"https:\/\/aromasentia.com\/es\/wp-json\/wp\/v2\/product\/233614\/revisions"}],"wp:featuredmedia":[{"embeddable":true,"href":"https:\/\/aromasentia.com\/es\/wp-json\/wp\/v2\/media\/333482"}],"wp:attachment":[{"href":"https:\/\/aromasentia.com\/es\/wp-json\/wp\/v2\/media?parent=233614"}],"wp:term":[{"taxonomy":"product_brand","embeddable":true,"href":"https:\/\/aromasentia.com\/es\/wp-json\/wp\/v2\/product_brand?post=233614"},{"taxonomy":"product_cat","embeddable":true,"href":"https:\/\/aromasentia.com\/es\/wp-json\/wp\/v2\/product_cat?post=233614"},{"taxonomy":"product_tag","embeddable":true,"href":"https:\/\/aromasentia.com\/es\/wp-json\/wp\/v2\/product_tag?post=233614"}],"curies":[{"name":"wp","href":"https:\/\/api.w.org\/{rel}","templated":true}]}}