{"id":233606,"date":"2025-03-22T13:29:24","date_gmt":"2025-03-22T13:29:24","guid":{"rendered":"https:\/\/aromasentia.com\/product\/gemstone-essential-oil-roller-bottle-rock-quartz-silver-cap-gemstone-roller-tip-for-5ml-bottle-rock-quartz\/"},"modified":"2025-12-30T21:43:48","modified_gmt":"2025-12-30T21:43:48","slug":"botella-en-roll-on-con-gemas-cuarzo-roca-tapa-plateada","status":"publish","type":"product","link":"https:\/\/aromasentia.com\/es\/botella-en-roll-on-con-gemas-cuarzo-roca-tapa-plateada\/","title":{"rendered":"Botella en Roll-on con gemas &#8211; Cuarzo Roca &#8211; Tapa plateada"},"content":{"rendered":"<p>El frasco roll-on permite aplicar los aceites con precisi\u00f3n y facilidad sobre la piel. La bola est\u00e1 hecha de cuarzo de roca suavemente pulido. Las piedras colocadas en su interior proporcionan un efecto visual \u00fanico, tambi\u00e9n se cree que potencian el efecto de la mezcla dada.<\/p>\n<p><strong>Cuarzo de Roca<\/strong> se dice que tiene propiedades curativas, como promover el equilibrio emocional, y mejorar la intuici\u00f3n y la toma de decisiones. Tambi\u00e9n se dice que es una piedra de claridad, ayudando a despejar la mente y mejorar el crecimiento espiritual.<\/p>\n<p>Llene estas <strong>Gemstone Roller Bottles<\/strong> con cualquier cosa, que usted sabe que va a vender bien. Son perfectos para el uso de Aceites Esenciales, Aceites Perfumados, Mezclas de Muestras DIY, Esencias, Aromaterapia y otros l\u00edquidos.<\/p>\n<p> <strong>Perfiles de Piedra Preciosa<\/strong>.<\/p>\n","protected":false},"excerpt":{"rendered":"<p>El frasco roll-on permite aplicar los aceites con precisi\u00f3n y facilidad sobre la piel. La bola est\u00e1 hecha de cuarzo de roca suavemente pulido. Las piedras colocadas en su interior proporcionan un efecto visual \u00fanico, tambi\u00e9n se cree que potencian el efecto de la mezcla dada. Cuarzo de Roca se dice que tiene propiedades curativas, [&hellip;]<\/p>\n","protected":false},"featured_media":333400,"comment_status":"closed","ping_status":"open","template":"","meta":{"_angie_page":false},"product_brand":[],"product_cat":[16546,25733,25225,19271,17274],"product_tag":[],"class_list":{"0":"post-233606","1":"product","2":"type-product","3":"status-publish","4":"has-post-thumbnail","6":"product_cat-botellas-y-accesorios","7":"product_cat-cuarzo","8":"product_cat-gemas-y-minerales","9":"product_cat-joyas-con-piedras-naturales","10":"product_cat-regalos-esotericos","11":"pa_collection-gemstone-roller-bottles-and-balls-es","12":"pa_made-in-china","14":"first","15":"instock","16":"purchasable","17":"product-type-simple"},"supplier_id":null,"supplier_sku":"CGRB-13","barcode":null,"atum_controlled":true,"out_stock_date":null,"out_stock_threshold":null,"inheritable":false,"inbound_stock":null,"stock_on_hold":0,"sold_today":0,"sales_last_days":0,"reserved_stock":null,"customer_returns":null,"warehouse_damage":null,"lost_in_post":null,"other_logs":null,"out_stock_days":0,"lost_sales":0,"has_location":null,"update_date":"2026-04-27T06:56:56","atum_locations":[],"atum_stock_status":"instock","restock_status":false,"low_stock_amount":"","sales_update_date":"2025-10-09T03:27:45","calc_backorders":null,"_links":{"self":[{"href":"https:\/\/aromasentia.com\/es\/wp-json\/wp\/v2\/product\/233606","targetHints":{"allow":["GET"]}}],"collection":[{"href":"https:\/\/aromasentia.com\/es\/wp-json\/wp\/v2\/product"}],"about":[{"href":"https:\/\/aromasentia.com\/es\/wp-json\/wp\/v2\/types\/product"}],"replies":[{"embeddable":true,"href":"https:\/\/aromasentia.com\/es\/wp-json\/wp\/v2\/comments?post=233606"}],"version-history":[{"count":0,"href":"https:\/\/aromasentia.com\/es\/wp-json\/wp\/v2\/product\/233606\/revisions"}],"wp:featuredmedia":[{"embeddable":true,"href":"https:\/\/aromasentia.com\/es\/wp-json\/wp\/v2\/media\/333400"}],"wp:attachment":[{"href":"https:\/\/aromasentia.com\/es\/wp-json\/wp\/v2\/media?parent=233606"}],"wp:term":[{"taxonomy":"product_brand","embeddable":true,"href":"https:\/\/aromasentia.com\/es\/wp-json\/wp\/v2\/product_brand?post=233606"},{"taxonomy":"product_cat","embeddable":true,"href":"https:\/\/aromasentia.com\/es\/wp-json\/wp\/v2\/product_cat?post=233606"},{"taxonomy":"product_tag","embeddable":true,"href":"https:\/\/aromasentia.com\/es\/wp-json\/wp\/v2\/product_tag?post=233606"}],"curies":[{"name":"wp","href":"https:\/\/api.w.org\/{rel}","templated":true}]}}