{"id":233582,"date":"2025-03-22T13:29:24","date_gmt":"2025-03-22T13:29:24","guid":{"rendered":"https:\/\/aromasentia.com\/product\/gemstone-essential-oil-roller-bottle-black-tourmaline-wooden-cap-gemstone-roller-tip-for-5ml-bottle-black-tourmaline\/"},"modified":"2025-12-30T21:43:48","modified_gmt":"2025-12-30T21:43:48","slug":"botella-roll-on-con-gemas-turmalina-negra-tapa-de-madera","status":"publish","type":"product","link":"https:\/\/aromasentia.com\/es\/botella-roll-on-con-gemas-turmalina-negra-tapa-de-madera\/","title":{"rendered":"Botella Roll-on con gemas &#8211; Turmalina Negra &#8211; Tapa de madera"},"content":{"rendered":"<p>El frasco roll-on permite aplicar los aceites con precisi\u00f3n y facilidad sobre la piel. La bola est\u00e1 hecha de turmalina negra suavemente pulida. Las piedras colocadas en el interior proporcionan un efecto visual \u00fanico, tambi\u00e9n se cree que potencian el efecto de la mezcla dada.<\/p>\n<p><strong>Turmalina Negra<\/strong> se dice que es una buena piedra para aquellos que son sensibles a la radiaci\u00f3n electromagn\u00e9tica y para aquellos que est\u00e1n trabajando en el desarrollo espiritual. Tambi\u00e9n se cree que ayuda a superar el miedo y la ansiedad y aumentar la confianza en s\u00ed mismo.<\/p>\n<p>Llene estas <strong>Botellas Rodantes de Piedra Preciosa<\/strong> con cualquier cosa, que sepa que se vender\u00e1 bien. Son perfectos para el uso de Aceites Esenciales, Aceites Perfumados, Mezclas de Muestras DIY, Esencias, Aromaterapia y otros l\u00edquidos.<\/p>\n<p><strong><strong>Rodillos de Piedra Preciosa<\/strong>.<\/p>\n","protected":false},"excerpt":{"rendered":"<p>El frasco roll-on permite aplicar los aceites con precisi\u00f3n y facilidad sobre la piel. La bola est\u00e1 hecha de turmalina negra suavemente pulida. Las piedras colocadas en el interior proporcionan un efecto visual \u00fanico, tambi\u00e9n se cree que potencian el efecto de la mezcla dada. Turmalina Negra se dice que es una buena piedra para [&hellip;]<\/p>\n","protected":false},"featured_media":333146,"comment_status":"closed","ping_status":"open","template":"","meta":{"_angie_page":false},"product_brand":[],"product_cat":[16546,19271,17274],"product_tag":[],"class_list":{"0":"post-233582","1":"product","2":"type-product","3":"status-publish","4":"has-post-thumbnail","6":"product_cat-botellas-y-accesorios","7":"product_cat-joyas-con-piedras-naturales","8":"product_cat-regalos-esotericos","9":"pa_collection-gemstone-roller-bottles-and-balls-es","10":"pa_made-in-china","12":"first","13":"instock","14":"purchasable","15":"product-type-simple"},"supplier_id":null,"supplier_sku":"CGRB-07","barcode":null,"atum_controlled":true,"out_stock_date":null,"out_stock_threshold":null,"inheritable":false,"inbound_stock":null,"stock_on_hold":0,"sold_today":0,"sales_last_days":0,"reserved_stock":null,"customer_returns":null,"warehouse_damage":null,"lost_in_post":null,"other_logs":null,"out_stock_days":0,"lost_sales":0,"has_location":null,"update_date":"2026-04-27T06:56:56","atum_locations":[],"atum_stock_status":"instock","restock_status":false,"low_stock_amount":"","sales_update_date":"2026-01-30T01:26:12","calc_backorders":null,"_links":{"self":[{"href":"https:\/\/aromasentia.com\/es\/wp-json\/wp\/v2\/product\/233582","targetHints":{"allow":["GET"]}}],"collection":[{"href":"https:\/\/aromasentia.com\/es\/wp-json\/wp\/v2\/product"}],"about":[{"href":"https:\/\/aromasentia.com\/es\/wp-json\/wp\/v2\/types\/product"}],"replies":[{"embeddable":true,"href":"https:\/\/aromasentia.com\/es\/wp-json\/wp\/v2\/comments?post=233582"}],"version-history":[{"count":0,"href":"https:\/\/aromasentia.com\/es\/wp-json\/wp\/v2\/product\/233582\/revisions"}],"wp:featuredmedia":[{"embeddable":true,"href":"https:\/\/aromasentia.com\/es\/wp-json\/wp\/v2\/media\/333146"}],"wp:attachment":[{"href":"https:\/\/aromasentia.com\/es\/wp-json\/wp\/v2\/media?parent=233582"}],"wp:term":[{"taxonomy":"product_brand","embeddable":true,"href":"https:\/\/aromasentia.com\/es\/wp-json\/wp\/v2\/product_brand?post=233582"},{"taxonomy":"product_cat","embeddable":true,"href":"https:\/\/aromasentia.com\/es\/wp-json\/wp\/v2\/product_cat?post=233582"},{"taxonomy":"product_tag","embeddable":true,"href":"https:\/\/aromasentia.com\/es\/wp-json\/wp\/v2\/product_tag?post=233582"}],"curies":[{"name":"wp","href":"https:\/\/api.w.org\/{rel}","templated":true}]}}