{"id":233562,"date":"2025-03-22T13:29:24","date_gmt":"2025-03-22T13:29:24","guid":{"rendered":"https:\/\/aromasentia.com\/product\/gemstone-essential-oil-roller-bottle-sodalite-wooden-cap-gemstone-roller-tip-for-5ml-bottle-sodalite\/"},"modified":"2025-12-30T21:43:40","modified_gmt":"2025-12-30T21:43:40","slug":"botella-roll-on-con-gemas-sodalita-tapa-de-madera","status":"publish","type":"product","link":"https:\/\/aromasentia.com\/es\/botella-roll-on-con-gemas-sodalita-tapa-de-madera\/","title":{"rendered":"Botella Roll-on con gemas &#8211; Sodalita &#8211; Tapa de madera"},"content":{"rendered":"<p>El frasco roll-on permite aplicar los aceites con precisi\u00f3n y facilidad sobre la piel. La bola est\u00e1 hecha de sodalita suavemente pulida. Las piedras colocadas en el interior proporcionan un efecto visual \u00fanico, tambi\u00e9n se cree que mejoran el efecto de la mezcla dada.<\/p>\n<p><strong>Sodalita<\/strong> se dice que es \u00fatil para el sistema inmunol\u00f3gico y para el metabolismo, tambi\u00e9n se dice que equilibra el contenido mineral del cuerpo. Tambi\u00e9n se cree que es una piedra poderosa para la comunicaci\u00f3n y la autoexpresi\u00f3n, ayudando a aumentar la creatividad, la confianza en uno mismo y haciendo m\u00e1s f\u00e1cil expresarse.<\/p>\n<p>Llene estas <strong>Botellas Rodantes de Piedra Preciosa<\/strong> con cualquier cosa que sepa que se vender\u00e1 bien. Son perfectos para el uso de Aceites Esenciales, Aceites Perfumados, Mezclas de Muestras DIY, Esencias, Aromaterapia y otros l\u00edquidos.<\/p>\n<p>Para el uso en el hogar y en la oficina.<\/p>\n","protected":false},"excerpt":{"rendered":"<p>El frasco roll-on permite aplicar los aceites con precisi\u00f3n y facilidad sobre la piel. La bola est\u00e1 hecha de sodalita suavemente pulida. Las piedras colocadas en el interior proporcionan un efecto visual \u00fanico, tambi\u00e9n se cree que mejoran el efecto de la mezcla dada. Sodalita se dice que es \u00fatil para el sistema inmunol\u00f3gico y [&hellip;]<\/p>\n","protected":false},"featured_media":332901,"comment_status":"closed","ping_status":"open","template":"","meta":{"_angie_page":false},"product_brand":[],"product_cat":[16546,25225,19271,17274,25770],"product_tag":[],"class_list":{"0":"post-233562","1":"product","2":"type-product","3":"status-publish","4":"has-post-thumbnail","6":"product_cat-botellas-y-accesorios","7":"product_cat-gemas-y-minerales","8":"product_cat-joyas-con-piedras-naturales","9":"product_cat-regalos-esotericos","10":"product_cat-sodalita","11":"pa_collection-gemstone-roller-bottles-and-balls-es","12":"pa_made-in-china","14":"first","15":"instock","16":"purchasable","17":"product-type-simple"},"supplier_id":null,"supplier_sku":"CGRB-02","barcode":null,"atum_controlled":true,"out_stock_date":null,"out_stock_threshold":null,"inheritable":false,"inbound_stock":null,"stock_on_hold":0,"sold_today":0,"sales_last_days":0,"reserved_stock":null,"customer_returns":null,"warehouse_damage":null,"lost_in_post":null,"other_logs":null,"out_stock_days":0,"lost_sales":0,"has_location":null,"update_date":"2026-04-27T06:56:56","atum_locations":[],"atum_stock_status":"instock","restock_status":false,"low_stock_amount":"","sales_update_date":"2026-01-30T01:25:24","calc_backorders":null,"_links":{"self":[{"href":"https:\/\/aromasentia.com\/es\/wp-json\/wp\/v2\/product\/233562","targetHints":{"allow":["GET"]}}],"collection":[{"href":"https:\/\/aromasentia.com\/es\/wp-json\/wp\/v2\/product"}],"about":[{"href":"https:\/\/aromasentia.com\/es\/wp-json\/wp\/v2\/types\/product"}],"replies":[{"embeddable":true,"href":"https:\/\/aromasentia.com\/es\/wp-json\/wp\/v2\/comments?post=233562"}],"version-history":[{"count":0,"href":"https:\/\/aromasentia.com\/es\/wp-json\/wp\/v2\/product\/233562\/revisions"}],"wp:featuredmedia":[{"embeddable":true,"href":"https:\/\/aromasentia.com\/es\/wp-json\/wp\/v2\/media\/332901"}],"wp:attachment":[{"href":"https:\/\/aromasentia.com\/es\/wp-json\/wp\/v2\/media?parent=233562"}],"wp:term":[{"taxonomy":"product_brand","embeddable":true,"href":"https:\/\/aromasentia.com\/es\/wp-json\/wp\/v2\/product_brand?post=233562"},{"taxonomy":"product_cat","embeddable":true,"href":"https:\/\/aromasentia.com\/es\/wp-json\/wp\/v2\/product_cat?post=233562"},{"taxonomy":"product_tag","embeddable":true,"href":"https:\/\/aromasentia.com\/es\/wp-json\/wp\/v2\/product_tag?post=233562"}],"curies":[{"name":"wp","href":"https:\/\/api.w.org\/{rel}","templated":true}]}}