{"id":233430,"date":"2025-03-22T13:29:32","date_gmt":"2025-03-22T13:29:32","guid":{"rendered":"https:\/\/aromasentia.com\/product\/gemstone-lucky-elephant-crazy-lace-agate-50x35x25mm\/"},"modified":"2025-12-30T21:43:16","modified_gmt":"2025-12-30T21:43:16","slug":"elefante-de-la-suerte-con-piedra-preciosa-agata-de-encaje-50x35x25-mm","status":"publish","type":"product","link":"https:\/\/aromasentia.com\/es\/elefante-de-la-suerte-con-piedra-preciosa-agata-de-encaje-50x35x25-mm\/","title":{"rendered":"Elefante de la Suerte con Piedra Preciosa &#8211; Agata de Encaje &#8211; 50x35x25 mm"},"content":{"rendered":"<p>Abraza la estabilidad alegre con este Elefante de la Suerte de Piedra Preciosa &#8211; \u00c1gata de Encaje Loco. Esta singular figura de elefante, que mide aproximadamente 50x35x25mm, est\u00e1 tallada en vibrante \u00c1gata Crazy Lace, conocida como la \u00abPiedra de la Risa\u00bb o \u00abEncaje Feliz\u00bb. Los elefantes simbolizan la suerte y la sabidur\u00eda, mientras que el \u00c1gata Crazy Lace promueve la alegr\u00eda, el optimismo y la agilidad mental. Una pieza maravillosamente alegre y enraizante, perfecta para levantar el \u00e1nimo, fomentar patrones de pensamiento positivos y a\u00f1adir un toque de energ\u00eda juguetona.<\/p>\n","protected":false},"excerpt":{"rendered":"<p>Abraza la estabilidad alegre con este Elefante de la Suerte de Piedra Preciosa &#8211; \u00c1gata de Encaje Loco. Esta singular figura de elefante, que mide aproximadamente 50x35x25mm, est\u00e1 tallada en vibrante \u00c1gata Crazy Lace, conocida como la \u00abPiedra de la Risa\u00bb o \u00abEncaje Feliz\u00bb. Los elefantes simbolizan la suerte y la sabidur\u00eda, mientras que el [&hellip;]<\/p>\n","protected":false},"featured_media":335558,"comment_status":"closed","ping_status":"open","template":"","meta":[],"product_brand":[],"product_cat":[25541,25225,19271,17274],"product_tag":[],"class_list":{"0":"post-233430","1":"product","2":"type-product","3":"status-publish","4":"has-post-thumbnail","6":"product_cat-agata","7":"product_cat-gemas-y-minerales","8":"product_cat-joyas-con-piedras-naturales","9":"product_cat-regalos-esotericos","10":"pa_collection-gemstone-figures-es","11":"pa_made-in-china","13":"first","14":"instock","15":"purchasable","16":"product-type-simple"},"supplier_id":null,"supplier_sku":"GemF-57","barcode":null,"atum_controlled":true,"out_stock_date":null,"out_stock_threshold":null,"inheritable":false,"inbound_stock":null,"stock_on_hold":0,"sold_today":0,"sales_last_days":0,"reserved_stock":null,"customer_returns":null,"warehouse_damage":null,"lost_in_post":null,"other_logs":null,"out_stock_days":0,"lost_sales":0,"has_location":null,"update_date":"2026-02-11T03:22:18","atum_locations":[],"atum_stock_status":"instock","restock_status":false,"low_stock_amount":"","sales_update_date":"2026-02-06T00:00:45","calc_backorders":null,"_links":{"self":[{"href":"https:\/\/aromasentia.com\/es\/wp-json\/wp\/v2\/product\/233430","targetHints":{"allow":["GET"]}}],"collection":[{"href":"https:\/\/aromasentia.com\/es\/wp-json\/wp\/v2\/product"}],"about":[{"href":"https:\/\/aromasentia.com\/es\/wp-json\/wp\/v2\/types\/product"}],"replies":[{"embeddable":true,"href":"https:\/\/aromasentia.com\/es\/wp-json\/wp\/v2\/comments?post=233430"}],"version-history":[{"count":0,"href":"https:\/\/aromasentia.com\/es\/wp-json\/wp\/v2\/product\/233430\/revisions"}],"wp:featuredmedia":[{"embeddable":true,"href":"https:\/\/aromasentia.com\/es\/wp-json\/wp\/v2\/media\/335558"}],"wp:attachment":[{"href":"https:\/\/aromasentia.com\/es\/wp-json\/wp\/v2\/media?parent=233430"}],"wp:term":[{"taxonomy":"product_brand","embeddable":true,"href":"https:\/\/aromasentia.com\/es\/wp-json\/wp\/v2\/product_brand?post=233430"},{"taxonomy":"product_cat","embeddable":true,"href":"https:\/\/aromasentia.com\/es\/wp-json\/wp\/v2\/product_cat?post=233430"},{"taxonomy":"product_tag","embeddable":true,"href":"https:\/\/aromasentia.com\/es\/wp-json\/wp\/v2\/product_tag?post=233430"}],"curies":[{"name":"wp","href":"https:\/\/api.w.org\/{rel}","templated":true}]}}