{"id":233422,"date":"2025-03-22T13:29:32","date_gmt":"2025-03-22T13:29:32","guid":{"rendered":"https:\/\/aromasentia.com\/product\/gemstone-lucky-cat-gold-tiger-eye-50x35x25mm\/"},"modified":"2025-12-30T21:43:16","modified_gmt":"2025-12-30T21:43:16","slug":"gato-de-la-suerte-con-piedras-preciosas-ojo-de-tigre-50x35x25-mm","status":"publish","type":"product","link":"https:\/\/aromasentia.com\/es\/gato-de-la-suerte-con-piedras-preciosas-ojo-de-tigre-50x35x25-mm\/","title":{"rendered":"Gato de la Suerte con Piedras Preciosas &#8211; Ojo de Tigre &#8211; 50x35x25 mm"},"content":{"rendered":"<p>Aumenta la confianza y la prosperidad con esta Gema Gato de la Suerte &#8211; Ojo de Tigre Dorado. Esta cautivadora talla de Gato de la Suerte, de aproximadamente 50x35x25mm, est\u00e1 elaborada con brillante Ojo de Tigre Dorado. El Maneki-neko atrae la buena suerte y la riqueza, mientras que el Ojo de Tigre Dorado potencia el valor, la claridad de pensamiento y el poder personal, tambi\u00e9n conocido por atraer la prosperidad. Una estatuilla din\u00e1mica y auspiciosa, perfecta para su espacio de trabajo o su hogar, para invitar al \u00e9xito, la confianza y un flujo constante de buena fortuna.<\/p>\n","protected":false},"excerpt":{"rendered":"<p>Aumenta la confianza y la prosperidad con esta Gema Gato de la Suerte &#8211; Ojo de Tigre Dorado. Esta cautivadora talla de Gato de la Suerte, de aproximadamente 50x35x25mm, est\u00e1 elaborada con brillante Ojo de Tigre Dorado. El Maneki-neko atrae la buena suerte y la riqueza, mientras que el Ojo de Tigre Dorado potencia el [&hellip;]<\/p>\n","protected":false},"featured_media":335524,"comment_status":"closed","ping_status":"open","template":"","meta":{"_angie_page":false},"product_brand":[],"product_cat":[25225,19271,25784,17274],"product_tag":[],"class_list":{"0":"post-233422","1":"product","2":"type-product","3":"status-publish","4":"has-post-thumbnail","6":"product_cat-gemas-y-minerales","7":"product_cat-joyas-con-piedras-naturales","8":"product_cat-ojo-de-tigre","9":"product_cat-regalos-esotericos","10":"pa_collection-gemstone-figures-es","11":"pa_made-in-china","13":"first","14":"instock","15":"purchasable","16":"product-type-simple"},"supplier_id":null,"supplier_sku":"GemF-54","barcode":null,"atum_controlled":true,"out_stock_date":null,"out_stock_threshold":null,"inheritable":false,"inbound_stock":null,"stock_on_hold":0,"sold_today":0,"sales_last_days":0,"reserved_stock":null,"customer_returns":null,"warehouse_damage":null,"lost_in_post":null,"other_logs":null,"out_stock_days":0,"lost_sales":0,"has_location":null,"update_date":"2026-05-04T00:03:55","atum_locations":[],"atum_stock_status":"instock","restock_status":false,"low_stock_amount":"","sales_update_date":"2026-01-30T01:24:29","calc_backorders":null,"_links":{"self":[{"href":"https:\/\/aromasentia.com\/es\/wp-json\/wp\/v2\/product\/233422","targetHints":{"allow":["GET"]}}],"collection":[{"href":"https:\/\/aromasentia.com\/es\/wp-json\/wp\/v2\/product"}],"about":[{"href":"https:\/\/aromasentia.com\/es\/wp-json\/wp\/v2\/types\/product"}],"replies":[{"embeddable":true,"href":"https:\/\/aromasentia.com\/es\/wp-json\/wp\/v2\/comments?post=233422"}],"version-history":[{"count":0,"href":"https:\/\/aromasentia.com\/es\/wp-json\/wp\/v2\/product\/233422\/revisions"}],"wp:featuredmedia":[{"embeddable":true,"href":"https:\/\/aromasentia.com\/es\/wp-json\/wp\/v2\/media\/335524"}],"wp:attachment":[{"href":"https:\/\/aromasentia.com\/es\/wp-json\/wp\/v2\/media?parent=233422"}],"wp:term":[{"taxonomy":"product_brand","embeddable":true,"href":"https:\/\/aromasentia.com\/es\/wp-json\/wp\/v2\/product_brand?post=233422"},{"taxonomy":"product_cat","embeddable":true,"href":"https:\/\/aromasentia.com\/es\/wp-json\/wp\/v2\/product_cat?post=233422"},{"taxonomy":"product_tag","embeddable":true,"href":"https:\/\/aromasentia.com\/es\/wp-json\/wp\/v2\/product_tag?post=233422"}],"curies":[{"name":"wp","href":"https:\/\/api.w.org\/{rel}","templated":true}]}}