{"id":233410,"date":"2025-03-22T13:29:32","date_gmt":"2025-03-22T13:29:32","guid":{"rendered":"https:\/\/aromasentia.com\/product\/gemstone-large-dragon-head-sodalite-60x30x35mm\/"},"modified":"2025-12-30T21:43:16","modified_gmt":"2025-12-30T21:43:16","slug":"cabeza-de-dragon-de-piedra-preciosa-grande-sodalita-60x30x35-mm","status":"publish","type":"product","link":"https:\/\/aromasentia.com\/es\/cabeza-de-dragon-de-piedra-preciosa-grande-sodalita-60x30x35-mm\/","title":{"rendered":"Cabeza de Dragon de Piedra Preciosa &#8211; Grande &#8211; Sodalita &#8211; 60x30x35 mm"},"content":{"rendered":"<p>Accede a la sabidur\u00eda profunda con esta Gema Cabeza de Drag\u00f3n Grande &#8211; Sodalita. Esta llamativa talla de cabeza de drag\u00f3n grande, que mide aproximadamente 60x30x35 mm, est\u00e1 hecha de sodalita azul. Fusiona el poder simb\u00f3lico del drag\u00f3n y el conocimiento ancestral con la capacidad de la sodalita para mejorar la l\u00f3gica, la intuici\u00f3n y la comunicaci\u00f3n clara. Una pieza excelente para estudiantes, escritores o cualquiera que busque profundizar en su comprensi\u00f3n y expresar sus ideas con claridad y confianza.<\/p>\n","protected":false},"excerpt":{"rendered":"<p>Accede a la sabidur\u00eda profunda con esta Gema Cabeza de Drag\u00f3n Grande &#8211; Sodalita. Esta llamativa talla de cabeza de drag\u00f3n grande, que mide aproximadamente 60x30x35 mm, est\u00e1 hecha de sodalita azul. Fusiona el poder simb\u00f3lico del drag\u00f3n y el conocimiento ancestral con la capacidad de la sodalita para mejorar la l\u00f3gica, la intuici\u00f3n y [&hellip;]<\/p>\n","protected":false},"featured_media":335473,"comment_status":"closed","ping_status":"open","template":"","meta":{"_angie_page":false},"product_brand":[],"product_cat":[25225,19271,17274,25770],"product_tag":[],"class_list":{"0":"post-233410","1":"product","2":"type-product","3":"status-publish","4":"has-post-thumbnail","6":"product_cat-gemas-y-minerales","7":"product_cat-joyas-con-piedras-naturales","8":"product_cat-regalos-esotericos","9":"product_cat-sodalita","10":"pa_collection-gemstone-figures-es","11":"pa_made-in-china","13":"first","14":"instock","15":"purchasable","16":"product-type-simple"},"supplier_id":null,"supplier_sku":"GemF-50","barcode":null,"atum_controlled":true,"out_stock_date":null,"out_stock_threshold":null,"inheritable":false,"inbound_stock":null,"stock_on_hold":0,"sold_today":0,"sales_last_days":0,"reserved_stock":null,"customer_returns":null,"warehouse_damage":null,"lost_in_post":null,"other_logs":null,"out_stock_days":0,"lost_sales":0,"has_location":null,"update_date":"2026-04-27T07:04:45","atum_locations":[],"atum_stock_status":"instock","restock_status":false,"low_stock_amount":"","sales_update_date":"2026-01-30T01:25:47","calc_backorders":null,"_links":{"self":[{"href":"https:\/\/aromasentia.com\/es\/wp-json\/wp\/v2\/product\/233410","targetHints":{"allow":["GET"]}}],"collection":[{"href":"https:\/\/aromasentia.com\/es\/wp-json\/wp\/v2\/product"}],"about":[{"href":"https:\/\/aromasentia.com\/es\/wp-json\/wp\/v2\/types\/product"}],"replies":[{"embeddable":true,"href":"https:\/\/aromasentia.com\/es\/wp-json\/wp\/v2\/comments?post=233410"}],"version-history":[{"count":0,"href":"https:\/\/aromasentia.com\/es\/wp-json\/wp\/v2\/product\/233410\/revisions"}],"wp:featuredmedia":[{"embeddable":true,"href":"https:\/\/aromasentia.com\/es\/wp-json\/wp\/v2\/media\/335473"}],"wp:attachment":[{"href":"https:\/\/aromasentia.com\/es\/wp-json\/wp\/v2\/media?parent=233410"}],"wp:term":[{"taxonomy":"product_brand","embeddable":true,"href":"https:\/\/aromasentia.com\/es\/wp-json\/wp\/v2\/product_brand?post=233410"},{"taxonomy":"product_cat","embeddable":true,"href":"https:\/\/aromasentia.com\/es\/wp-json\/wp\/v2\/product_cat?post=233410"},{"taxonomy":"product_tag","embeddable":true,"href":"https:\/\/aromasentia.com\/es\/wp-json\/wp\/v2\/product_tag?post=233410"}],"curies":[{"name":"wp","href":"https:\/\/api.w.org\/{rel}","templated":true}]}}