{"id":233406,"date":"2025-03-22T13:29:32","date_gmt":"2025-03-22T13:29:32","guid":{"rendered":"https:\/\/aromasentia.com\/product\/gemstone-large-dragon-head-bloodstone-60x30x35mm\/"},"modified":"2025-12-30T21:43:16","modified_gmt":"2025-12-30T21:43:16","slug":"cabeza-de-dragon-de-piedra-preciosa-grande-sangre-de-dragon-60x30x35-mm","status":"publish","type":"product","link":"https:\/\/aromasentia.com\/es\/cabeza-de-dragon-de-piedra-preciosa-grande-sangre-de-dragon-60x30x35-mm\/","title":{"rendered":"Cabeza de Dragon de Piedra Preciosa &#8211; Grande  &#8211; Sangre de Dragon &#8211; 60x30x35 mm"},"content":{"rendered":"<p>Encarna la fuerza y la curaci\u00f3n con esta Gema Cabeza de Drag\u00f3n Grande &#8211; Piedra de Sangre. Tallada en potente Piedra de Sangre, esta gran cabeza de drag\u00f3n (aprox. 60x30x35mm) es un poderoso emblema de coraje, vitalidad y protecci\u00f3n. El drag\u00f3n, s\u00edmbolo del poder elemental, unido a las propiedades purificadoras y energizantes de la hematites, crea un talism\u00e1n formidable. Perfecto para quienes buscan aumentar la resistencia, superar retos o a\u00f1adir una importante energ\u00eda protectora y vitalizadora a su entorno.<\/p>\n","protected":false},"excerpt":{"rendered":"<p>Encarna la fuerza y la curaci\u00f3n con esta Gema Cabeza de Drag\u00f3n Grande &#8211; Piedra de Sangre. Tallada en potente Piedra de Sangre, esta gran cabeza de drag\u00f3n (aprox. 60x30x35mm) es un poderoso emblema de coraje, vitalidad y protecci\u00f3n. El drag\u00f3n, s\u00edmbolo del poder elemental, unido a las propiedades purificadoras y energizantes de la hematites, [&hellip;]<\/p>\n","protected":false},"featured_media":335456,"comment_status":"closed","ping_status":"open","template":"","meta":{"_angie_page":false},"product_brand":[],"product_cat":[25225,19271,25570,17274],"product_tag":[],"class_list":{"0":"post-233406","1":"product","2":"type-product","3":"status-publish","4":"has-post-thumbnail","6":"product_cat-gemas-y-minerales","7":"product_cat-joyas-con-piedras-naturales","8":"product_cat-piedra-de-sangre","9":"product_cat-regalos-esotericos","10":"pa_collection-gemstone-figures-es","11":"pa_made-in-china","13":"first","14":"instock","15":"purchasable","16":"product-type-simple"},"supplier_id":null,"supplier_sku":"GemF-49","barcode":null,"atum_controlled":true,"out_stock_date":null,"out_stock_threshold":null,"inheritable":false,"inbound_stock":null,"stock_on_hold":0,"sold_today":0,"sales_last_days":0,"reserved_stock":null,"customer_returns":null,"warehouse_damage":null,"lost_in_post":null,"other_logs":null,"out_stock_days":0,"lost_sales":0,"has_location":null,"update_date":"2026-04-27T07:04:45","atum_locations":[],"atum_stock_status":"instock","restock_status":false,"low_stock_amount":"","sales_update_date":"2026-01-30T01:25:27","calc_backorders":null,"_links":{"self":[{"href":"https:\/\/aromasentia.com\/es\/wp-json\/wp\/v2\/product\/233406","targetHints":{"allow":["GET"]}}],"collection":[{"href":"https:\/\/aromasentia.com\/es\/wp-json\/wp\/v2\/product"}],"about":[{"href":"https:\/\/aromasentia.com\/es\/wp-json\/wp\/v2\/types\/product"}],"replies":[{"embeddable":true,"href":"https:\/\/aromasentia.com\/es\/wp-json\/wp\/v2\/comments?post=233406"}],"version-history":[{"count":0,"href":"https:\/\/aromasentia.com\/es\/wp-json\/wp\/v2\/product\/233406\/revisions"}],"wp:featuredmedia":[{"embeddable":true,"href":"https:\/\/aromasentia.com\/es\/wp-json\/wp\/v2\/media\/335456"}],"wp:attachment":[{"href":"https:\/\/aromasentia.com\/es\/wp-json\/wp\/v2\/media?parent=233406"}],"wp:term":[{"taxonomy":"product_brand","embeddable":true,"href":"https:\/\/aromasentia.com\/es\/wp-json\/wp\/v2\/product_brand?post=233406"},{"taxonomy":"product_cat","embeddable":true,"href":"https:\/\/aromasentia.com\/es\/wp-json\/wp\/v2\/product_cat?post=233406"},{"taxonomy":"product_tag","embeddable":true,"href":"https:\/\/aromasentia.com\/es\/wp-json\/wp\/v2\/product_tag?post=233406"}],"curies":[{"name":"wp","href":"https:\/\/api.w.org\/{rel}","templated":true}]}}