{"id":233190,"date":"2025-03-22T13:29:41","date_gmt":"2025-03-22T13:29:41","guid":{"rendered":"https:\/\/aromasentia.com\/product\/cotton-pouch-for-gemstone-face-rollers-10oz-black-9x19xm\/"},"modified":"2025-12-30T21:42:29","modified_gmt":"2025-12-30T21:42:29","slug":"bolsa-de-algodon-para-rodillos-faciales-de-piedras-preciosas","status":"publish","type":"product","link":"https:\/\/aromasentia.com\/es\/bolsa-de-algodon-para-rodillos-faciales-de-piedras-preciosas\/","title":{"rendered":"Bolsa de algod\u00f3n para rodillos faciales de piedras preciosas"},"content":{"rendered":"<p>Aroma Sentia vende estas bolsas de algod\u00f3n negras para que los complemente con los rodillos faciales. Son un producto f\u00e1cil y pr\u00e1ctico de usar.&nbsp;<\/p>\n<p>Estas bolsas proteger\u00e1n el producto y adem\u00e1s puede a\u00f1adirle su marca o logo para ser una venta m\u00e1s personalizada.&nbsp;<\/p>\n<p><strong>Las medidas del producto son 19x9x 0.5 cm. <\/strong><\/p>\n<p><\/p>\n","protected":false},"excerpt":{"rendered":"<p>Aroma Sentia vende estas bolsas de algod\u00f3n negras para que los complemente con los rodillos faciales. Son un producto f\u00e1cil y pr\u00e1ctico de usar.&nbsp; Estas bolsas proteger\u00e1n el producto y adem\u00e1s puede a\u00f1adirle su marca o logo para ser una venta m\u00e1s personalizada.&nbsp; Las medidas del producto son 19x9x 0.5 cm.<\/p>\n","protected":false},"featured_media":336118,"comment_status":"closed","ping_status":"open","template":"","meta":{"_angie_page":false},"product_brand":[27071],"product_cat":[19453,19271,19454,17274],"product_tag":[],"class_list":{"0":"post-233190","1":"product","2":"type-product","3":"status-publish","4":"has-post-thumbnail","6":"product_brand-aw-cosmetics","7":"product_cat-bano-y-ducha","8":"product_cat-joyas-con-piedras-naturales","9":"product_cat-masajeador-de-madera","10":"product_cat-regalos-esotericos","11":"pa_collection-gemstone-face-roller-es","12":"pa_made-in-india","14":"first","15":"instock","16":"purchasable","17":"product-type-simple"},"supplier_id":null,"supplier_sku":"GemFR-Pouch","barcode":null,"atum_controlled":true,"out_stock_date":null,"out_stock_threshold":null,"inheritable":false,"inbound_stock":null,"stock_on_hold":0,"sold_today":0,"sales_last_days":0,"reserved_stock":null,"customer_returns":null,"warehouse_damage":null,"lost_in_post":null,"other_logs":null,"out_stock_days":0,"lost_sales":0,"has_location":null,"update_date":"2026-04-27T07:05:16","atum_locations":[],"atum_stock_status":"instock","restock_status":false,"low_stock_amount":"","sales_update_date":"2025-09-04T00:22:26","calc_backorders":null,"_links":{"self":[{"href":"https:\/\/aromasentia.com\/es\/wp-json\/wp\/v2\/product\/233190","targetHints":{"allow":["GET"]}}],"collection":[{"href":"https:\/\/aromasentia.com\/es\/wp-json\/wp\/v2\/product"}],"about":[{"href":"https:\/\/aromasentia.com\/es\/wp-json\/wp\/v2\/types\/product"}],"replies":[{"embeddable":true,"href":"https:\/\/aromasentia.com\/es\/wp-json\/wp\/v2\/comments?post=233190"}],"version-history":[{"count":0,"href":"https:\/\/aromasentia.com\/es\/wp-json\/wp\/v2\/product\/233190\/revisions"}],"wp:featuredmedia":[{"embeddable":true,"href":"https:\/\/aromasentia.com\/es\/wp-json\/wp\/v2\/media\/336118"}],"wp:attachment":[{"href":"https:\/\/aromasentia.com\/es\/wp-json\/wp\/v2\/media?parent=233190"}],"wp:term":[{"taxonomy":"product_brand","embeddable":true,"href":"https:\/\/aromasentia.com\/es\/wp-json\/wp\/v2\/product_brand?post=233190"},{"taxonomy":"product_cat","embeddable":true,"href":"https:\/\/aromasentia.com\/es\/wp-json\/wp\/v2\/product_cat?post=233190"},{"taxonomy":"product_tag","embeddable":true,"href":"https:\/\/aromasentia.com\/es\/wp-json\/wp\/v2\/product_tag?post=233190"}],"curies":[{"name":"wp","href":"https:\/\/api.w.org\/{rel}","templated":true}]}}