{"id":233186,"date":"2025-03-22T13:29:41","date_gmt":"2025-03-22T13:29:41","guid":{"rendered":"https:\/\/aromasentia.com\/product\/gemstone-vibration-pad-rock-quartz\/"},"modified":"2025-12-30T21:42:29","modified_gmt":"2025-12-30T21:42:29","slug":"rodillo-con-vibracion-de-piedras-preciosas-cuarzo-de-roca","status":"publish","type":"product","link":"https:\/\/aromasentia.com\/es\/rodillo-con-vibracion-de-piedras-preciosas-cuarzo-de-roca\/","title":{"rendered":"Rodillo con Vibraci\u00f3n de Piedras Preciosas &#8211; Cuarzo de Roca"},"content":{"rendered":"<p>El cristal de roca es famoso porque permite limpiar y recargar minerales. Esta piedra proviene de la familia de los cuarzos.<\/p>\n<p>Desde el punto de vista de la litoterapia, se tiene la creencia que <strong>esta piedra es ideal para tener una mayor claridad mental.<\/strong><\/p>\n<p>Los rodillos faciales con vibraci\u00f3n es que <strong>promueve la circulaci\u00f3n<\/strong>, activando el metabolismo de las c\u00e9lulas. Adem\u00e1s, <strong>alivia la tensi\u00f3n<\/strong> y <strong>minimiza el hinchaz\u00f3n facial<\/strong>.<\/p>\n<p><strong><span style=\"color: rgb(235, 107, 86);\">Tenga en cuenta que la bater\u00eda no est\u00e1 incluida.<\/span><\/strong> La bater\u00eda para este producto es con la pila AA<\/p>\n<p>Puede combinar este producto con nuestras <a href=\"https:\/\/aromasentia.com\/tkong\" rel=\"noopener noreferrer\" target=\"_blank\">esponjas konjac<\/a> o <a href=\"https:\/\/aromasentia.com\/clay\" rel=\"noopener noreferrer\" target=\"_blank\">arcillas faciales.&nbsp;<\/a><\/p>\n<p><strong>Peso: 70-73g gramos.&nbsp;<\/strong><\/p>\n<p><strong>*Tama\u00f1o: Largo 15,5 cm, Ancho 2,5 cm, Alto 3 cm<\/strong><\/p>\n","protected":false},"excerpt":{"rendered":"<p>El cristal de roca es famoso porque permite limpiar y recargar minerales. Esta piedra proviene de la familia de los cuarzos. Desde el punto de vista de la litoterapia, se tiene la creencia que esta piedra es ideal para tener una mayor claridad mental. Los rodillos faciales con vibraci\u00f3n es que promueve la circulaci\u00f3n, activando [&hellip;]<\/p>\n","protected":false},"featured_media":336109,"comment_status":"closed","ping_status":"open","template":"","meta":{"_angie_page":false},"product_brand":[27071],"product_cat":[19453,25733,25225,19271,19454,17274],"product_tag":[],"class_list":{"0":"post-233186","1":"product","2":"type-product","3":"status-publish","4":"has-post-thumbnail","6":"product_brand-aw-cosmetics","7":"product_cat-bano-y-ducha","8":"product_cat-cuarzo","9":"product_cat-gemas-y-minerales","10":"product_cat-joyas-con-piedras-naturales","11":"product_cat-masajeador-de-madera","12":"product_cat-regalos-esotericos","13":"pa_collection-gemstone-face-roller-es","14":"pa_made-in-china","16":"first","17":"instock","18":"purchasable","19":"product-type-simple"},"supplier_id":null,"supplier_sku":"GemFR-21","barcode":null,"atum_controlled":true,"out_stock_date":null,"out_stock_threshold":null,"inheritable":false,"inbound_stock":null,"stock_on_hold":0,"sold_today":0,"sales_last_days":0,"reserved_stock":null,"customer_returns":null,"warehouse_damage":null,"lost_in_post":null,"other_logs":null,"out_stock_days":0,"lost_sales":0,"has_location":null,"update_date":"2026-04-27T07:05:16","atum_locations":[],"atum_stock_status":"instock","restock_status":false,"low_stock_amount":"","sales_update_date":"2025-09-05T00:24:07","calc_backorders":null,"_links":{"self":[{"href":"https:\/\/aromasentia.com\/es\/wp-json\/wp\/v2\/product\/233186","targetHints":{"allow":["GET"]}}],"collection":[{"href":"https:\/\/aromasentia.com\/es\/wp-json\/wp\/v2\/product"}],"about":[{"href":"https:\/\/aromasentia.com\/es\/wp-json\/wp\/v2\/types\/product"}],"replies":[{"embeddable":true,"href":"https:\/\/aromasentia.com\/es\/wp-json\/wp\/v2\/comments?post=233186"}],"version-history":[{"count":0,"href":"https:\/\/aromasentia.com\/es\/wp-json\/wp\/v2\/product\/233186\/revisions"}],"wp:featuredmedia":[{"embeddable":true,"href":"https:\/\/aromasentia.com\/es\/wp-json\/wp\/v2\/media\/336109"}],"wp:attachment":[{"href":"https:\/\/aromasentia.com\/es\/wp-json\/wp\/v2\/media?parent=233186"}],"wp:term":[{"taxonomy":"product_brand","embeddable":true,"href":"https:\/\/aromasentia.com\/es\/wp-json\/wp\/v2\/product_brand?post=233186"},{"taxonomy":"product_cat","embeddable":true,"href":"https:\/\/aromasentia.com\/es\/wp-json\/wp\/v2\/product_cat?post=233186"},{"taxonomy":"product_tag","embeddable":true,"href":"https:\/\/aromasentia.com\/es\/wp-json\/wp\/v2\/product_tag?post=233186"}],"curies":[{"name":"wp","href":"https:\/\/api.w.org\/{rel}","templated":true}]}}