{"id":233178,"date":"2025-03-22T13:29:41","date_gmt":"2025-03-22T13:29:41","guid":{"rendered":"https:\/\/aromasentia.com\/product\/gemstone-vibration-pad-rose-quartz\/"},"modified":"2025-12-30T21:42:29","modified_gmt":"2025-12-30T21:42:29","slug":"rodillo-con-vibracion-de-piedras-preciosas-cuarzo-rosa","status":"publish","type":"product","link":"https:\/\/aromasentia.com\/es\/rodillo-con-vibracion-de-piedras-preciosas-cuarzo-rosa\/","title":{"rendered":"Rodillo con Vibraci\u00f3n de Piedras Preciosas &#8211; Cuarzo rosa"},"content":{"rendered":"<p>El<strong>&nbsp;cuarzo rosa&nbsp;<\/strong>est\u00e1 asociado con el <strong>chakra del coraz\u00f3n<\/strong> y se conoce popularmente que ayuda a <strong>equilibrar las emociones<\/strong>, <strong>reducir el estr\u00e9s<\/strong> y <strong>liberar sentimientos<\/strong> como la ira o el resentimiento.<\/p>\n<p>Los rodillos faciales con vibraci\u00f3n de Aroma Sentia son un producto ideal para a\u00f1adir en su gama de ba\u00f1o o cuidado personal.&nbsp;<\/p>\n<p>El principal beneficio de los rodillos faciales con vibraci\u00f3n es que <strong>promueve la circulaci\u00f3n<\/strong>, activando el metabolismo de las c\u00e9lulas. Adem\u00e1s, <strong>alivia la tensi\u00f3n<\/strong> y <strong>minimiza el hinchaz\u00f3n facial<\/strong>.<\/p>\n<p><strong><span style=\"color: rgb(235, 107, 86);\">Tenga en cuenta que la bater\u00eda no est\u00e1 incluida.<\/span><\/strong> La bater\u00eda para este producto es con la pila AA<\/p>\n<p>Puede combinar este producto con nuestras <a href=\"https:\/\/aromasentia.com\/tkong\" rel=\"noopener noreferrer\" target=\"_blank\">esponjas konjac<\/a> o&nbsp;<a href=\"https:\/\/aromasentia.com\/clay\" rel=\"noopener noreferrer\" target=\"_blank\">arcillas faciales.<\/a><\/p>\n<p><strong>Peso: 70-73g gramos.&nbsp;<\/strong><\/p>\n<p><strong>*Tama\u00f1o: Largo 15,5 cm, Ancho 2,5 cm, Alto 3 cm<\/strong><\/p>\n<p><\/p>\n","protected":false},"excerpt":{"rendered":"<p>El&nbsp;cuarzo rosa&nbsp;est\u00e1 asociado con el chakra del coraz\u00f3n y se conoce popularmente que ayuda a equilibrar las emociones, reducir el estr\u00e9s y liberar sentimientos como la ira o el resentimiento. Los rodillos faciales con vibraci\u00f3n de Aroma Sentia son un producto ideal para a\u00f1adir en su gama de ba\u00f1o o cuidado personal.&nbsp; El principal beneficio [&hellip;]<\/p>\n","protected":false},"featured_media":336091,"comment_status":"closed","ping_status":"open","template":"","meta":{"_angie_page":false},"product_brand":[27071],"product_cat":[19453,25733,25748,25225,19271,19454,17274],"product_tag":[],"class_list":{"0":"post-233178","1":"product","2":"type-product","3":"status-publish","4":"has-post-thumbnail","6":"product_brand-aw-cosmetics","7":"product_cat-bano-y-ducha","8":"product_cat-cuarzo","9":"product_cat-cuarzo-rosa","10":"product_cat-gemas-y-minerales","11":"product_cat-joyas-con-piedras-naturales","12":"product_cat-masajeador-de-madera","13":"product_cat-regalos-esotericos","14":"pa_collection-gemstone-face-roller-es","15":"pa_made-in-china","17":"first","18":"instock","19":"purchasable","20":"product-type-simple"},"supplier_id":null,"supplier_sku":"GemFR-19","barcode":null,"atum_controlled":true,"out_stock_date":null,"out_stock_threshold":null,"inheritable":false,"inbound_stock":null,"stock_on_hold":0,"sold_today":0,"sales_last_days":0,"reserved_stock":null,"customer_returns":null,"warehouse_damage":null,"lost_in_post":null,"other_logs":null,"out_stock_days":91,"lost_sales":0,"has_location":null,"update_date":"2026-04-27T07:05:16","atum_locations":[],"atum_stock_status":"instock","restock_status":false,"low_stock_amount":"","sales_update_date":"2026-01-20T05:14:41","calc_backorders":null,"_links":{"self":[{"href":"https:\/\/aromasentia.com\/es\/wp-json\/wp\/v2\/product\/233178","targetHints":{"allow":["GET"]}}],"collection":[{"href":"https:\/\/aromasentia.com\/es\/wp-json\/wp\/v2\/product"}],"about":[{"href":"https:\/\/aromasentia.com\/es\/wp-json\/wp\/v2\/types\/product"}],"replies":[{"embeddable":true,"href":"https:\/\/aromasentia.com\/es\/wp-json\/wp\/v2\/comments?post=233178"}],"version-history":[{"count":0,"href":"https:\/\/aromasentia.com\/es\/wp-json\/wp\/v2\/product\/233178\/revisions"}],"wp:featuredmedia":[{"embeddable":true,"href":"https:\/\/aromasentia.com\/es\/wp-json\/wp\/v2\/media\/336091"}],"wp:attachment":[{"href":"https:\/\/aromasentia.com\/es\/wp-json\/wp\/v2\/media?parent=233178"}],"wp:term":[{"taxonomy":"product_brand","embeddable":true,"href":"https:\/\/aromasentia.com\/es\/wp-json\/wp\/v2\/product_brand?post=233178"},{"taxonomy":"product_cat","embeddable":true,"href":"https:\/\/aromasentia.com\/es\/wp-json\/wp\/v2\/product_cat?post=233178"},{"taxonomy":"product_tag","embeddable":true,"href":"https:\/\/aromasentia.com\/es\/wp-json\/wp\/v2\/product_tag?post=233178"}],"curies":[{"name":"wp","href":"https:\/\/api.w.org\/{rel}","templated":true}]}}