{"id":233170,"date":"2025-03-22T13:29:41","date_gmt":"2025-03-22T13:29:41","guid":{"rendered":"https:\/\/aromasentia.com\/product\/gemstone-mini-roller-black-obsidian\/"},"modified":"2025-12-30T21:42:29","modified_gmt":"2025-12-30T21:42:29","slug":"mini-rodillo-de-piedras-preciosas-obsidiana-negra","status":"publish","type":"product","link":"https:\/\/aromasentia.com\/es\/mini-rodillo-de-piedras-preciosas-obsidiana-negra\/","title":{"rendered":"Mini Rodillo de Piedras Preciosas &#8211; Obsidiana negra"},"content":{"rendered":"<p>Se tiene la creencia que la obsidiana <strong>protege energ\u00e9ticamente de energ\u00edas negativas<\/strong>. Adem\u00e1s desde el punto de vista del estudio de las piedras, esta piedra puede ayudar a tener una mayor <strong>concentraci\u00f3n<\/strong>.&nbsp;<\/p>\n<p>Los rodillos faciales son un producto cada vez m\u00e1s conocido en el mundo del cuidado facial. Este aumento en el consumo de este producto es por sus m\u00faltiples <strong>beneficios&nbsp;<\/strong>como:<\/p>\n<p><strong>&#8211; Ayuda a reducir el hinchaz\u00f3n facial.<\/strong><\/p>\n<p><strong>&#8211; Estimula la circulaci\u00f3n sangu\u00ednea facial.&nbsp;<\/strong><\/p>\n<p><strong>&#8211; Relaja los m\u00fasculos faciales.<\/strong><\/p>\n<p>Este mini rodillo de obsidiana es perfecto para llevarlo en el bolso o neceser y que sus clientes se lo lleven a todas partes.&nbsp;<\/p>\n<p>Es un producto que se puede complementar con nuestras <a href=\"https:\/\/aromasentia.com\/clay\" rel=\"noopener noreferrer\" target=\"_blank\">arcillas faciales<\/a> o nuestras <a href=\"https:\/\/aromasentia.com\/tkong\" rel=\"noopener noreferrer\" target=\"_blank\">esponjas Konjac<\/a><\/p>\n<p><strong>Peso: 30-34 gramos<\/strong><\/p>\n<p><strong>*Tama\u00f1o: Largo 9 cm, Ancho 4 cm, Alto 1,5 cm<\/strong><\/p>\n","protected":false},"excerpt":{"rendered":"<p>Se tiene la creencia que la obsidiana protege energ\u00e9ticamente de energ\u00edas negativas. Adem\u00e1s desde el punto de vista del estudio de las piedras, esta piedra puede ayudar a tener una mayor concentraci\u00f3n.&nbsp; Los rodillos faciales son un producto cada vez m\u00e1s conocido en el mundo del cuidado facial. Este aumento en el consumo de este [&hellip;]<\/p>\n","protected":false},"featured_media":336073,"comment_status":"closed","ping_status":"open","template":"","meta":{"_angie_page":false},"product_brand":[27071],"product_cat":[19453,25225,19271,19454,25694,17274],"product_tag":[],"class_list":{"0":"post-233170","1":"product","2":"type-product","3":"status-publish","4":"has-post-thumbnail","6":"product_brand-aw-cosmetics","7":"product_cat-bano-y-ducha","8":"product_cat-gemas-y-minerales","9":"product_cat-joyas-con-piedras-naturales","10":"product_cat-masajeador-de-madera","11":"product_cat-obsidiana","12":"product_cat-regalos-esotericos","13":"pa_collection-gemstone-face-roller-es","14":"pa_made-in-china","16":"first","17":"instock","18":"purchasable","19":"product-type-simple"},"supplier_id":null,"supplier_sku":"GemFR-17","barcode":null,"atum_controlled":true,"out_stock_date":null,"out_stock_threshold":null,"inheritable":false,"inbound_stock":null,"stock_on_hold":0,"sold_today":0,"sales_last_days":0,"reserved_stock":null,"customer_returns":null,"warehouse_damage":null,"lost_in_post":null,"other_logs":null,"out_stock_days":0,"lost_sales":0,"has_location":null,"update_date":"2026-04-27T07:05:16","atum_locations":[],"atum_stock_status":"instock","restock_status":false,"low_stock_amount":"","sales_update_date":"2026-02-06T00:01:19","calc_backorders":null,"_links":{"self":[{"href":"https:\/\/aromasentia.com\/es\/wp-json\/wp\/v2\/product\/233170","targetHints":{"allow":["GET"]}}],"collection":[{"href":"https:\/\/aromasentia.com\/es\/wp-json\/wp\/v2\/product"}],"about":[{"href":"https:\/\/aromasentia.com\/es\/wp-json\/wp\/v2\/types\/product"}],"replies":[{"embeddable":true,"href":"https:\/\/aromasentia.com\/es\/wp-json\/wp\/v2\/comments?post=233170"}],"version-history":[{"count":0,"href":"https:\/\/aromasentia.com\/es\/wp-json\/wp\/v2\/product\/233170\/revisions"}],"wp:featuredmedia":[{"embeddable":true,"href":"https:\/\/aromasentia.com\/es\/wp-json\/wp\/v2\/media\/336073"}],"wp:attachment":[{"href":"https:\/\/aromasentia.com\/es\/wp-json\/wp\/v2\/media?parent=233170"}],"wp:term":[{"taxonomy":"product_brand","embeddable":true,"href":"https:\/\/aromasentia.com\/es\/wp-json\/wp\/v2\/product_brand?post=233170"},{"taxonomy":"product_cat","embeddable":true,"href":"https:\/\/aromasentia.com\/es\/wp-json\/wp\/v2\/product_cat?post=233170"},{"taxonomy":"product_tag","embeddable":true,"href":"https:\/\/aromasentia.com\/es\/wp-json\/wp\/v2\/product_tag?post=233170"}],"curies":[{"name":"wp","href":"https:\/\/api.w.org\/{rel}","templated":true}]}}