{"id":233154,"date":"2025-03-22T13:29:41","date_gmt":"2025-03-22T13:29:41","guid":{"rendered":"https:\/\/aromasentia.com\/product\/gemstone-mini-roller-rose-quartz\/"},"modified":"2025-12-30T21:42:21","modified_gmt":"2025-12-30T21:42:21","slug":"mini-rodillo-de-piedras-preciosas-cuarzo-rosa","status":"publish","type":"product","link":"https:\/\/aromasentia.com\/es\/mini-rodillo-de-piedras-preciosas-cuarzo-rosa\/","title":{"rendered":"Mini Rodillo de Piedras Preciosas &#8211; Cuarzo rosa"},"content":{"rendered":"<p>El cuarzo rosa est\u00e1 asociado con el chakra del coraz\u00f3n y se conoce popularmente que ayuda a <strong>equilibrar las emociones, reducir el estr\u00e9s y liberar sentimientos<\/strong> como la ira o el resentimiento.&nbsp;<\/p>\n<p>Los rodillos faciales son un producto cada vez m\u00e1s conocido en el mundo del cuidado facial. Este aumento en el consumo de este producto es por sus m\u00faltiples&nbsp;beneficios&nbsp;como:<\/p>\n<p><strong>&#8211; Ayuda a reducir el hinchaz\u00f3n facial.<\/strong><\/p>\n<p><strong>&#8211; Estimula la circulaci\u00f3n sangu\u00ednea facial.&nbsp;<\/strong><\/p>\n<p><strong>&#8211; Relaja los m\u00fasculos faciales.&nbsp;<\/strong><\/p>\n<p>Este mini rodillo de soldadita es perfecto para llevarlo en el bolso o neceser y que sus clientes se lo lleven a todas partes.&nbsp;<\/p>\n<p>Es un producto que se puede complementar con nuestras <a href=\"https:\/\/aromasentia.com\/clay\" rel=\"noopener noreferrer\" target=\"_blank\">arcillas faciales&nbsp;<\/a>o nuestras <a href=\"https:\/\/aromasentia.com\/tkong\" rel=\"noopener noreferrer\" target=\"_blank\">esponjas Konjac<\/a><\/p>\n<p><strong>Peso: 30-34 gramos<\/strong><\/p>\n<p><strong>*Tama\u00f1o: Largo 9 cm, Ancho 4 cm, Alto 1,5 cm<\/strong><\/p>\n","protected":false},"excerpt":{"rendered":"<p>El cuarzo rosa est\u00e1 asociado con el chakra del coraz\u00f3n y se conoce popularmente que ayuda a equilibrar las emociones, reducir el estr\u00e9s y liberar sentimientos como la ira o el resentimiento.&nbsp; Los rodillos faciales son un producto cada vez m\u00e1s conocido en el mundo del cuidado facial. Este aumento en el consumo de este [&hellip;]<\/p>\n","protected":false},"featured_media":336037,"comment_status":"closed","ping_status":"open","template":"","meta":{"_angie_page":false},"product_brand":[27071],"product_cat":[19453,25733,25748,25225,19271,19454,17274],"product_tag":[],"class_list":{"0":"post-233154","1":"product","2":"type-product","3":"status-publish","4":"has-post-thumbnail","6":"product_brand-aw-cosmetics","7":"product_cat-bano-y-ducha","8":"product_cat-cuarzo","9":"product_cat-cuarzo-rosa","10":"product_cat-gemas-y-minerales","11":"product_cat-joyas-con-piedras-naturales","12":"product_cat-masajeador-de-madera","13":"product_cat-regalos-esotericos","14":"pa_collection-gemstone-face-roller-es","15":"pa_made-in-china","17":"first","18":"instock","19":"purchasable","20":"product-type-simple"},"supplier_id":null,"supplier_sku":"GemFR-13","barcode":null,"atum_controlled":true,"out_stock_date":null,"out_stock_threshold":null,"inheritable":false,"inbound_stock":null,"stock_on_hold":0,"sold_today":0,"sales_last_days":0,"reserved_stock":null,"customer_returns":null,"warehouse_damage":null,"lost_in_post":null,"other_logs":null,"out_stock_days":0,"lost_sales":0,"has_location":null,"update_date":"2026-04-27T07:05:16","atum_locations":[],"atum_stock_status":"instock","restock_status":false,"low_stock_amount":"","sales_update_date":"2025-09-05T00:24:06","calc_backorders":null,"_links":{"self":[{"href":"https:\/\/aromasentia.com\/es\/wp-json\/wp\/v2\/product\/233154","targetHints":{"allow":["GET"]}}],"collection":[{"href":"https:\/\/aromasentia.com\/es\/wp-json\/wp\/v2\/product"}],"about":[{"href":"https:\/\/aromasentia.com\/es\/wp-json\/wp\/v2\/types\/product"}],"replies":[{"embeddable":true,"href":"https:\/\/aromasentia.com\/es\/wp-json\/wp\/v2\/comments?post=233154"}],"version-history":[{"count":0,"href":"https:\/\/aromasentia.com\/es\/wp-json\/wp\/v2\/product\/233154\/revisions"}],"wp:featuredmedia":[{"embeddable":true,"href":"https:\/\/aromasentia.com\/es\/wp-json\/wp\/v2\/media\/336037"}],"wp:attachment":[{"href":"https:\/\/aromasentia.com\/es\/wp-json\/wp\/v2\/media?parent=233154"}],"wp:term":[{"taxonomy":"product_brand","embeddable":true,"href":"https:\/\/aromasentia.com\/es\/wp-json\/wp\/v2\/product_brand?post=233154"},{"taxonomy":"product_cat","embeddable":true,"href":"https:\/\/aromasentia.com\/es\/wp-json\/wp\/v2\/product_cat?post=233154"},{"taxonomy":"product_tag","embeddable":true,"href":"https:\/\/aromasentia.com\/es\/wp-json\/wp\/v2\/product_tag?post=233154"}],"curies":[{"name":"wp","href":"https:\/\/api.w.org\/{rel}","templated":true}]}}