{"id":233142,"date":"2025-03-22T13:29:41","date_gmt":"2025-03-22T13:29:41","guid":{"rendered":"https:\/\/aromasentia.com\/product\/gemstone-jawline-roller-jade\/"},"modified":"2025-12-30T21:42:21","modified_gmt":"2025-12-30T21:42:21","slug":"rodillo-facial-de-piedras-preciosas-jade","status":"publish","type":"product","link":"https:\/\/aromasentia.com\/es\/rodillo-facial-de-piedras-preciosas-jade\/","title":{"rendered":"Rodillo Facial de Piedras Preciosas &#8211; Jade"},"content":{"rendered":"<p>Se tiene la creencia que la piedra Jade puede ayudar a&nbsp;<strong>aliviar el estr\u00e9s y la ansiedad.<\/strong> Adem\u00e1s, desde la perspectiva del estudio de estas piedras, tambi\u00e9n puede ayudar a<strong>&nbsp;equilibrar la energ\u00eda del cuerpo.<\/strong><\/p>\n<p>Los rodillos faciales son un producto cada vez m\u00e1s conocido en el mundo del cuidado facial. Este aumento en el consumo de este producto es por sus m\u00faltiples&nbsp;<strong>beneficios&nbsp;<\/strong>como:<\/p>\n<p><strong>&#8211;&nbsp;Ayuda a reducir el hinchaz\u00f3n facial..<\/strong><\/p>\n<p><strong>&#8211; Estimula la circulaci\u00f3n sangu\u00ednea facial.&nbsp;<\/strong><\/p>\n<p><strong>&#8211; Relaja los m\u00fasculos faciales.<\/strong><\/p>\n<p>Este rodillo facial de soldadita est\u00e1 dise\u00f1ado para ayudar y masajear los m\u00fasculos de la mand\u00edbula<\/p>\n<p>*Tama\u00f1o: Largo 14cm, Ancho 4,5cm, Alto 3cm<\/p>\n<p>Solo venta el poa mayor.&nbsp;<\/p>\n","protected":false},"excerpt":{"rendered":"<p>Se tiene la creencia que la piedra Jade puede ayudar a&nbsp;aliviar el estr\u00e9s y la ansiedad. Adem\u00e1s, desde la perspectiva del estudio de estas piedras, tambi\u00e9n puede ayudar a&nbsp;equilibrar la energ\u00eda del cuerpo. Los rodillos faciales son un producto cada vez m\u00e1s conocido en el mundo del cuidado facial. Este aumento en el consumo de [&hellip;]<\/p>\n","protected":false},"featured_media":336010,"comment_status":"closed","ping_status":"open","template":"","meta":[],"product_brand":[27071],"product_cat":[19453,25225,25637,19271,19454,17274],"product_tag":[],"class_list":{"0":"post-233142","1":"product","2":"type-product","3":"status-publish","4":"has-post-thumbnail","6":"product_brand-aw-cosmetics","7":"product_cat-bano-y-ducha","8":"product_cat-gemas-y-minerales","9":"product_cat-jade","10":"product_cat-joyas-con-piedras-naturales","11":"product_cat-masajeador-de-madera","12":"product_cat-regalos-esotericos","13":"pa_collection-gemstone-face-roller-es","14":"pa_made-in-china","16":"first","17":"instock","18":"purchasable","19":"product-type-simple"},"supplier_id":null,"supplier_sku":"GemFR-10","barcode":null,"atum_controlled":true,"out_stock_date":null,"out_stock_threshold":null,"inheritable":false,"inbound_stock":null,"stock_on_hold":0,"sold_today":0,"sales_last_days":0,"reserved_stock":null,"customer_returns":null,"warehouse_damage":null,"lost_in_post":null,"other_logs":null,"out_stock_days":0,"lost_sales":0,"has_location":null,"update_date":"2026-01-30T01:25:54","atum_locations":[],"atum_stock_status":"instock","restock_status":false,"low_stock_amount":"","sales_update_date":"2026-01-30T01:25:54","calc_backorders":null,"_links":{"self":[{"href":"https:\/\/aromasentia.com\/es\/wp-json\/wp\/v2\/product\/233142","targetHints":{"allow":["GET"]}}],"collection":[{"href":"https:\/\/aromasentia.com\/es\/wp-json\/wp\/v2\/product"}],"about":[{"href":"https:\/\/aromasentia.com\/es\/wp-json\/wp\/v2\/types\/product"}],"replies":[{"embeddable":true,"href":"https:\/\/aromasentia.com\/es\/wp-json\/wp\/v2\/comments?post=233142"}],"version-history":[{"count":0,"href":"https:\/\/aromasentia.com\/es\/wp-json\/wp\/v2\/product\/233142\/revisions"}],"wp:featuredmedia":[{"embeddable":true,"href":"https:\/\/aromasentia.com\/es\/wp-json\/wp\/v2\/media\/336010"}],"wp:attachment":[{"href":"https:\/\/aromasentia.com\/es\/wp-json\/wp\/v2\/media?parent=233142"}],"wp:term":[{"taxonomy":"product_brand","embeddable":true,"href":"https:\/\/aromasentia.com\/es\/wp-json\/wp\/v2\/product_brand?post=233142"},{"taxonomy":"product_cat","embeddable":true,"href":"https:\/\/aromasentia.com\/es\/wp-json\/wp\/v2\/product_cat?post=233142"},{"taxonomy":"product_tag","embeddable":true,"href":"https:\/\/aromasentia.com\/es\/wp-json\/wp\/v2\/product_tag?post=233142"}],"curies":[{"name":"wp","href":"https:\/\/api.w.org\/{rel}","templated":true}]}}