{"id":233126,"date":"2025-03-22T13:29:41","date_gmt":"2025-03-22T13:29:41","guid":{"rendered":"https:\/\/aromasentia.com\/product\/gemstone-face-roller-sodalite\/"},"modified":"2025-12-30T21:42:21","modified_gmt":"2025-12-30T21:42:21","slug":"masajeador-facial-roll-on-de-gemas-sodalita","status":"publish","type":"product","link":"https:\/\/aromasentia.com\/es\/masajeador-facial-roll-on-de-gemas-sodalita\/","title":{"rendered":"Masajeador Facial Roll-On de Gemas &#8211; Sodalita"},"content":{"rendered":"<p>Popularmente se asocia la soldadita al quinto chakra ( comunicaci\u00f3n). Se cree que aumenta la <strong>autoestima&nbsp;<\/strong>y la <strong>confianza<\/strong>.&nbsp;<\/p>\n<p>Los rodillos faciales son un producto cada vez m\u00e1s conocido en el mundo del cuidado facial. Este aumento en el consumo de este producto es por sus m\u00faltiples <strong>beneficios&nbsp;<\/strong>como:<\/p>\n<p><strong>&#8211;&nbsp;Ayuda a reducir el hinchaz\u00f3n facial..<\/strong><\/p>\n<p><strong>&#8211; Estimula la circulaci\u00f3n sangu\u00ednea facial.&nbsp;<\/strong><\/p>\n<p><strong>&#8211; Relaja los m\u00fasculos faciales.<\/strong><\/p>\n<p>El rodillo cuenta con dos extremos, uno m\u00e1s grande masajear las zonas m\u00e1s grandes del rostro y el m\u00e1s peque\u00f1o es \u00fatil para aumentar la microcirculaci\u00f3n.<\/p>\n<p>Modo de empleo:<\/p>\n<p>Deslice el rodillo hacia arriba y abajo, hacia las mejillas o la barbilla. El extremo m\u00e1s peque\u00f1o es para la zona cerca de los ojos.&nbsp;<\/p>\n<p>Es un producto que se puede complementar con nuestras <a href=\"https:\/\/aromasentia.com\/clay\" rel=\"noopener noreferrer\" target=\"_blank\"><strong>arcillas faciales&nbsp;<\/strong><\/a>o nuestras <a href=\"https:\/\/aromasentia.com\/tkong\" rel=\"noopener noreferrer\" target=\"_blank\"><strong>esponjas Konjac<\/strong><\/a><\/p>\n<p><strong>*Tama\u00f1o del rodillo: altura 15 cm, ancho 6 cm (arriba), 4 cm (abajo), profundidad 2 cm<\/strong><\/p>\n","protected":false},"excerpt":{"rendered":"<p>Popularmente se asocia la soldadita al quinto chakra ( comunicaci\u00f3n). Se cree que aumenta la autoestima&nbsp;y la confianza.&nbsp; Los rodillos faciales son un producto cada vez m\u00e1s conocido en el mundo del cuidado facial. Este aumento en el consumo de este producto es por sus m\u00faltiples beneficios&nbsp;como: &#8211;&nbsp;Ayuda a reducir el hinchaz\u00f3n facial.. &#8211; Estimula [&hellip;]<\/p>\n","protected":false},"featured_media":335950,"comment_status":"closed","ping_status":"open","template":"","meta":{"_angie_page":false},"product_brand":[27071],"product_cat":[19453,25225,19271,19454,17274,25770],"product_tag":[],"class_list":{"0":"post-233126","1":"product","2":"type-product","3":"status-publish","4":"has-post-thumbnail","6":"product_brand-aw-cosmetics","7":"product_cat-bano-y-ducha","8":"product_cat-gemas-y-minerales","9":"product_cat-joyas-con-piedras-naturales","10":"product_cat-masajeador-de-madera","11":"product_cat-regalos-esotericos","12":"product_cat-sodalita","13":"pa_collection-gemstone-face-roller-es","14":"pa_made-in-china","16":"first","17":"instock","18":"purchasable","19":"product-type-simple"},"supplier_id":null,"supplier_sku":"GemFR-06","barcode":null,"atum_controlled":true,"out_stock_date":null,"out_stock_threshold":null,"inheritable":false,"inbound_stock":null,"stock_on_hold":0,"sold_today":0,"sales_last_days":0,"reserved_stock":null,"customer_returns":null,"warehouse_damage":null,"lost_in_post":null,"other_logs":null,"out_stock_days":0,"lost_sales":0,"has_location":null,"update_date":"2026-04-27T07:05:16","atum_locations":[],"atum_stock_status":"instock","restock_status":false,"low_stock_amount":"","sales_update_date":"2025-09-04T00:22:19","calc_backorders":null,"_links":{"self":[{"href":"https:\/\/aromasentia.com\/es\/wp-json\/wp\/v2\/product\/233126","targetHints":{"allow":["GET"]}}],"collection":[{"href":"https:\/\/aromasentia.com\/es\/wp-json\/wp\/v2\/product"}],"about":[{"href":"https:\/\/aromasentia.com\/es\/wp-json\/wp\/v2\/types\/product"}],"replies":[{"embeddable":true,"href":"https:\/\/aromasentia.com\/es\/wp-json\/wp\/v2\/comments?post=233126"}],"version-history":[{"count":0,"href":"https:\/\/aromasentia.com\/es\/wp-json\/wp\/v2\/product\/233126\/revisions"}],"wp:featuredmedia":[{"embeddable":true,"href":"https:\/\/aromasentia.com\/es\/wp-json\/wp\/v2\/media\/335950"}],"wp:attachment":[{"href":"https:\/\/aromasentia.com\/es\/wp-json\/wp\/v2\/media?parent=233126"}],"wp:term":[{"taxonomy":"product_brand","embeddable":true,"href":"https:\/\/aromasentia.com\/es\/wp-json\/wp\/v2\/product_brand?post=233126"},{"taxonomy":"product_cat","embeddable":true,"href":"https:\/\/aromasentia.com\/es\/wp-json\/wp\/v2\/product_cat?post=233126"},{"taxonomy":"product_tag","embeddable":true,"href":"https:\/\/aromasentia.com\/es\/wp-json\/wp\/v2\/product_tag?post=233126"}],"curies":[{"name":"wp","href":"https:\/\/api.w.org\/{rel}","templated":true}]}}