{"id":233114,"date":"2025-03-22T13:29:41","date_gmt":"2025-03-22T13:29:41","guid":{"rendered":"https:\/\/aromasentia.com\/product\/gemstone-face-roller-amethyst\/"},"modified":"2025-12-30T21:42:13","modified_gmt":"2025-12-30T21:42:13","slug":"masajeador-facial-roll-on-de-gemas-amatista","status":"publish","type":"product","link":"https:\/\/aromasentia.com\/es\/masajeador-facial-roll-on-de-gemas-amatista\/","title":{"rendered":"Masajeador Facial Roll-On de Gemas- Amatista"},"content":{"rendered":"<p>Desde el punto de vista de la gemoterapia, la amatista se considera una <strong>piedra de protecci\u00f3n<\/strong> y puede ayudar a <strong>equilibrar las emociones.<\/strong><\/p>\n<p>Se tiene la creencia de que esta piedra tiene propiedades calmantes y puede ayudar en situaciones de estr\u00e9s o nervios.&nbsp;<\/p>\n<p>Aroma Sentia vende este rodillo facial de amatista al por mayor.&nbsp;<\/p>\n<p>Los rodillos faciales son un producto cada vez m\u00e1s conocido en el mundo del cuidado facial. Este aumento en el consumo de este producto es por sus m\u00faltiples&nbsp;beneficios&nbsp;como:<\/p>\n<p><strong>&#8211;&nbsp;Ayuda a reducir el hinchaz\u00f3n facial..<\/strong><\/p>\n<p><strong>&#8211; Estimula la circulaci\u00f3n sangu\u00ednea facial.&nbsp;<\/strong><\/p>\n<p>El rodillo cuenta con dos extremos, uno m\u00e1s grande masajear las zonas m\u00e1s grandes del rostro y el m\u00e1s peque\u00f1o es \u00fatil para aumentar la microcirculaci\u00f3n.<\/p>\n<p><strong>Modo de empleo:<\/strong><\/p>\n<p>Deslice el rodillo hacia arriba y abajo, hacia las mejillas o la barbilla. El extremo m\u00e1s peque\u00f1o es para la zona cerca de los ojos.&nbsp;<\/p>\n<p>\u00a1Haga su pedido antes de que se agote!<\/p>\n<p><strong>*Tama\u00f1o del rodillo: altura 15 cm, ancho 6 cm (arriba), 4 cm (abajo), profundidad 2 cm<\/strong><\/p>\n","protected":false},"excerpt":{"rendered":"<p>Desde el punto de vista de la gemoterapia, la amatista se considera una piedra de protecci\u00f3n y puede ayudar a equilibrar las emociones. Se tiene la creencia de que esta piedra tiene propiedades calmantes y puede ayudar en situaciones de estr\u00e9s o nervios.&nbsp; Aroma Sentia vende este rodillo facial de amatista al por mayor.&nbsp; Los [&hellip;]<\/p>\n","protected":false},"featured_media":335827,"comment_status":"closed","ping_status":"open","template":"","meta":{"_angie_page":false},"product_brand":[27071],"product_cat":[25549,19453,25225,19271,19454,17274],"product_tag":[],"class_list":{"0":"post-233114","1":"product","2":"type-product","3":"status-publish","4":"has-post-thumbnail","6":"product_brand-aw-cosmetics","7":"product_cat-amatista","8":"product_cat-bano-y-ducha","9":"product_cat-gemas-y-minerales","10":"product_cat-joyas-con-piedras-naturales","11":"product_cat-masajeador-de-madera","12":"product_cat-regalos-esotericos","13":"pa_collection-gemstone-face-roller-es","14":"pa_made-in-china","16":"first","17":"instock","18":"purchasable","19":"product-type-simple"},"supplier_id":null,"supplier_sku":"GemFR-03","barcode":null,"atum_controlled":true,"out_stock_date":null,"out_stock_threshold":null,"inheritable":false,"inbound_stock":null,"stock_on_hold":0,"sold_today":0,"sales_last_days":0,"reserved_stock":null,"customer_returns":null,"warehouse_damage":null,"lost_in_post":null,"other_logs":null,"out_stock_days":120,"lost_sales":0,"has_location":null,"update_date":"2026-04-27T07:05:08","atum_locations":[],"atum_stock_status":"instock","restock_status":false,"low_stock_amount":"","sales_update_date":"2026-02-06T00:00:55","calc_backorders":null,"_links":{"self":[{"href":"https:\/\/aromasentia.com\/es\/wp-json\/wp\/v2\/product\/233114","targetHints":{"allow":["GET"]}}],"collection":[{"href":"https:\/\/aromasentia.com\/es\/wp-json\/wp\/v2\/product"}],"about":[{"href":"https:\/\/aromasentia.com\/es\/wp-json\/wp\/v2\/types\/product"}],"replies":[{"embeddable":true,"href":"https:\/\/aromasentia.com\/es\/wp-json\/wp\/v2\/comments?post=233114"}],"version-history":[{"count":0,"href":"https:\/\/aromasentia.com\/es\/wp-json\/wp\/v2\/product\/233114\/revisions"}],"wp:featuredmedia":[{"embeddable":true,"href":"https:\/\/aromasentia.com\/es\/wp-json\/wp\/v2\/media\/335827"}],"wp:attachment":[{"href":"https:\/\/aromasentia.com\/es\/wp-json\/wp\/v2\/media?parent=233114"}],"wp:term":[{"taxonomy":"product_brand","embeddable":true,"href":"https:\/\/aromasentia.com\/es\/wp-json\/wp\/v2\/product_brand?post=233114"},{"taxonomy":"product_cat","embeddable":true,"href":"https:\/\/aromasentia.com\/es\/wp-json\/wp\/v2\/product_cat?post=233114"},{"taxonomy":"product_tag","embeddable":true,"href":"https:\/\/aromasentia.com\/es\/wp-json\/wp\/v2\/product_tag?post=233114"}],"curies":[{"name":"wp","href":"https:\/\/api.w.org\/{rel}","templated":true}]}}