{"id":233106,"date":"2025-03-22T13:29:41","date_gmt":"2025-03-22T13:29:41","guid":{"rendered":"https:\/\/aromasentia.com\/product\/gemstone-face-roller-rose-quartz\/"},"modified":"2025-12-30T21:42:13","modified_gmt":"2025-12-30T21:42:13","slug":"masajeador-facial-roll-on-de-gemas-cuarzo-rosa","status":"publish","type":"product","link":"https:\/\/aromasentia.com\/es\/masajeador-facial-roll-on-de-gemas-cuarzo-rosa\/","title":{"rendered":"Masajeador Facial Roll-On de Gemas- Cuarzo rosa"},"content":{"rendered":"<p>El <strong>cuarzo rosa<\/strong> est\u00e1 asociado con el <strong>chakra del coraz\u00f3<\/strong><strong>n<\/strong> y se conoce popularmente que ayuda a <strong>equilibrar las emociones, reducir el estr\u00e9s&nbsp;<\/strong>y <strong>liberar sentimientos<\/strong> como la ira o el resentimiento.&nbsp;<\/p>\n<p>Aroma Sentia vende este rodillo facial de cuarzo rosa al por mayor.&nbsp;<\/p>\n<p>Los rodillos faciales son un producto cada vez m\u00e1s conocido en el mundo del cuidado facial. Este aumento en el consumo de este producto es por sus m\u00faltiples <strong>beneficios<\/strong> como:<\/p>\n<p>&#8211; <strong>Ayuda a reducir el hinchaz\u00f3n facial..<\/strong><\/p>\n<p>&#8211; <strong>Estimula la circulaci\u00f3n sangu\u00ednea facial.&nbsp;<\/strong><\/p>\n<p>El rodillo cuenta con dos extremos, uno m\u00e1s grande masajear las zonas m\u00e1s grandes del rostro y el m\u00e1s peque\u00f1o es \u00fatil para aumentar la microcirculaci\u00f3n.<\/p>\n<p><strong>Modo de empleo:<\/strong><\/p>\n<p>Deslice el rodillo hacia arriba y abajo, hacia las mejillas o la barbilla. El extremo m\u00e1s peque\u00f1o es para la zona cerca de los ojos.&nbsp;<\/p>\n<p>Es un producto que se puede complementar con nuestras <a href=\"https:\/\/aromasentia.com\/clay\" rel=\"noopener noreferrer\" target=\"_blank\"><strong>arcillas faciales<\/strong><\/a> o nuestras<a href=\"https:\/\/aromasentia.com\/tkong\" rel=\"noopener noreferrer\" target=\"_blank\">&nbsp;<strong>esponjas Konjac<\/strong><\/a><\/p>\n<p>\u00a1Haga su pedido antes de que se agote!<\/p>\n<p><strong>*Tama\u00f1o del rodillo: altura 15 cm, ancho 6 cm (arriba), 4 cm (abajo), profundidad 2 cm<\/strong><\/p>\n","protected":false},"excerpt":{"rendered":"<p>El cuarzo rosa est\u00e1 asociado con el chakra del coraz\u00f3n y se conoce popularmente que ayuda a equilibrar las emociones, reducir el estr\u00e9s&nbsp;y liberar sentimientos como la ira o el resentimiento.&nbsp; Aroma Sentia vende este rodillo facial de cuarzo rosa al por mayor.&nbsp; Los rodillos faciales son un producto cada vez m\u00e1s conocido en el [&hellip;]<\/p>\n","protected":false},"featured_media":335745,"comment_status":"closed","ping_status":"open","template":"","meta":{"_angie_page":false},"product_brand":[27071],"product_cat":[19453,25733,25748,25225,19271,19454,17274],"product_tag":[],"class_list":{"0":"post-233106","1":"product","2":"type-product","3":"status-publish","4":"has-post-thumbnail","6":"product_brand-aw-cosmetics","7":"product_cat-bano-y-ducha","8":"product_cat-cuarzo","9":"product_cat-cuarzo-rosa","10":"product_cat-gemas-y-minerales","11":"product_cat-joyas-con-piedras-naturales","12":"product_cat-masajeador-de-madera","13":"product_cat-regalos-esotericos","14":"pa_collection-gemstone-face-roller-es","15":"pa_made-in-china","17":"first","18":"instock","19":"purchasable","20":"product-type-simple"},"supplier_id":null,"supplier_sku":"GemFR-01","barcode":null,"atum_controlled":true,"out_stock_date":null,"out_stock_threshold":null,"inheritable":false,"inbound_stock":null,"stock_on_hold":0,"sold_today":0,"sales_last_days":0,"reserved_stock":null,"customer_returns":null,"warehouse_damage":null,"lost_in_post":null,"other_logs":null,"out_stock_days":0,"lost_sales":0,"has_location":null,"update_date":"2026-04-27T07:05:08","atum_locations":[],"atum_stock_status":"instock","restock_status":false,"low_stock_amount":"","sales_update_date":"2025-09-04T00:22:13","calc_backorders":null,"_links":{"self":[{"href":"https:\/\/aromasentia.com\/es\/wp-json\/wp\/v2\/product\/233106","targetHints":{"allow":["GET"]}}],"collection":[{"href":"https:\/\/aromasentia.com\/es\/wp-json\/wp\/v2\/product"}],"about":[{"href":"https:\/\/aromasentia.com\/es\/wp-json\/wp\/v2\/types\/product"}],"replies":[{"embeddable":true,"href":"https:\/\/aromasentia.com\/es\/wp-json\/wp\/v2\/comments?post=233106"}],"version-history":[{"count":0,"href":"https:\/\/aromasentia.com\/es\/wp-json\/wp\/v2\/product\/233106\/revisions"}],"wp:featuredmedia":[{"embeddable":true,"href":"https:\/\/aromasentia.com\/es\/wp-json\/wp\/v2\/media\/335745"}],"wp:attachment":[{"href":"https:\/\/aromasentia.com\/es\/wp-json\/wp\/v2\/media?parent=233106"}],"wp:term":[{"taxonomy":"product_brand","embeddable":true,"href":"https:\/\/aromasentia.com\/es\/wp-json\/wp\/v2\/product_brand?post=233106"},{"taxonomy":"product_cat","embeddable":true,"href":"https:\/\/aromasentia.com\/es\/wp-json\/wp\/v2\/product_cat?post=233106"},{"taxonomy":"product_tag","embeddable":true,"href":"https:\/\/aromasentia.com\/es\/wp-json\/wp\/v2\/product_tag?post=233106"}],"curies":[{"name":"wp","href":"https:\/\/api.w.org\/{rel}","templated":true}]}}