{"id":233078,"date":"2025-03-22T13:29:41","date_gmt":"2025-03-22T13:29:41","guid":{"rendered":"https:\/\/aromasentia.com\/product\/gemstone-alien-tiger-eye-40x30x15mm\/"},"modified":"2025-12-30T21:42:13","modified_gmt":"2025-12-30T21:42:13","slug":"alienigena-de-piedras-preciosas-ojo-de-tigre-40x30x15-mm","status":"publish","type":"product","link":"https:\/\/aromasentia.com\/es\/alienigena-de-piedras-preciosas-ojo-de-tigre-40x30x15-mm\/","title":{"rendered":"Alienigena de Piedras Preciosas &#8211; Ojo de tigre &#8211; 40x30x15 mm"},"content":{"rendered":"<p>Descubra la Gema Alien &#8211; Ojo de Tigre, una cautivadora figura que encarna las poderosas energ\u00edas protectoras de la gema Ojo de Tigre. Esta pieza de inspiraci\u00f3n alien\u00edgena ofrece una <strong>distintiva representaci\u00f3n de la presencia c\u00f3smica<\/strong>.<\/p>\n<p>Imagine la energ\u00eda de esta antigua gema combinada con la m\u00edstica de un ser extraterrestre. The Gemstone Alien &#8211; Tiger&#39;s Eye es una mezcla perfecta de lo natural y lo sobrenatural. Es una pieza vers\u00e1til que puede utilizarse para uso personal, meditaci\u00f3n o simplemente como centro decorativo.<\/p>\n<p><strong>Regalo perfecto para un entusiasta de las piedras preciosas, un coleccionista de figuras \u00fanicas o alguien que busque el equilibrio espiritual<\/strong><\/p>\n<p>.<\/p>\n","protected":false},"excerpt":{"rendered":"<p>Descubra la Gema Alien &#8211; Ojo de Tigre, una cautivadora figura que encarna las poderosas energ\u00edas protectoras de la gema Ojo de Tigre. Esta pieza de inspiraci\u00f3n alien\u00edgena ofrece una distintiva representaci\u00f3n de la presencia c\u00f3smica. Imagine la energ\u00eda de esta antigua gema combinada con la m\u00edstica de un ser extraterrestre. The Gemstone Alien &#8211; [&hellip;]<\/p>\n","protected":false},"featured_media":335626,"comment_status":"closed","ping_status":"open","template":"","meta":{"_angie_page":false},"product_brand":[],"product_cat":[25225,19271,25784,17274],"product_tag":[],"class_list":{"0":"post-233078","1":"product","2":"type-product","3":"status-publish","4":"has-post-thumbnail","6":"product_cat-gemas-y-minerales","7":"product_cat-joyas-con-piedras-naturales","8":"product_cat-ojo-de-tigre","9":"product_cat-regalos-esotericos","10":"pa_collection-gemstone-figures-es","11":"pa_made-in-china","13":"first","14":"instock","15":"purchasable","16":"product-type-simple"},"supplier_id":null,"supplier_sku":"GemF-70","barcode":null,"atum_controlled":true,"out_stock_date":null,"out_stock_threshold":null,"inheritable":false,"inbound_stock":null,"stock_on_hold":0,"sold_today":0,"sales_last_days":0,"reserved_stock":null,"customer_returns":null,"warehouse_damage":null,"lost_in_post":null,"other_logs":null,"out_stock_days":0,"lost_sales":0,"has_location":null,"update_date":"2026-04-29T06:53:35","atum_locations":[],"atum_stock_status":"instock","restock_status":false,"low_stock_amount":"","sales_update_date":"2026-01-30T01:24:32","calc_backorders":null,"_links":{"self":[{"href":"https:\/\/aromasentia.com\/es\/wp-json\/wp\/v2\/product\/233078","targetHints":{"allow":["GET"]}}],"collection":[{"href":"https:\/\/aromasentia.com\/es\/wp-json\/wp\/v2\/product"}],"about":[{"href":"https:\/\/aromasentia.com\/es\/wp-json\/wp\/v2\/types\/product"}],"replies":[{"embeddable":true,"href":"https:\/\/aromasentia.com\/es\/wp-json\/wp\/v2\/comments?post=233078"}],"version-history":[{"count":0,"href":"https:\/\/aromasentia.com\/es\/wp-json\/wp\/v2\/product\/233078\/revisions"}],"wp:featuredmedia":[{"embeddable":true,"href":"https:\/\/aromasentia.com\/es\/wp-json\/wp\/v2\/media\/335626"}],"wp:attachment":[{"href":"https:\/\/aromasentia.com\/es\/wp-json\/wp\/v2\/media?parent=233078"}],"wp:term":[{"taxonomy":"product_brand","embeddable":true,"href":"https:\/\/aromasentia.com\/es\/wp-json\/wp\/v2\/product_brand?post=233078"},{"taxonomy":"product_cat","embeddable":true,"href":"https:\/\/aromasentia.com\/es\/wp-json\/wp\/v2\/product_cat?post=233078"},{"taxonomy":"product_tag","embeddable":true,"href":"https:\/\/aromasentia.com\/es\/wp-json\/wp\/v2\/product_tag?post=233078"}],"curies":[{"name":"wp","href":"https:\/\/api.w.org\/{rel}","templated":true}]}}