{"id":233030,"date":"2025-03-22T13:29:50","date_gmt":"2025-03-22T13:29:50","guid":{"rendered":"https:\/\/aromasentia.com\/product\/twisted-healing-wand-copper-tiger-eye-star\/"},"modified":"2025-12-30T21:41:57","modified_gmt":"2025-12-30T21:41:57","slug":"varita-de-sanacion-estrella-de-ojo-de-tigre-de-cobre","status":"publish","type":"product","link":"https:\/\/aromasentia.com\/es\/varita-de-sanacion-estrella-de-ojo-de-tigre-de-cobre\/","title":{"rendered":"Varita de Sanaci\u00f3n &#8211; Estrella de Ojo de Tigre de Cobre"},"content":{"rendered":"<p>Dirige la energ\u00eda con esta Varita Sanadora Retorcida &#8211; Estrella de Ojo de Tigre de Cobre. Esta varita curativa \u00fanica presenta un dise\u00f1o trenzado, probablemente incorporando cobre conductor, y tiene como punta una estrella de Ojo de Tigre. El cobre amplifica la energ\u00eda, mientras que el Ojo de Tigre proporciona protecci\u00f3n, conexi\u00f3n a tierra y aumenta el poder personal. La forma de estrella puede simbolizar aspiraci\u00f3n y gu\u00eda. Una potente herramienta para el trabajo energ\u00e9tico, el Reiki o los rituales, dise\u00f1ada para canalizar la intenci\u00f3n y fomentar el valor, la claridad y el equilibrio energ\u00e9tico.<\/p>\n","protected":false},"excerpt":{"rendered":"<p>Dirige la energ\u00eda con esta Varita Sanadora Retorcida &#8211; Estrella de Ojo de Tigre de Cobre. Esta varita curativa \u00fanica presenta un dise\u00f1o trenzado, probablemente incorporando cobre conductor, y tiene como punta una estrella de Ojo de Tigre. El cobre amplifica la energ\u00eda, mientras que el Ojo de Tigre proporciona protecci\u00f3n, conexi\u00f3n a tierra y [&hellip;]<\/p>\n","protected":false},"featured_media":337796,"comment_status":"closed","ping_status":"open","template":"","meta":{"_angie_page":false},"product_brand":[],"product_cat":[14456,25225,19148,19271,25784],"product_tag":[],"class_list":{"0":"post-233030","1":"product","2":"type-product","3":"status-publish","4":"has-post-thumbnail","6":"product_cat-decoracion-hogar-y-jardin","7":"product_cat-gemas-y-minerales","8":"product_cat-inspiraciones","9":"product_cat-joyas-con-piedras-naturales","10":"product_cat-ojo-de-tigre","11":"pa_collection-crystal-healing-wands-es","12":"pa_made-in-india","14":"first","15":"instock","16":"purchasable","17":"product-type-simple"},"supplier_id":null,"supplier_sku":"HWand-51","barcode":null,"atum_controlled":true,"out_stock_date":null,"out_stock_threshold":null,"inheritable":false,"inbound_stock":null,"stock_on_hold":0,"sold_today":0,"sales_last_days":0,"reserved_stock":null,"customer_returns":null,"warehouse_damage":null,"lost_in_post":null,"other_logs":null,"out_stock_days":0,"lost_sales":0,"has_location":null,"update_date":"2026-04-27T07:08:21","atum_locations":[],"atum_stock_status":"instock","restock_status":false,"low_stock_amount":"","sales_update_date":"2026-01-30T01:26:13","calc_backorders":null,"_links":{"self":[{"href":"https:\/\/aromasentia.com\/es\/wp-json\/wp\/v2\/product\/233030","targetHints":{"allow":["GET"]}}],"collection":[{"href":"https:\/\/aromasentia.com\/es\/wp-json\/wp\/v2\/product"}],"about":[{"href":"https:\/\/aromasentia.com\/es\/wp-json\/wp\/v2\/types\/product"}],"replies":[{"embeddable":true,"href":"https:\/\/aromasentia.com\/es\/wp-json\/wp\/v2\/comments?post=233030"}],"version-history":[{"count":0,"href":"https:\/\/aromasentia.com\/es\/wp-json\/wp\/v2\/product\/233030\/revisions"}],"wp:featuredmedia":[{"embeddable":true,"href":"https:\/\/aromasentia.com\/es\/wp-json\/wp\/v2\/media\/337796"}],"wp:attachment":[{"href":"https:\/\/aromasentia.com\/es\/wp-json\/wp\/v2\/media?parent=233030"}],"wp:term":[{"taxonomy":"product_brand","embeddable":true,"href":"https:\/\/aromasentia.com\/es\/wp-json\/wp\/v2\/product_brand?post=233030"},{"taxonomy":"product_cat","embeddable":true,"href":"https:\/\/aromasentia.com\/es\/wp-json\/wp\/v2\/product_cat?post=233030"},{"taxonomy":"product_tag","embeddable":true,"href":"https:\/\/aromasentia.com\/es\/wp-json\/wp\/v2\/product_tag?post=233030"}],"curies":[{"name":"wp","href":"https:\/\/api.w.org\/{rel}","templated":true}]}}