{"id":232950,"date":"2025-03-22T13:29:50","date_gmt":"2025-03-22T13:29:50","guid":{"rendered":"https:\/\/aromasentia.com\/product\/gemstone-faceted-healing-ball-stand-tigereye\/"},"modified":"2025-12-30T21:41:41","modified_gmt":"2025-12-30T21:41:41","slug":"bola-curativa-de-piedras-preciosas-y-soporte-ojo-de-tigre","status":"publish","type":"product","link":"https:\/\/aromasentia.com\/es\/bola-curativa-de-piedras-preciosas-y-soporte-ojo-de-tigre\/","title":{"rendered":"Bola Curativa de Piedras Preciosas y soporte &#8211; Ojo de tigre"},"content":{"rendered":"<p><strong>Bola Curativa Facetada de Ojo de Tigre al por mayor<\/strong> &#8211; El ojo de tigre es conocido por su color marr\u00f3n dorado y sus bandas brillantes que recuerdan al ojo de un tigre. La bola va acompa\u00f1ada de soportes de madera de color marr\u00f3n claro.<\/p>\n<p>Se trata de fomentar la confianza y la fuerza. Esta gema est\u00e1 asociada con los chakras ra\u00edz y plexo solar, proporcionando un impulso de empoderamiento a sus clientes. Es una gran adici\u00f3n a su tienda espiritual.<\/p>\n<p>Cuando exhiba estas piedras preciosas, aseg\u00farese de colocarlas estrat\u00e9gicamente en su tienda. Sus colores vibrantes y significados individuales seguramente llamar\u00e1n la atenci\u00f3n de sus clientes.<\/p>\n<p>Sus clientes apreciar\u00e1n esta forma hol\u00edstica de mejorar su bienestar.<\/p>\n<p><strong>Dimensiones:&nbsp;<\/strong>Bola &#8211; aproximadamente 5,5cm; Bola con soporte &#8211; aproximadamente 10cm<\/p>\n<p><strong>Dimensiones:&nbsp;<\/strong>Bola &#8211; aproximadamente 5,5cm; Bola con soporte &#8211; aproximadamente 10cm<\/strong>.<\/p>\n","protected":false},"excerpt":{"rendered":"<p>Bola Curativa Facetada de Ojo de Tigre al por mayor &#8211; El ojo de tigre es conocido por su color marr\u00f3n dorado y sus bandas brillantes que recuerdan al ojo de un tigre. La bola va acompa\u00f1ada de soportes de madera de color marr\u00f3n claro. Se trata de fomentar la confianza y la fuerza. Esta [&hellip;]<\/p>\n","protected":false},"featured_media":337072,"comment_status":"closed","ping_status":"open","template":"","meta":{"_angie_page":false},"product_brand":[],"product_cat":[25225,25784,18946,17274],"product_tag":[],"class_list":{"0":"post-232950","1":"product","2":"type-product","3":"status-publish","4":"has-post-thumbnail","6":"product_cat-gemas-y-minerales","7":"product_cat-ojo-de-tigre","8":"product_cat-piedras-naturales","9":"product_cat-regalos-esotericos","10":"pa_collection-gemstone-healing-balls-with-stand-es","11":"pa_made-in-india","13":"first","14":"instock","15":"purchasable","16":"product-type-simple"},"supplier_id":null,"supplier_sku":"GHB-05","barcode":null,"atum_controlled":true,"out_stock_date":null,"out_stock_threshold":null,"inheritable":false,"inbound_stock":null,"stock_on_hold":0,"sold_today":0,"sales_last_days":0,"reserved_stock":null,"customer_returns":null,"warehouse_damage":null,"lost_in_post":null,"other_logs":null,"out_stock_days":0,"lost_sales":0,"has_location":null,"update_date":"2026-04-27T07:05:41","atum_locations":[],"atum_stock_status":"instock","restock_status":false,"low_stock_amount":"","sales_update_date":"2026-01-30T01:24:49","calc_backorders":null,"_links":{"self":[{"href":"https:\/\/aromasentia.com\/es\/wp-json\/wp\/v2\/product\/232950","targetHints":{"allow":["GET"]}}],"collection":[{"href":"https:\/\/aromasentia.com\/es\/wp-json\/wp\/v2\/product"}],"about":[{"href":"https:\/\/aromasentia.com\/es\/wp-json\/wp\/v2\/types\/product"}],"replies":[{"embeddable":true,"href":"https:\/\/aromasentia.com\/es\/wp-json\/wp\/v2\/comments?post=232950"}],"version-history":[{"count":0,"href":"https:\/\/aromasentia.com\/es\/wp-json\/wp\/v2\/product\/232950\/revisions"}],"wp:featuredmedia":[{"embeddable":true,"href":"https:\/\/aromasentia.com\/es\/wp-json\/wp\/v2\/media\/337072"}],"wp:attachment":[{"href":"https:\/\/aromasentia.com\/es\/wp-json\/wp\/v2\/media?parent=232950"}],"wp:term":[{"taxonomy":"product_brand","embeddable":true,"href":"https:\/\/aromasentia.com\/es\/wp-json\/wp\/v2\/product_brand?post=232950"},{"taxonomy":"product_cat","embeddable":true,"href":"https:\/\/aromasentia.com\/es\/wp-json\/wp\/v2\/product_cat?post=232950"},{"taxonomy":"product_tag","embeddable":true,"href":"https:\/\/aromasentia.com\/es\/wp-json\/wp\/v2\/product_tag?post=232950"}],"curies":[{"name":"wp","href":"https:\/\/api.w.org\/{rel}","templated":true}]}}