{"id":232898,"date":"2025-03-22T13:29:50","date_gmt":"2025-03-22T13:29:50","guid":{"rendered":"https:\/\/aromasentia.com\/product\/lingam-shaped-gemstone-pendulum-rose-quartz\/"},"modified":"2025-12-30T21:41:33","modified_gmt":"2025-12-30T21:41:33","slug":"pendulo-magico-cuarzo-rosa","status":"publish","type":"product","link":"https:\/\/aromasentia.com\/es\/pendulo-magico-cuarzo-rosa\/","title":{"rendered":"Pendulo Magico &#8211; Cuarzo Rosa"},"content":{"rendered":"<h6><strong><span style=\"color: rgb(235, 107, 86);\">&nbsp;3x P\u00e9ndulos en forma de Lingam de Cuarzo Rosa<\/span><\/strong><\/h6>\n<p>Atrae a los clientes que buscan amor, compasi\u00f3n y una conexi\u00f3n poderosa con estos encantadores <strong>P\u00e9ndulos en forma de Lingam de Cuarzo Rosa<\/strong>.<\/strong><\/p>\n<p>Cada p\u00e9ndulo presenta una <strong>gema de cuarzo rosa genuina<\/strong>, meticulosamente moldeada y pulida en forma de lingam. <strong>La forma de lingam simboliza la energ\u00eda masculina y se cree que aumenta el amor propio y la confianza,<\/strong> mientras que la piedra preciosa de cuarzo rosa es famosa por su asociaci\u00f3n con el <strong>amor, la compasi\u00f3n y la curaci\u00f3n emocional.<\/strong><\/p>\n<p><strong>Caracter\u00edsticas del producto:<\/strong><\/p>\n<p>\u00e2-\u00aa\u00ef\u00b8 Gema de cuarzo rosa aut\u00e9ntica<\/p>\n<p>\u00e2-\u00aa\u00ef\u00b8 Forma de lingam para mejorar la creatividad<\/p>\n<p>\u00e2-\u00aa\u00ef\u00b8 Acabado pulido y suave<\/p>\n<p>\u00e2-\u00aa\u00ef\u00b8 Cadena ba\u00f1ada en plata (aprox. 170mm de largo) y gema&nbsp;<\/p>\n<p>\u00e2-\u00aa\u00ef\u00b8 Lote de 3 al por mayor<\/p>\n<p><strong>Potencie a sus clientes para que cultiven el amor propio, atraigan relaciones sanas e irradien compasi\u00f3n<\/strong>. A\u00f1ade P\u00e9ndulos Lingam de Cuarzo Rosa a tu inventario hoy mismo<\/strong> <\/p>\n<p>Potencia a tus clientes cultivando el amor propio, atrayendo relaciones sanas e irradiando compasi\u00f3n.<\/p>\n","protected":false},"excerpt":{"rendered":"<p>&nbsp;3x P\u00e9ndulos en forma de Lingam de Cuarzo Rosa Atrae a los clientes que buscan amor, compasi\u00f3n y una conexi\u00f3n poderosa con estos encantadores P\u00e9ndulos en forma de Lingam de Cuarzo Rosa. Cada p\u00e9ndulo presenta una gema de cuarzo rosa genuina, meticulosamente moldeada y pulida en forma de lingam. La forma de lingam simboliza la [&hellip;]<\/p>\n","protected":false},"featured_media":336483,"comment_status":"closed","ping_status":"open","template":"","meta":{"_angie_page":false},"product_brand":[],"product_cat":[25733,25748,14456,25225,19148,19079,25759],"product_tag":[],"class_list":{"0":"post-232898","1":"product","2":"type-product","3":"status-publish","4":"has-post-thumbnail","6":"product_cat-cuarzo","7":"product_cat-cuarzo-rosa","8":"product_cat-decoracion-hogar-y-jardin","9":"product_cat-gemas-y-minerales","10":"product_cat-inspiraciones","11":"product_cat-pendulos-y-colgantes","12":"product_cat-shiva-lingam","13":"pa_collection-gemstone-magic-pendulums-es","14":"pa_made-in-india","16":"first","17":"instock","18":"purchasable","19":"product-type-simple"},"supplier_id":null,"supplier_sku":"GemMP-33","barcode":null,"atum_controlled":true,"out_stock_date":null,"out_stock_threshold":null,"inheritable":false,"inbound_stock":null,"stock_on_hold":0,"sold_today":0,"sales_last_days":0,"reserved_stock":null,"customer_returns":null,"warehouse_damage":null,"lost_in_post":null,"other_logs":null,"out_stock_days":0,"lost_sales":0,"has_location":null,"update_date":"2026-04-27T07:05:23","atum_locations":[],"atum_stock_status":"instock","restock_status":false,"low_stock_amount":"","sales_update_date":"2026-01-30T01:26:04","calc_backorders":null,"_links":{"self":[{"href":"https:\/\/aromasentia.com\/es\/wp-json\/wp\/v2\/product\/232898","targetHints":{"allow":["GET"]}}],"collection":[{"href":"https:\/\/aromasentia.com\/es\/wp-json\/wp\/v2\/product"}],"about":[{"href":"https:\/\/aromasentia.com\/es\/wp-json\/wp\/v2\/types\/product"}],"replies":[{"embeddable":true,"href":"https:\/\/aromasentia.com\/es\/wp-json\/wp\/v2\/comments?post=232898"}],"version-history":[{"count":0,"href":"https:\/\/aromasentia.com\/es\/wp-json\/wp\/v2\/product\/232898\/revisions"}],"wp:featuredmedia":[{"embeddable":true,"href":"https:\/\/aromasentia.com\/es\/wp-json\/wp\/v2\/media\/336483"}],"wp:attachment":[{"href":"https:\/\/aromasentia.com\/es\/wp-json\/wp\/v2\/media?parent=232898"}],"wp:term":[{"taxonomy":"product_brand","embeddable":true,"href":"https:\/\/aromasentia.com\/es\/wp-json\/wp\/v2\/product_brand?post=232898"},{"taxonomy":"product_cat","embeddable":true,"href":"https:\/\/aromasentia.com\/es\/wp-json\/wp\/v2\/product_cat?post=232898"},{"taxonomy":"product_tag","embeddable":true,"href":"https:\/\/aromasentia.com\/es\/wp-json\/wp\/v2\/product_tag?post=232898"}],"curies":[{"name":"wp","href":"https:\/\/api.w.org\/{rel}","templated":true}]}}