{"id":232890,"date":"2025-03-22T13:29:50","date_gmt":"2025-03-22T13:29:50","guid":{"rendered":"https:\/\/aromasentia.com\/product\/lingam-shaped-gemstone-pendulum-amethyst\/"},"modified":"2025-12-30T21:41:33","modified_gmt":"2025-12-30T21:41:33","slug":"pendulo-magico-amatista","status":"publish","type":"product","link":"https:\/\/aromasentia.com\/es\/pendulo-magico-amatista\/","title":{"rendered":"Pendulo Magico &#8211; Amatista"},"content":{"rendered":"<h6><strong><span style=\"color: rgb(147, 101, 184);\">&nbsp;3x P\u00e9ndulos en forma de Lingam de Amatista<\/span><\/strong><\/h6>\n<p>Atrae a los clientes que buscan el fortalecimiento espiritual y el flujo creativo con estos hermosos <strong>P\u00e9ndulos Lingam de Amatista<\/strong>.<\/strong><\/p>\n<p>Cada p\u00e9ndulo presenta una <strong>&#038;nbsppiedra preciosa amatista genuina<\/strong>, meticulosamente moldeada y pulida en forma de lingam. <strong>La forma de lingam simboliza la energ\u00eda masculina y se cree que potencia la creatividad,<\/strong> mientras que la propia piedra preciosa amatista es conocida por su asociaci\u00f3n con <strong>la curaci\u00f3n, la conciencia espiritual y la intuici\u00f3n.<\/strong><\/p>\n<p><strong>Caracter\u00edsticas del producto:<\/strong><\/p>\n<p>\u00e2-\u00aa\u00ef\u00b8 Gema de amatista genuina<\/p>\n<p>\u00e2-\u00aa\u00ef\u00b8 Forma de lingam para mejorar la creatividad<\/p>\n<p>\u00e2-\u00aa\u00ef\u00b8 Acabado liso y pulido<\/p>\n<p>\u00e2-\u00aa\u00ef\u00b8 Cadena plateada (aprox. 170mm de largo) y cuenta de gema&nbsp;<\/p>\n<p>\u00e2-\u00aa\u00ef\u00b8 Lote de 3 al por mayor<\/p>\n<p><strong>Potencie a sus clientes en su viaje espiritual y encienda su creatividad. A\u00f1ade P\u00e9ndulos Lingam de Amatista a tu inventario hoy mismo<\/strong> <\/p>\n<p><strong>Empodera a tus clientes en su viaje espiritual y enciende su creatividad<\/strong>.<\/p>\n","protected":false},"excerpt":{"rendered":"<p>&nbsp;3x P\u00e9ndulos en forma de Lingam de Amatista Atrae a los clientes que buscan el fortalecimiento espiritual y el flujo creativo con estos hermosos P\u00e9ndulos Lingam de Amatista. Cada p\u00e9ndulo presenta una &#038;nbsppiedra preciosa amatista genuina, meticulosamente moldeada y pulida en forma de lingam. La forma de lingam simboliza la energ\u00eda masculina y se cree [&hellip;]<\/p>\n","protected":false},"featured_media":336449,"comment_status":"closed","ping_status":"open","template":"","meta":{"_angie_page":false},"product_brand":[],"product_cat":[25549,14456,25225,19148,19079,25759],"product_tag":[],"class_list":{"0":"post-232890","1":"product","2":"type-product","3":"status-publish","4":"has-post-thumbnail","6":"product_cat-amatista","7":"product_cat-decoracion-hogar-y-jardin","8":"product_cat-gemas-y-minerales","9":"product_cat-inspiraciones","10":"product_cat-pendulos-y-colgantes","11":"product_cat-shiva-lingam","12":"pa_collection-gemstone-magic-pendulums-es","13":"pa_made-in-india","15":"first","16":"instock","17":"purchasable","18":"product-type-simple"},"supplier_id":null,"supplier_sku":"GemMP-31","barcode":null,"atum_controlled":true,"out_stock_date":null,"out_stock_threshold":null,"inheritable":false,"inbound_stock":null,"stock_on_hold":0,"sold_today":0,"sales_last_days":0,"reserved_stock":null,"customer_returns":null,"warehouse_damage":null,"lost_in_post":null,"other_logs":null,"out_stock_days":0,"lost_sales":0,"has_location":null,"update_date":"2026-05-04T00:03:55","atum_locations":[],"atum_stock_status":"instock","restock_status":false,"low_stock_amount":"","sales_update_date":"2026-01-30T01:24:56","calc_backorders":null,"_links":{"self":[{"href":"https:\/\/aromasentia.com\/es\/wp-json\/wp\/v2\/product\/232890","targetHints":{"allow":["GET"]}}],"collection":[{"href":"https:\/\/aromasentia.com\/es\/wp-json\/wp\/v2\/product"}],"about":[{"href":"https:\/\/aromasentia.com\/es\/wp-json\/wp\/v2\/types\/product"}],"replies":[{"embeddable":true,"href":"https:\/\/aromasentia.com\/es\/wp-json\/wp\/v2\/comments?post=232890"}],"version-history":[{"count":0,"href":"https:\/\/aromasentia.com\/es\/wp-json\/wp\/v2\/product\/232890\/revisions"}],"wp:featuredmedia":[{"embeddable":true,"href":"https:\/\/aromasentia.com\/es\/wp-json\/wp\/v2\/media\/336449"}],"wp:attachment":[{"href":"https:\/\/aromasentia.com\/es\/wp-json\/wp\/v2\/media?parent=232890"}],"wp:term":[{"taxonomy":"product_brand","embeddable":true,"href":"https:\/\/aromasentia.com\/es\/wp-json\/wp\/v2\/product_brand?post=232890"},{"taxonomy":"product_cat","embeddable":true,"href":"https:\/\/aromasentia.com\/es\/wp-json\/wp\/v2\/product_cat?post=232890"},{"taxonomy":"product_tag","embeddable":true,"href":"https:\/\/aromasentia.com\/es\/wp-json\/wp\/v2\/product_tag?post=232890"}],"curies":[{"name":"wp","href":"https:\/\/api.w.org\/{rel}","templated":true}]}}