{"id":232866,"date":"2025-03-22T13:29:58","date_gmt":"2025-03-22T13:29:58","guid":{"rendered":"https:\/\/aromasentia.com\/product\/three-inch-lingam-1-stone\/"},"modified":"2025-12-30T21:41:25","modified_gmt":"2025-12-30T21:41:25","slug":"lingam-de-tres-pulgadas-1-piedra","status":"publish","type":"product","link":"https:\/\/aromasentia.com\/es\/lingam-de-tres-pulgadas-1-piedra\/","title":{"rendered":"Lingam de tres pulgadas &#8211; 1 piedra"},"content":{"rendered":"<p><strong>Estas piedras est\u00e1n hechas de cuarzo criptocristalino<\/strong> y la leyenda dice que se formaron cuando un meteorito cay\u00f3 a la tierra hace varios millones de a\u00f1os. Se cree que el movimiento natural del r\u00edo ayuda a crear el huevo o la forma ovalada de las piedras. Solo se re\u00fanen un d\u00eda al a\u00f1o y se pulen a mano para darles una superficie suave y brillante. Se dice que las piedras Lingam tienen una de las tasas de vibraci\u00f3n de frecuencia m\u00e1s altas de todas las piedras en la tierra. Emanan una vibraci\u00f3n que purificar\u00e1 tu espacio sagrado. La forma de la piedra representa la energ\u00eda masculina (conocimiento) y las marcas, que difieren mucho de una piedra a otra, representan la energ\u00eda femenina (Sabidur\u00eda). El Shiva Lingam tambi\u00e9n representa la armon\u00eda y el equilibrio y facilita la uni\u00f3n de los opuestos, como lo masculino y lo femenino o el cuerpo y el alma. Es excelente para la curaci\u00f3n sexual. Una tradici\u00f3n milenaria dice que estas piedras pueden aumentar el poder y la resistencia sexual masculina de maneras inimaginables, por lo que debe usarlas de manera responsable.<\/p>\n<p><strong>Nota: Tenga en cuenta que las medidas son aproximadas, pueden variar de lote a lote. &nbsp;<\/strong><\/p>\n","protected":false},"excerpt":{"rendered":"<p>Estas piedras est\u00e1n hechas de cuarzo criptocristalino y la leyenda dice que se formaron cuando un meteorito cay\u00f3 a la tierra hace varios millones de a\u00f1os. Se cree que el movimiento natural del r\u00edo ayuda a crear el huevo o la forma ovalada de las piedras. Solo se re\u00fanen un d\u00eda al a\u00f1o y se [&hellip;]<\/p>\n","protected":false},"featured_media":338830,"comment_status":"closed","ping_status":"open","template":"","meta":{"_angie_page":false},"product_brand":[],"product_cat":[25225,18946,17274,25759],"product_tag":[],"class_list":{"0":"post-232866","1":"product","2":"type-product","3":"status-publish","4":"has-post-thumbnail","6":"product_cat-gemas-y-minerales","7":"product_cat-piedras-naturales","8":"product_cat-regalos-esotericos","9":"product_cat-shiva-lingam","10":"pa_collection-shiva-lingam-stones-es","11":"pa_made-in-india","13":"first","14":"instock","15":"purchasable","16":"product-type-simple"},"supplier_id":null,"supplier_sku":"Ling-03","barcode":null,"atum_controlled":true,"out_stock_date":null,"out_stock_threshold":null,"inheritable":false,"inbound_stock":null,"stock_on_hold":0,"sold_today":0,"sales_last_days":0,"reserved_stock":null,"customer_returns":null,"warehouse_damage":null,"lost_in_post":null,"other_logs":null,"out_stock_days":0,"lost_sales":0,"has_location":null,"update_date":"2026-04-27T07:11:14","atum_locations":[],"atum_stock_status":"instock","restock_status":false,"low_stock_amount":"","sales_update_date":"2026-01-30T01:25:00","calc_backorders":null,"_links":{"self":[{"href":"https:\/\/aromasentia.com\/es\/wp-json\/wp\/v2\/product\/232866","targetHints":{"allow":["GET"]}}],"collection":[{"href":"https:\/\/aromasentia.com\/es\/wp-json\/wp\/v2\/product"}],"about":[{"href":"https:\/\/aromasentia.com\/es\/wp-json\/wp\/v2\/types\/product"}],"replies":[{"embeddable":true,"href":"https:\/\/aromasentia.com\/es\/wp-json\/wp\/v2\/comments?post=232866"}],"version-history":[{"count":0,"href":"https:\/\/aromasentia.com\/es\/wp-json\/wp\/v2\/product\/232866\/revisions"}],"wp:featuredmedia":[{"embeddable":true,"href":"https:\/\/aromasentia.com\/es\/wp-json\/wp\/v2\/media\/338830"}],"wp:attachment":[{"href":"https:\/\/aromasentia.com\/es\/wp-json\/wp\/v2\/media?parent=232866"}],"wp:term":[{"taxonomy":"product_brand","embeddable":true,"href":"https:\/\/aromasentia.com\/es\/wp-json\/wp\/v2\/product_brand?post=232866"},{"taxonomy":"product_cat","embeddable":true,"href":"https:\/\/aromasentia.com\/es\/wp-json\/wp\/v2\/product_cat?post=232866"},{"taxonomy":"product_tag","embeddable":true,"href":"https:\/\/aromasentia.com\/es\/wp-json\/wp\/v2\/product_tag?post=232866"}],"curies":[{"name":"wp","href":"https:\/\/api.w.org\/{rel}","templated":true}]}}