{"id":232354,"date":"2025-03-22T13:30:13","date_gmt":"2025-03-22T13:30:13","guid":{"rendered":"https:\/\/aromasentia.com\/product\/gemstone-tree-with-organite-base-320-stone-moss-agate\/"},"modified":"2025-12-30T21:39:48","modified_gmt":"2025-12-30T21:39:48","slug":"gemstone-tree-with-organite-base-320-stone-moss-agate","status":"publish","type":"product","link":"https:\/\/aromasentia.com\/es\/gemstone-tree-with-organite-base-320-stone-moss-agate\/","title":{"rendered":"Gemstone Tree with Organite Base &#8211; 320 Stone &#8211; Moss Agate"},"content":{"rendered":"<p>Entre en un mundo de belleza natural y energ\u00eda enraizadora con un <strong>\u00c1rbol de Gemas de \u00c1gata Musgo con Base de Orgonita<\/strong>, adornado con <strong>320 exquisitas piedras de \u00e1gata musgo<\/strong>. Esta extraordinaria creaci\u00f3n combina el encanto de un \u00e1rbol de piedras preciosas con las propiedades equilibrantes de la orgonita, dando como resultado una pieza cautivadora que armoniza tanto la est\u00e9tica como la energ\u00eda.<\/p>\n<p><strong>El \u00e1gata musgosa<\/strong> es conocida por sus propiedades estabilizadoras y de enraizamiento, conect\u00e1ndonos con la energ\u00eda curativa de la tierra. Sus suaves vibraciones promueven el crecimiento, la abundancia y una profunda sensaci\u00f3n de tranquilidad. <\/p>\n<p>Lo que distingue a este \u00e1rbol de piedras preciosas es su magn\u00edfica base piramidal de <strong>orgonita<\/strong>, rellena de los mismos cristales naturales de \u00e1gata musgosa que el \u00e1rbol, lo que permite una perfecta integraci\u00f3n de energ\u00edas. La orgonita es conocida por su capacidad para equilibrar y mejorar el flujo de energ\u00eda, por lo que es el complemento perfecto para el \u00e1rbol de piedras preciosas.<\/p>\n<p>Ya sea para usted, un ser querido o un cliente valioso, este \u00e1rbol simboliza el crecimiento, la estabilidad y una profunda conexi\u00f3n con la tierra.<\/p>\n<p>Permita que las vibraciones tranquilas infundan su espacio con el equilibrio, la abundancia y un profundo sentido de serenidad.<\/p>\n<p>La orgonita es conocida por su capacidad para equilibrar y mejorar el flujo de energ\u00eda, por lo que es el complemento perfecto para el \u00e1rbol de piedras preciosas.<\/p>\n","protected":false},"excerpt":{"rendered":"<p>Entre en un mundo de belleza natural y energ\u00eda enraizadora con un \u00c1rbol de Gemas de \u00c1gata Musgo con Base de Orgonita, adornado con 320 exquisitas piedras de \u00e1gata musgo. Esta extraordinaria creaci\u00f3n combina el encanto de un \u00e1rbol de piedras preciosas con las propiedades equilibrantes de la orgonita, dando como resultado una pieza cautivadora [&hellip;]<\/p>\n","protected":false},"featured_media":342559,"comment_status":"closed","ping_status":"open","template":"","meta":{"_angie_page":false},"product_brand":[],"product_cat":[25541,14456,25225,19195],"product_tag":[],"class_list":{"0":"post-232354","1":"product","2":"type-product","3":"status-publish","4":"has-post-thumbnail","6":"product_cat-agata","7":"product_cat-decoracion-hogar-y-jardin","8":"product_cat-gemas-y-minerales","9":"product_cat-orgonita","10":"pa_collection-gemstone-trees-with-orgonite-base-es","11":"pa_made-in-india","13":"first","14":"instock","15":"purchasable","16":"product-type-simple"},"supplier_id":null,"supplier_sku":"OGemT-12","barcode":null,"atum_controlled":true,"out_stock_date":null,"out_stock_threshold":null,"inheritable":false,"inbound_stock":null,"stock_on_hold":0,"sold_today":0,"sales_last_days":0,"reserved_stock":null,"customer_returns":null,"warehouse_damage":null,"lost_in_post":null,"other_logs":null,"out_stock_days":0,"lost_sales":0,"has_location":null,"update_date":"2026-04-27T07:16:35","atum_locations":[],"atum_stock_status":"instock","restock_status":false,"low_stock_amount":"","sales_update_date":"2026-02-06T00:00:46","calc_backorders":null,"_links":{"self":[{"href":"https:\/\/aromasentia.com\/es\/wp-json\/wp\/v2\/product\/232354","targetHints":{"allow":["GET"]}}],"collection":[{"href":"https:\/\/aromasentia.com\/es\/wp-json\/wp\/v2\/product"}],"about":[{"href":"https:\/\/aromasentia.com\/es\/wp-json\/wp\/v2\/types\/product"}],"replies":[{"embeddable":true,"href":"https:\/\/aromasentia.com\/es\/wp-json\/wp\/v2\/comments?post=232354"}],"version-history":[{"count":0,"href":"https:\/\/aromasentia.com\/es\/wp-json\/wp\/v2\/product\/232354\/revisions"}],"wp:featuredmedia":[{"embeddable":true,"href":"https:\/\/aromasentia.com\/es\/wp-json\/wp\/v2\/media\/342559"}],"wp:attachment":[{"href":"https:\/\/aromasentia.com\/es\/wp-json\/wp\/v2\/media?parent=232354"}],"wp:term":[{"taxonomy":"product_brand","embeddable":true,"href":"https:\/\/aromasentia.com\/es\/wp-json\/wp\/v2\/product_brand?post=232354"},{"taxonomy":"product_cat","embeddable":true,"href":"https:\/\/aromasentia.com\/es\/wp-json\/wp\/v2\/product_cat?post=232354"},{"taxonomy":"product_tag","embeddable":true,"href":"https:\/\/aromasentia.com\/es\/wp-json\/wp\/v2\/product_tag?post=232354"}],"curies":[{"name":"wp","href":"https:\/\/api.w.org\/{rel}","templated":true}]}}