{"id":232238,"date":"2025-03-22T13:30:22","date_gmt":"2025-03-22T13:30:22","guid":{"rendered":"https:\/\/aromasentia.com\/product\/runes-stone-set-in-pouch-red-aventurine\/"},"modified":"2025-12-30T21:39:24","modified_gmt":"2025-12-30T21:39:24","slug":"juego-de-runa-de-la-india-en-bolsas-aventurina-roja","status":"publish","type":"product","link":"https:\/\/aromasentia.com\/es\/juego-de-runa-de-la-india-en-bolsas-aventurina-roja\/","title":{"rendered":"juego de Runa de la India en bolsas &#8211; Aventurina Roja"},"content":{"rendered":"<p>En Aroma Sentia Espa\u00f1a somos mayoristas de piedras Runa. Las piedras r\u00fanicas son uno de los verdaderos misterios de los mundos m\u00edsticos. Nadie puede estar seguro exactamente de d\u00f3nde vinieron ni cu\u00e1ndo. Hay muchas teor\u00edas sobre el tema, pero algunos creen que fueron utilizados por primera vez entre el 2000 a. C. y el 100 d. C. por tribus como los godos y otras tribus germ\u00e1nicas.&nbsp;<\/p>\n<p>Cada conjunto de runas indias incluye 25 piedras: 24 con un s\u00edmbolo de runa y una sin \u00e9l.<\/p>\n<p>Fehu (\u16a0): &nbsp;Representa el ganado, la riqueza y la prosperidad material. Asociado con el \u00e9xito financiero y la abundancia.<\/p>\n<p>&nbsp;Uruz (\u16a2) : Significa fuerza, vitalidad y energ\u00eda. Representa resistencia y superaci\u00f3n de desaf\u00edos.&nbsp;<\/p>\n<p>Thurisaz (\u16a6): Se relaciona con la fuerza, la protecci\u00f3n y la resistencia. Puede indicar un per\u00edodo de transici\u00f3n o desaf\u00edos.&nbsp;<\/p>\n<p>Ansuz (\u16a8):&nbsp;Representa la comunicaci\u00f3n, la sabidur\u00eda y el conocimiento divino.&nbsp;Asociado con la inspiraci\u00f3n y la gu\u00eda espiritual.<\/p>\n<p>&nbsp;Raido (\u16b1): &nbsp;Significa viaje, recorrido y movimiento. Puede representar un viaje f\u00edsico o espiritual.&nbsp;<\/p>\n<p>Kenaz (\u16b2) : Asociado con la iluminaci\u00f3n, la creatividad y la transformaci\u00f3n. Indica un momento favorable para el aprendizaje.&nbsp;<\/p>\n<p>Gebo (\u16b7): &nbsp;Representa asociaciones, uni\u00f3n e intercambios equitativos. Simboliza la reciprocidad y el dar y recibir.&nbsp;<\/p>\n<p>Wunjo (\u16b9):&nbsp;Se relaciona con la alegr\u00eda, la armon\u00eda y la prosperidad.&nbsp;Indica el cumplimiento de deseos y alegr\u00edas compartidas.<\/p>\n<p>&nbsp;Estos son s\u00f3lo algunos ejemplos, y el significado exacto de las runas puede variar seg\u00fan la tradici\u00f3n y la interpretaci\u00f3n. Mucha gente usa runas en pr\u00e1cticas de adivinaci\u00f3n, como la fundici\u00f3n de runas, para obtener informaci\u00f3n sobre el futuro o gu\u00eda espiritual. Recuerda que entender las runas va m\u00e1s all\u00e1 del simple significado individual de cada s\u00edmbolo; La combinaci\u00f3n y disposici\u00f3n de las runas tambi\u00e9n juega un papel crucial en la interpretaci\u00f3n.<\/p>\n","protected":false},"excerpt":{"rendered":"<p>En Aroma Sentia Espa\u00f1a somos mayoristas de piedras Runa. Las piedras r\u00fanicas son uno de los verdaderos misterios de los mundos m\u00edsticos. Nadie puede estar seguro exactamente de d\u00f3nde vinieron ni cu\u00e1ndo. Hay muchas teor\u00edas sobre el tema, pero algunos creen que fueron utilizados por primera vez entre el 2000 a. C. y el 100 [&hellip;]<\/p>\n","protected":false},"featured_media":344366,"comment_status":"closed","ping_status":"open","template":"","meta":{"_angie_page":false},"product_brand":[],"product_cat":[25563,14456,25225,19148,19079],"product_tag":[],"class_list":{"0":"post-232238","1":"product","2":"type-product","3":"status-publish","4":"has-post-thumbnail","6":"product_cat-aventurina","7":"product_cat-decoracion-hogar-y-jardin","8":"product_cat-gemas-y-minerales","9":"product_cat-inspiraciones","10":"product_cat-pendulos-y-colgantes","11":"pa_collection-indian-rune-sets-in-pouches-es","12":"pa_made-in-india","14":"first","15":"instock","16":"purchasable","17":"product-type-simple"},"supplier_id":null,"supplier_sku":"Rune-39","barcode":null,"atum_controlled":true,"out_stock_date":null,"out_stock_threshold":null,"inheritable":false,"inbound_stock":null,"stock_on_hold":0,"sold_today":0,"sales_last_days":0,"reserved_stock":null,"customer_returns":null,"warehouse_damage":null,"lost_in_post":null,"other_logs":null,"out_stock_days":0,"lost_sales":0,"has_location":null,"update_date":"2026-04-27T07:20:05","atum_locations":[],"atum_stock_status":"instock","restock_status":false,"low_stock_amount":"","sales_update_date":"2026-01-20T05:14:06","calc_backorders":null,"_links":{"self":[{"href":"https:\/\/aromasentia.com\/es\/wp-json\/wp\/v2\/product\/232238","targetHints":{"allow":["GET"]}}],"collection":[{"href":"https:\/\/aromasentia.com\/es\/wp-json\/wp\/v2\/product"}],"about":[{"href":"https:\/\/aromasentia.com\/es\/wp-json\/wp\/v2\/types\/product"}],"replies":[{"embeddable":true,"href":"https:\/\/aromasentia.com\/es\/wp-json\/wp\/v2\/comments?post=232238"}],"version-history":[{"count":0,"href":"https:\/\/aromasentia.com\/es\/wp-json\/wp\/v2\/product\/232238\/revisions"}],"wp:featuredmedia":[{"embeddable":true,"href":"https:\/\/aromasentia.com\/es\/wp-json\/wp\/v2\/media\/344366"}],"wp:attachment":[{"href":"https:\/\/aromasentia.com\/es\/wp-json\/wp\/v2\/media?parent=232238"}],"wp:term":[{"taxonomy":"product_brand","embeddable":true,"href":"https:\/\/aromasentia.com\/es\/wp-json\/wp\/v2\/product_brand?post=232238"},{"taxonomy":"product_cat","embeddable":true,"href":"https:\/\/aromasentia.com\/es\/wp-json\/wp\/v2\/product_cat?post=232238"},{"taxonomy":"product_tag","embeddable":true,"href":"https:\/\/aromasentia.com\/es\/wp-json\/wp\/v2\/product_tag?post=232238"}],"curies":[{"name":"wp","href":"https:\/\/api.w.org\/{rel}","templated":true}]}}