{"id":232054,"date":"2025-03-22T13:30:31","date_gmt":"2025-03-22T13:30:31","guid":{"rendered":"https:\/\/aromasentia.com\/product\/selenite-ritual-knife-chakra\/"},"modified":"2025-12-30T21:38:51","modified_gmt":"2025-12-30T21:38:51","slug":"cuchillo-ritual-selenita-chakra","status":"publish","type":"product","link":"https:\/\/aromasentia.com\/es\/cuchillo-ritual-selenita-chakra\/","title":{"rendered":"Cuchillo Ritual Selenita &#8211; Chakra"},"content":{"rendered":"<p><strong>Cuchillos Ceremoniales de Selenita al por mayor<\/strong> son perfectos para todas las tiendas esot\u00e9ricas. Hechos y grabados a mano, estos cuchillos ceremoniales son magn\u00edficos y tambi\u00e9n ser\u00e1n perfectos como objeto decorativo, ya sea en casa o en una oficina.<\/p>\n<p>Estos objetos son a la vez decorativos, pero tienen un fuerte significado esot\u00e9rico. Los cuchillos de selenita pueden cortar los lazos negativos, ya sea con otra persona, una situaci\u00f3n o un lugar, simb\u00f3licamente cortan estos lazos que nos impiden avanzar.&nbsp;<\/p>\n<p>Si usted ya ofrece art\u00edculos de selenita, entonces no tendr\u00e1 problemas para vender estos cuchillos ceremoniales de selenita.<\/p>\n<p><span class=\"fr-video fr-deletable fr-fvc fr-dvb fr-draggable fr-active\" contenteditable=\"false\" draggable=\"true\"><iframe loading=\"lazy\" width=\"640\" height=\"360\" src=\"https:\/\/www.youtube.com\/embed\/L8dNu8RUDE8?autoplay=1&#038;wmode=opaque&#038;rel=0\" frameborder=\"0\" allowfullscreen=\"\" class=\"fr-draggable\"><\/iframe><\/span><\/p>\n<p><\/p>\n<p><\/p>\n<p><\/p>\n<p><\/p>\n<p><\/p>\n<p><\/p>\n","protected":false},"excerpt":{"rendered":"<p>Cuchillos Ceremoniales de Selenita al por mayor son perfectos para todas las tiendas esot\u00e9ricas. Hechos y grabados a mano, estos cuchillos ceremoniales son magn\u00edficos y tambi\u00e9n ser\u00e1n perfectos como objeto decorativo, ya sea en casa o en una oficina. Estos objetos son a la vez decorativos, pero tienen un fuerte significado esot\u00e9rico. Los cuchillos de [&hellip;]<\/p>\n","protected":false},"featured_media":345780,"comment_status":"closed","ping_status":"open","template":"","meta":{"_angie_page":false},"product_brand":[],"product_cat":[25225,17274,19119],"product_tag":[],"class_list":{"0":"post-232054","1":"product","2":"type-product","3":"status-publish","4":"has-post-thumbnail","6":"product_cat-gemas-y-minerales","7":"product_cat-regalos-esotericos","8":"product_cat-selenita","9":"pa_collection-selenite-ritual-knife-es","10":"pa_made-in-marruecos","12":"first","13":"instock","14":"purchasable","15":"product-type-simple"},"supplier_id":null,"supplier_sku":"SelK-01","barcode":null,"atum_controlled":true,"out_stock_date":null,"out_stock_threshold":null,"inheritable":false,"inbound_stock":null,"stock_on_hold":0,"sold_today":0,"sales_last_days":0,"reserved_stock":null,"customer_returns":null,"warehouse_damage":null,"lost_in_post":null,"other_logs":null,"out_stock_days":0,"lost_sales":0,"has_location":null,"update_date":"2026-04-27T07:20:54","atum_locations":[],"atum_stock_status":"instock","restock_status":false,"low_stock_amount":"","sales_update_date":"2026-02-06T00:02:26","calc_backorders":null,"_links":{"self":[{"href":"https:\/\/aromasentia.com\/es\/wp-json\/wp\/v2\/product\/232054","targetHints":{"allow":["GET"]}}],"collection":[{"href":"https:\/\/aromasentia.com\/es\/wp-json\/wp\/v2\/product"}],"about":[{"href":"https:\/\/aromasentia.com\/es\/wp-json\/wp\/v2\/types\/product"}],"replies":[{"embeddable":true,"href":"https:\/\/aromasentia.com\/es\/wp-json\/wp\/v2\/comments?post=232054"}],"version-history":[{"count":0,"href":"https:\/\/aromasentia.com\/es\/wp-json\/wp\/v2\/product\/232054\/revisions"}],"wp:featuredmedia":[{"embeddable":true,"href":"https:\/\/aromasentia.com\/es\/wp-json\/wp\/v2\/media\/345780"}],"wp:attachment":[{"href":"https:\/\/aromasentia.com\/es\/wp-json\/wp\/v2\/media?parent=232054"}],"wp:term":[{"taxonomy":"product_brand","embeddable":true,"href":"https:\/\/aromasentia.com\/es\/wp-json\/wp\/v2\/product_brand?post=232054"},{"taxonomy":"product_cat","embeddable":true,"href":"https:\/\/aromasentia.com\/es\/wp-json\/wp\/v2\/product_cat?post=232054"},{"taxonomy":"product_tag","embeddable":true,"href":"https:\/\/aromasentia.com\/es\/wp-json\/wp\/v2\/product_tag?post=232054"}],"curies":[{"name":"wp","href":"https:\/\/api.w.org\/{rel}","templated":true}]}}